{"id":1639,"date":"2021-03-10T14:48:02","date_gmt":"2021-03-10T13:48:02","guid":{"rendered":"https:\/\/www.transport-logistics.be\/comment-promouvoir-ma-participation\/"},"modified":"2025-08-06T10:13:38","modified_gmt":"2025-08-06T08:13:38","slug":"comment-promouvoir-ma-participation","status":"publish","type":"page","link":"https:\/\/www.transport-logistics.be\/fr\/comment-promouvoir-ma-participation\/","title":{"rendered":"Comment promouvoir ma participation ?"},"content":{"rendered":"\t\t<div data-elementor-type=\"wp-page\" data-elementor-id=\"1639\" class=\"elementor elementor-1639 elementor-223\" data-elementor-post-type=\"page\">\n\t\t\t\t<div class=\"elementor-element elementor-element-e4e3d73 e-con-full e-flex e-con e-parent\" data-id=\"e4e3d73\" data-element_type=\"container\" data-settings=\"{&quot;background_background&quot;:&quot;classic&quot;}\">\n\t\t<div class=\"elementor-element elementor-element-525c02e e-flex e-con-boxed e-con e-child\" data-id=\"525c02e\" data-element_type=\"container\">\n\t\t\t\t\t<div class=\"e-con-inner\">\n\t\t<div class=\"elementor-element elementor-element-5094a15 e-flex e-con-boxed e-con e-child\" data-id=\"5094a15\" data-element_type=\"container\" data-settings=\"{&quot;background_background&quot;:&quot;classic&quot;}\">\n\t\t\t\t\t<div class=\"e-con-inner\">\n\t\t<div class=\"elementor-element elementor-element-9f29f4b e-con-full e-flex e-con e-child\" data-id=\"9f29f4b\" data-element_type=\"container\">\n\t\t\t\t<div class=\"elementor-element elementor-element-a2ba2ad elementor-widget elementor-widget-heading\" data-id=\"a2ba2ad\" data-element_type=\"widget\" data-widget_type=\"heading.default\">\n\t\t\t\t<div class=\"elementor-widget-container\">\n\t\t\t\t\t<h2 class=\"elementor-heading-title elementor-size-default\">Faites conna\u00eetre votre participation \u00e0 l'exposition !<\/h2>\t\t\t\t<\/div>\n\t\t\t\t<\/div>\n\t\t\t\t<div class=\"elementor-element elementor-element-d8a219c elementor-widget elementor-widget-text-editor\" data-id=\"d8a219c\" data-element_type=\"widget\" data-widget_type=\"text-editor.default\">\n\t\t\t\t<div class=\"elementor-widget-container\">\n\t\t\t\t\t\t\t\t\t<p><strong>F\u00e9licitations pour votre participation en tant qu&rsquo;exposant \u00e0 Transport &amp; Logistics Antwerp.<\/strong> Commencez \u00e0 temps \u00e0 faire conna\u00eetre votre participation. Il s&rsquo;agit d&rsquo;attirer <strong>le plus grand nombre possible de contacts potentiels et de visiteurs de qualit\u00e9 sur votre stand<\/strong>. En tant qu&rsquo;organisateurs, nous mettons tout en \u0153uvre pour vous y aider.<\/p>\n<p><strong>Voici quelques conseils !<\/strong><\/p>\n\t\t\t\t\t\t\t\t<\/div>\n\t\t\t\t<\/div>\n\t\t\t\t<\/div>\n\t\t<div class=\"elementor-element elementor-element-7c2b65b e-con-full e-flex e-con e-child\" data-id=\"7c2b65b\" data-element_type=\"container\" data-settings=\"{&quot;background_background&quot;:&quot;classic&quot;}\">\n\t\t\t\t<\/div>\n\t\t\t\t\t<\/div>\n\t\t\t\t<\/div>\n\t\t<div class=\"elementor-element elementor-element-676809a e-flex e-con-boxed e-con e-child\" data-id=\"676809a\" data-element_type=\"container\" data-settings=\"{&quot;background_background&quot;:&quot;classic&quot;}\">\n\t\t\t\t\t<div class=\"e-con-inner\">\n\t\t<div class=\"elementor-element elementor-element-7435328 e-con-full e-flex e-con e-child\" data-id=\"7435328\" data-element_type=\"container\" data-settings=\"{&quot;background_background&quot;:&quot;classic&quot;}\">\n\t\t\t\t<\/div>\n\t\t<div class=\"elementor-element elementor-element-0e5e543 e-con-full e-flex e-con e-child\" data-id=\"0e5e543\" data-element_type=\"container\">\n\t\t\t\t<div class=\"elementor-element elementor-element-cb3bb76 elementor-widget elementor-widget-heading\" data-id=\"cb3bb76\" data-element_type=\"widget\" data-widget_type=\"heading.default\">\n\t\t\t\t<div class=\"elementor-widget-container\">\n\t\t\t\t\t<h2 class=\"elementor-heading-title elementor-size-default\">TENTEZ DE GAGNER UNE R\u00c9DUCTION DE 7 500 \u20ac SUR VOTRE PROCHAINE PARTICIPATION<\/h2>\t\t\t\t<\/div>\n\t\t\t\t<\/div>\n\t\t\t\t<div class=\"elementor-element elementor-element-6869cb5 elementor-widget elementor-widget-text-editor\" data-id=\"6869cb5\" data-element_type=\"widget\" data-widget_type=\"text-editor.default\">\n\t\t\t\t<div class=\"elementor-widget-container\">\n\t\t\t\t\t\t\t\t\t<p>Pour c\u00e9l\u00e9brer cette \u00e9dition anniversaire, nous mettons nos exposants \u00e0 l&rsquo;honneur avec un concours exclusif. Activez votre r\u00e9seau, invitez vos clients et partenaires, et soyez r\u00e9compens\u00e9 !<\/p>\n<p><strong>Comment \u00e7a marche ?<\/strong><\/p>\n<p>Chaque exposant re\u00e7oit un lien d&rsquo;inscription unique, disponible dans My Easyfairs. Les visiteurs qui s&rsquo;inscrivent via votre lien et qui sont effectivement pr\u00e9sents au salon sont associ\u00e9s \u00e0 votre stand. \u00c0 la fin du salon, l&rsquo;exposant qui aura attir\u00e9 le plus grand nombre de visiteurs sera r\u00e9compens\u00e9.<\/p>\n<p><strong>Pourquoi participer ?<\/strong><\/p>\n<ul>\n<li>Une plus grande visibilit\u00e9 pendant et avant le salon.<\/li>\n<li>Une augmentation du nombre de visiteurs sur votre stand.<\/li>\n<li>Une belle r\u00e9duction sur votre prochaine participation.<\/li>\n<\/ul>\n<p><strong>Important<\/strong> : seuls les visiteurs qui s&rsquo;inscrivent via votre lien et qui sont physiquement pr\u00e9sents sont pris en compte.<\/p>\n<p>Saisissez cette opportunit\u00e9, diffusez le lien et rendez cette \u00e9dition anniversaire encore plus rentable !<\/p>\n\t\t\t\t\t\t\t\t<\/div>\n\t\t\t\t<\/div>\n\t\t\t\t<div class=\"elementor-element elementor-element-9281506 elementor-align-left elementor-widget elementor-widget-dynamic-button\" data-id=\"9281506\" data-element_type=\"widget\" data-widget_type=\"dynamic-button.default\">\n\t\t\t\t<div class=\"elementor-widget-container\">\n\t\t\t\t\t        <div class=\"elementor-button-wrapper\">\n            <a href=\"https:\/\/www.transport-logistics.be\/wp-content\/uploads\/sites\/239\/2025\/08\/TLA25_Wedstrijdregelement-Exhibitor-Activation-ENG.pdf\" class=\"elementor-button-link elementor-button elementor-size-sm\" role=\"button\">\n                        <span class=\"elementor-button-content-wrapper\">\n\t\t\t\t\t\t<span class=\"elementor-button-text\">Consultez le r\u00e8glement<\/span>\n\t\t<\/span>\n                    <\/a>\n        <\/div>\n        \t\t\t\t<\/div>\n\t\t\t\t<\/div>\n\t\t\t\t<\/div>\n\t\t\t\t\t<\/div>\n\t\t\t\t<\/div>\n\t\t<div class=\"elementor-element elementor-element-ea6bf9a e-flex e-con-boxed e-con e-child\" data-id=\"ea6bf9a\" data-element_type=\"container\" data-settings=\"{&quot;background_background&quot;:&quot;classic&quot;}\">\n\t\t\t\t\t<div class=\"e-con-inner\">\n\t\t<div class=\"elementor-element elementor-element-53c7f68 e-con-full e-flex e-con e-child\" data-id=\"53c7f68\" data-element_type=\"container\">\n\t\t\t\t<div class=\"elementor-element elementor-element-6f54bda elementor-widget elementor-widget-heading\" data-id=\"6f54bda\" data-element_type=\"widget\" data-widget_type=\"heading.default\">\n\t\t\t\t<div class=\"elementor-widget-container\">\n\t\t\t\t\t<h2 class=\"elementor-heading-title elementor-size-default\">POURQUOI INVITER VOS CLIENTS ?<\/h2>\t\t\t\t<\/div>\n\t\t\t\t<\/div>\n\t\t\t\t<div class=\"elementor-element elementor-element-38b0860 elementor-widget elementor-widget-text-editor\" data-id=\"38b0860\" data-element_type=\"widget\" data-widget_type=\"text-editor.default\">\n\t\t\t\t<div class=\"elementor-widget-container\">\n\t\t\t\t\t\t\t\t\t<p><strong>Vous restez pr\u00e9sent dans l&rsquo;esprit de votre communaut\u00e9.<\/strong><\/p>\n<p>Une occasion de pr\u00e9senter en d\u00e9tail vos nouveaux produits, services, etc. dans un environnement inspirant qui stimule vos relations. L&rsquo;occasion id\u00e9ale pour vos clients d&rsquo;acqu\u00e9rir du savoir-faire dans une ambiance d\u00e9tendue. Le cadre parfait pour que vos relations obtiennent plus d&rsquo;informations et passent des commandes.<\/p>\n<p>Votre rencontre biannuelle avec des clients que vous visitez habituellement un par un, retrouvez-les ici !<\/p>\n\t\t\t\t\t\t\t\t<\/div>\n\t\t\t\t<\/div>\n\t\t\t\t<div class=\"elementor-element elementor-element-77dc993 elementor-align-left elementor-widget elementor-widget-dynamic-button\" data-id=\"77dc993\" data-element_type=\"widget\" data-widget_type=\"dynamic-button.default\">\n\t\t\t\t<div class=\"elementor-widget-container\">\n\t\t\t\t\t        <div class=\"elementor-button-wrapper\">\n            <a href=\"https:\/\/www.transport-logistics.be\/fr\/logistic-industrial-build\/\" class=\"elementor-button-link elementor-button elementor-size-sm\" role=\"button\">\n                        <span class=\"elementor-button-content-wrapper\">\n\t\t\t\t\t\t<span class=\"elementor-button-text\">D\u00e9couvrez Logistic & Industrial Build<\/span>\n\t\t<\/span>\n                    <\/a>\n        <\/div>\n        \t\t\t\t<\/div>\n\t\t\t\t<\/div>\n\t\t\t\t<\/div>\n\t\t<div class=\"elementor-element elementor-element-532a1bb e-con-full e-flex e-con e-child\" data-id=\"532a1bb\" data-element_type=\"container\" data-settings=\"{&quot;background_background&quot;:&quot;classic&quot;}\">\n\t\t\t\t<\/div>\n\t\t\t\t\t<\/div>\n\t\t\t\t<\/div>\n\t\t<div class=\"elementor-element elementor-element-aa8b749 e-flex e-con-boxed e-con e-child\" data-id=\"aa8b749\" data-element_type=\"container\" data-settings=\"{&quot;background_background&quot;:&quot;classic&quot;}\">\n\t\t\t\t\t<div class=\"e-con-inner\">\n\t\t<div class=\"elementor-element elementor-element-0b2aec7 e-con-full e-flex e-con e-child\" data-id=\"0b2aec7\" data-element_type=\"container\" data-settings=\"{&quot;background_background&quot;:&quot;classic&quot;}\">\n\t\t\t\t<\/div>\n\t\t<div class=\"elementor-element elementor-element-b6a6382 e-con-full e-flex e-con e-child\" data-id=\"b6a6382\" data-element_type=\"container\">\n\t\t\t\t<div class=\"elementor-element elementor-element-e51500b elementor-widget elementor-widget-heading\" data-id=\"e51500b\" data-element_type=\"widget\" data-widget_type=\"heading.default\">\n\t\t\t\t<div class=\"elementor-widget-container\">\n\t\t\t\t\t<h2 class=\"elementor-heading-title elementor-size-default\">MAT\u00c9RIEL PROMOTIONNEL<\/h2>\t\t\t\t<\/div>\n\t\t\t\t<\/div>\n\t\t\t\t<div class=\"elementor-element elementor-element-13d1548 elementor-widget elementor-widget-text-editor\" data-id=\"13d1548\" data-element_type=\"widget\" data-widget_type=\"text-editor.default\">\n\t\t\t\t<div class=\"elementor-widget-container\">\n\t\t\t\t\t\t\t\t\t<p>Sur My Easyfairs, vous trouverez divers supports pr\u00eats \u00e0 l&#8217;emploi. Vous y trouverez le logo, des banni\u00e8res, des cartes d&rsquo;invitation&#8230; dans diff\u00e9rents formats. Utilisez-les dans vos actions marketing pr\u00e9vues en amont de votre participation au salon (tant sur support papier que num\u00e9rique). Vous pourrez ainsi faire conna\u00eetre votre participation via diff\u00e9rents canaux aupr\u00e8s d&rsquo;un public cible aussi large que possible.<\/p>\n<p>N&rsquo;oubliez pas d&rsquo;utiliser \u00e9galement vos r\u00e9seaux sociaux pour promouvoir votre participation !<\/p>\n\t\t\t\t\t\t\t\t<\/div>\n\t\t\t\t<\/div>\n\t\t\t\t<div class=\"elementor-element elementor-element-c12b8aa elementor-align-left elementor-widget elementor-widget-dynamic-button\" data-id=\"c12b8aa\" data-element_type=\"widget\" data-widget_type=\"dynamic-button.default\">\n\t\t\t\t<div class=\"elementor-widget-container\">\n\t\t\t\t\t        <div class=\"elementor-button-wrapper\">\n            <a href=\"https:\/\/my.easyfairs.com\/\" target=\"_blank\" class=\"elementor-button-link elementor-button elementor-size-sm\" role=\"button\">\n                        <span class=\"elementor-button-content-wrapper\">\n\t\t\t\t\t\t<span class=\"elementor-button-text\">D\u00e9couvrez My Easyfairs<\/span>\n\t\t<\/span>\n                    <\/a>\n        <\/div>\n        \t\t\t\t<\/div>\n\t\t\t\t<\/div>\n\t\t\t\t<\/div>\n\t\t\t\t\t<\/div>\n\t\t\t\t<\/div>\n\t\t<div class=\"elementor-element elementor-element-b2ca8fe e-con-full e-flex e-con e-child\" data-id=\"b2ca8fe\" data-element_type=\"container\" data-settings=\"{&quot;background_background&quot;:&quot;classic&quot;}\">\n\t\t<div class=\"elementor-element elementor-element-7c821c3 e-con-full e-flex e-con e-child\" data-id=\"7c821c3\" data-element_type=\"container\">\n\t\t\t\t<div class=\"elementor-element elementor-element-6e44b34 elementor-widget elementor-widget-heading\" data-id=\"6e44b34\" data-element_type=\"widget\" data-widget_type=\"heading.default\">\n\t\t\t\t<div class=\"elementor-widget-container\">\n\t\t\t\t\t<h2 class=\"elementor-heading-title elementor-size-default\">SOCIALE MEDIA<\/h2>\t\t\t\t<\/div>\n\t\t\t\t<\/div>\n\t\t\t\t<div class=\"elementor-element elementor-element-693e70f elementor-widget elementor-widget-text-editor\" data-id=\"693e70f\" data-element_type=\"widget\" data-widget_type=\"text-editor.default\">\n\t\t\t\t<div class=\"elementor-widget-container\">\n\t\t\t\t\t\t\t\t\t<p>N&rsquo;h\u00e9sitez pas \u00e0 utiliser vos canaux de m\u00e9dias sociaux pour promouvoir votre participation ! Si vous avez besoin de conseils sur la mani\u00e8re de proc\u00e9der, nous sommes toujours disponibles pour vous fournir une br\u00e8ve introduction \u201cmode d\u2019emploi\u201d. N\u2019oubliez pas de nous taguer afin que nous puissions repartager votre publication sur les canaux de Transport &amp; Logistics !<\/p>\n\t\t\t\t\t\t\t\t<\/div>\n\t\t\t\t<\/div>\n\t\t<div class=\"elementor-element elementor-element-f173122 e-con-full e-flex e-con e-child\" data-id=\"f173122\" data-element_type=\"container\">\n\t\t\t\t<div class=\"elementor-element elementor-element-4f7b37f elementor-view-default elementor-widget elementor-widget-icon\" data-id=\"4f7b37f\" data-element_type=\"widget\" data-widget_type=\"icon.default\">\n\t\t\t\t<div class=\"elementor-widget-container\">\n\t\t\t\t\t\t\t<div class=\"elementor-icon-wrapper\">\n\t\t\t<a class=\"elementor-icon\" href=\"https:\/\/www.linkedin.com\/showcase\/transportlogistics\/\">\n\t\t\t<i aria-hidden=\"true\" class=\"fab fa-linkedin\"><\/i>\t\t\t<\/a>\n\t\t<\/div>\n\t\t\t\t\t\t<\/div>\n\t\t\t\t<\/div>\n\t\t\t\t<div class=\"elementor-element elementor-element-f3a9f29 elementor-view-default elementor-widget elementor-widget-icon\" data-id=\"f3a9f29\" data-element_type=\"widget\" data-widget_type=\"icon.default\">\n\t\t\t\t<div class=\"elementor-widget-container\">\n\t\t\t\t\t\t\t<div class=\"elementor-icon-wrapper\">\n\t\t\t<a class=\"elementor-icon\" href=\"https:\/\/www.facebook.com\/TLABenelux\">\n\t\t\t<i aria-hidden=\"true\" class=\"fab fa-facebook-square\"><\/i>\t\t\t<\/a>\n\t\t<\/div>\n\t\t\t\t\t\t<\/div>\n\t\t\t\t<\/div>\n\t\t\t\t<div class=\"elementor-element elementor-element-e0167eb elementor-view-default elementor-widget elementor-widget-icon\" data-id=\"e0167eb\" data-element_type=\"widget\" data-widget_type=\"icon.default\">\n\t\t\t\t<div class=\"elementor-widget-container\">\n\t\t\t\t\t\t\t<div class=\"elementor-icon-wrapper\">\n\t\t\t<a class=\"elementor-icon\" href=\"https:\/\/www.instagram.com\/transportandlogistics.be\/\">\n\t\t\t<i aria-hidden=\"true\" class=\"fab fa-instagram\"><\/i>\t\t\t<\/a>\n\t\t<\/div>\n\t\t\t\t\t\t<\/div>\n\t\t\t\t<\/div>\n\t\t\t\t<\/div>\n\t\t\t\t<\/div>\n\t\t<div class=\"elementor-element elementor-element-b16d66d e-con-full e-flex e-con e-child\" data-id=\"b16d66d\" data-element_type=\"container\" data-settings=\"{&quot;background_background&quot;:&quot;classic&quot;}\">\n\t\t\t\t<\/div>\n\t\t\t\t<\/div>\n\t\t\t\t\t<\/div>\n\t\t\t\t<\/div>\n\t\t\t\t<\/div>\n\t\t\t\t<\/div>\n\t\t","protected":false},"excerpt":{"rendered":"<p>Faites conna\u00eetre votre participation \u00e0 l&rsquo;exposition ! F\u00e9licitations pour votre participation en tant qu&rsquo;exposant \u00e0 Transport &amp; Logistics Antwerp. Commencez \u00e0 temps \u00e0 faire conna\u00eetre votre participation. Il s&rsquo;agit d&rsquo;attirer le plus grand nombre possible de contacts potentiels et de visiteurs de qualit\u00e9 sur votre stand. En tant qu&rsquo;organisateurs, nous mettons tout en \u0153uvre pour [&hellip;]<\/p>\n","protected":false},"author":1475,"featured_media":0,"parent":0,"menu_order":0,"comment_status":"closed","ping_status":"closed","template":"","meta":{"_seopress_robots_primary_cat":"","_seopress_titles_title":"Comment promouvoir votre participation dans le domaine du Transport & Logistics ?","_seopress_titles_desc":"D\u00e9couvrez comment tirer le meilleur parti de la foire en promouvant votre participation ici.","_seopress_robots_index":"","footnotes":""},"class_list":["post-1639","page","type-page","status-publish","hentry"],"_links":{"self":[{"href":"https:\/\/www.transport-logistics.be\/fr\/wp-json\/wp\/v2\/pages\/1639","targetHints":{"allow":["GET"]}}],"collection":[{"href":"https:\/\/www.transport-logistics.be\/fr\/wp-json\/wp\/v2\/pages"}],"about":[{"href":"https:\/\/www.transport-logistics.be\/fr\/wp-json\/wp\/v2\/types\/page"}],"author":[{"embeddable":true,"href":"https:\/\/www.transport-logistics.be\/fr\/wp-json\/wp\/v2\/users\/1475"}],"replies":[{"embeddable":true,"href":"https:\/\/www.transport-logistics.be\/fr\/wp-json\/wp\/v2\/comments?post=1639"}],"version-history":[{"count":5,"href":"https:\/\/www.transport-logistics.be\/fr\/wp-json\/wp\/v2\/pages\/1639\/revisions"}],"predecessor-version":[{"id":96316,"href":"https:\/\/www.transport-logistics.be\/fr\/wp-json\/wp\/v2\/pages\/1639\/revisions\/96316"}],"wp:attachment":[{"href":"https:\/\/www.transport-logistics.be\/fr\/wp-json\/wp\/v2\/media?parent=1639"}],"curies":[{"name":"wp","href":"https:\/\/api.w.org\/{rel}","templated":true}]}}