{"id":1645,"date":"2021-03-10T15:00:42","date_gmt":"2021-03-10T14:00:42","guid":{"rendered":"https:\/\/www.transport-logistics.be\/smart-badge-visit-connect\/"},"modified":"2025-07-10T08:50:08","modified_gmt":"2025-07-10T06:50:08","slug":"smart-badge-visit-connect","status":"publish","type":"page","link":"https:\/\/www.transport-logistics.be\/fr\/smart-badge-visit-connect\/","title":{"rendered":"smart badge visit connect"},"content":{"rendered":"\t\t<div data-elementor-type=\"wp-page\" data-elementor-id=\"1645\" class=\"elementor elementor-1645 elementor-226\" data-elementor-post-type=\"page\">\n\t\t\t\t<div class=\"elementor-element elementor-element-818999f e-flex e-con-boxed e-con e-parent\" data-id=\"818999f\" data-element_type=\"container\">\n\t\t\t\t\t<div class=\"e-con-inner\">\n\t\t<div class=\"elementor-element elementor-element-a473cb2 e-con-full e-flex e-con e-child\" data-id=\"a473cb2\" data-element_type=\"container\">\n\t\t\t\t<div class=\"elementor-element elementor-element-cca4536 elementor-widget elementor-widget-heading\" data-id=\"cca4536\" data-element_type=\"widget\" data-widget_type=\"heading.default\">\n\t\t\t\t<div class=\"elementor-widget-container\">\n\t\t\t\t\t<h1 class=\"elementor-heading-title elementor-size-default\">Smartbadge vs Visit Connect<\/h1>\t\t\t\t<\/div>\n\t\t\t\t<\/div>\n\t\t\t\t<\/div>\n\t\t\t\t\t<\/div>\n\t\t\t\t<\/div>\n\t\t<div class=\"elementor-element elementor-element-00a9e70 e-con-full e-flex e-con e-parent\" data-id=\"00a9e70\" data-element_type=\"container\" data-settings=\"{&quot;background_background&quot;:&quot;classic&quot;}\">\n\t\t<div class=\"elementor-element elementor-element-4c86f10 e-flex e-con-boxed e-con e-child\" data-id=\"4c86f10\" data-element_type=\"container\">\n\t\t\t\t\t<div class=\"e-con-inner\">\n\t\t<div class=\"elementor-element elementor-element-cb25cf0 e-flex e-con-boxed e-con e-child\" data-id=\"cb25cf0\" data-element_type=\"container\" data-settings=\"{&quot;background_background&quot;:&quot;classic&quot;}\">\n\t\t\t\t\t<div class=\"e-con-inner\">\n\t\t<div class=\"elementor-element elementor-element-0dbad31 e-con-full e-flex e-con e-child\" data-id=\"0dbad31\" data-element_type=\"container\" data-settings=\"{&quot;background_background&quot;:&quot;video&quot;,&quot;background_video_link&quot;:&quot;https:\\\/\\\/www.youtube.com\\\/watch?v=mIoiQ9DV-H4&quot;}\">\n\t\t<div class=\"elementor-background-video-container elementor-hidden-mobile\" aria-hidden=\"true\">\n\t\t\t\t\t\t\t<div class=\"elementor-background-video-embed\"><\/div>\n\t\t\t\t\t\t<\/div>\t\t<\/div>\n\t\t<div class=\"elementor-element elementor-element-7e75617 e-con-full e-flex e-con e-child\" data-id=\"7e75617\" data-element_type=\"container\">\n\t\t\t\t<div class=\"elementor-element elementor-element-7643700 elementor-widget elementor-widget-heading\" data-id=\"7643700\" data-element_type=\"widget\" data-widget_type=\"heading.default\">\n\t\t\t\t<div class=\"elementor-widget-container\">\n\t\t\t\t\t<h2 class=\"elementor-heading-title elementor-size-default\">SMART BADGE <\/h2>\t\t\t\t<\/div>\n\t\t\t\t<\/div>\n\t\t\t\t<div class=\"elementor-element elementor-element-e49b81d elementor-widget elementor-widget-text-editor\" data-id=\"e49b81d\" data-element_type=\"widget\" data-widget_type=\"text-editor.default\">\n\t\t\t\t<div class=\"elementor-widget-container\">\n\t\t\t\t\t\t\t\t\t<ol>\n<li><strong>A l&rsquo;initiative du visiteur.<\/strong><\/li>\n<li><strong>Tous les exposants<\/strong> peuvent distribuer leurs informations via le lecteur (informations t\u00e9l\u00e9charg\u00e9es sur My Easyfairs).<\/li>\n<li><strong>Aucune conversation n&rsquo;est n\u00e9cessaire<\/strong> avec le visiteur, il suffit d&rsquo;installer le lecteur sur votre stand et il recevra automatiquement vos informations.<\/li>\n<li><strong>Les exposants GoLeads\/GoPlus recevront une liste de visiteurs<\/strong> avec les donn\u00e9es de l&rsquo;enregistrement lorsqu&rsquo;ils auront scann\u00e9 votre stand. Les exposants GoVisibility ne recevront que le nombre de contacts.<\/li>\n<\/ol>\n<p><strong>Pr\u00e9paration<\/strong> : mettez autant d&rsquo;informations que possible sur My Easyfairs. Le lecteur sera livr\u00e9 \u00e0 votre stand lors de l&rsquo;installation.<\/p>\n\t\t\t\t\t\t\t\t<\/div>\n\t\t\t\t<\/div>\n\t\t\t\t<\/div>\n\t\t\t\t\t<\/div>\n\t\t\t\t<\/div>\n\t\t<div class=\"elementor-element elementor-element-f44cc14 e-flex e-con-boxed e-con e-child\" data-id=\"f44cc14\" data-element_type=\"container\" data-settings=\"{&quot;background_background&quot;:&quot;classic&quot;}\">\n\t\t\t\t\t<div class=\"e-con-inner\">\n\t\t<div class=\"elementor-element elementor-element-b337e9e e-con-full e-flex e-con e-child\" data-id=\"b337e9e\" data-element_type=\"container\">\n\t\t\t\t<div class=\"elementor-element elementor-element-a00e59c elementor-widget elementor-widget-heading\" data-id=\"a00e59c\" data-element_type=\"widget\" data-widget_type=\"heading.default\">\n\t\t\t\t<div class=\"elementor-widget-container\">\n\t\t\t\t\t<h2 class=\"elementor-heading-title elementor-size-default\">Visit connect<\/h2>\t\t\t\t<\/div>\n\t\t\t\t<\/div>\n\t\t\t\t<div class=\"elementor-element elementor-element-dd73899 elementor-widget elementor-widget-text-editor\" data-id=\"dd73899\" data-element_type=\"widget\" data-widget_type=\"text-editor.default\">\n\t\t\t\t<div class=\"elementor-widget-container\">\n\t\t\t\t\t\t\t\t\t<ol>\n<li><strong>\u00c0 l&rsquo;initiative de l&rsquo;exposant.<\/strong><\/li>\n<li><strong>Qualifiez les prospects en posant des questions<\/strong> et en prenant des notes dans l&rsquo;application.<\/li>\n<li><strong>Rassemblez toutes les informations<\/strong> en un seul point.<\/li>\n<li><strong>Suivi des prospects<\/strong> : contactez le visiteur apr\u00e8s l&rsquo;exposition.<\/li>\n<\/ol>\n<p><strong>Pr\u00e9paration<\/strong> : d\u00e8s que vous \u00eates enregistr\u00e9 en tant que personnel de stand, vous recevez un e-mail de confirmation contenant un lien vers votre connexion de visite personnelle.<\/p>\n<p>Vous pouvez \u00e9galement ajouter des questions \u00e0 l&rsquo;avance dans le portail pour un suivi optimal des visiteurs (non obligatoire).<\/p>\n\t\t\t\t\t\t\t\t<\/div>\n\t\t\t\t<\/div>\n\t\t\t\t<\/div>\n\t\t<div class=\"elementor-element elementor-element-38187ad e-con-full e-flex e-con e-child\" data-id=\"38187ad\" data-element_type=\"container\" data-settings=\"{&quot;background_background&quot;:&quot;video&quot;,&quot;background_video_link&quot;:&quot;https:\\\/\\\/www.youtube.com\\\/watch?v=0AuJytt9Ajc&quot;}\">\n\t\t<div class=\"elementor-background-video-container elementor-hidden-mobile\" aria-hidden=\"true\">\n\t\t\t\t\t\t\t<div class=\"elementor-background-video-embed\"><\/div>\n\t\t\t\t\t\t<\/div>\t\t<\/div>\n\t\t\t\t\t<\/div>\n\t\t\t\t<\/div>\n\t\t\t\t\t<\/div>\n\t\t\t\t<\/div>\n\t\t\t\t<\/div>\n\t\t\t\t<\/div>\n\t\t","protected":false},"excerpt":{"rendered":"<p>Smartbadge vs Visit Connect SMART BADGE A l&rsquo;initiative du visiteur. Tous les exposants peuvent distribuer leurs informations via le lecteur (informations t\u00e9l\u00e9charg\u00e9es sur My Easyfairs). Aucune conversation n&rsquo;est n\u00e9cessaire avec le visiteur, il suffit d&rsquo;installer le lecteur sur votre stand et il recevra automatiquement vos informations. Les exposants GoLeads\/GoPlus recevront une liste de visiteurs avec [&hellip;]<\/p>\n","protected":false},"author":1475,"featured_media":0,"parent":0,"menu_order":0,"comment_status":"closed","ping_status":"closed","template":"","meta":{"_seopress_robots_primary_cat":"","_seopress_titles_title":"Smart Badge vs. Visit Connect - Transport &Logistics Anvers","_seopress_titles_desc":"D\u00e9couvrez la diff\u00e9rence entre le lecteur Smart Badge et l'application Visit Connect.","_seopress_robots_index":"","footnotes":""},"class_list":["post-1645","page","type-page","status-publish","hentry"],"_links":{"self":[{"href":"https:\/\/www.transport-logistics.be\/fr\/wp-json\/wp\/v2\/pages\/1645","targetHints":{"allow":["GET"]}}],"collection":[{"href":"https:\/\/www.transport-logistics.be\/fr\/wp-json\/wp\/v2\/pages"}],"about":[{"href":"https:\/\/www.transport-logistics.be\/fr\/wp-json\/wp\/v2\/types\/page"}],"author":[{"embeddable":true,"href":"https:\/\/www.transport-logistics.be\/fr\/wp-json\/wp\/v2\/users\/1475"}],"replies":[{"embeddable":true,"href":"https:\/\/www.transport-logistics.be\/fr\/wp-json\/wp\/v2\/comments?post=1645"}],"version-history":[{"count":5,"href":"https:\/\/www.transport-logistics.be\/fr\/wp-json\/wp\/v2\/pages\/1645\/revisions"}],"predecessor-version":[{"id":93309,"href":"https:\/\/www.transport-logistics.be\/fr\/wp-json\/wp\/v2\/pages\/1645\/revisions\/93309"}],"wp:attachment":[{"href":"https:\/\/www.transport-logistics.be\/fr\/wp-json\/wp\/v2\/media?parent=1645"}],"curies":[{"name":"wp","href":"https:\/\/api.w.org\/{rel}","templated":true}]}}