{"id":1655,"date":"2021-03-10T15:29:06","date_gmt":"2021-03-10T14:29:06","guid":{"rendered":"https:\/\/www.transport-logistics.be\/pourquoi-visiter\/"},"modified":"2025-12-24T08:47:35","modified_gmt":"2025-12-24T07:47:35","slug":"pourquoi-visiter","status":"publish","type":"page","link":"https:\/\/www.transport-logistics.be\/fr\/pourquoi-visiter\/","title":{"rendered":"pourquoi visiter"},"content":{"rendered":"\t\t<div data-elementor-type=\"wp-page\" data-elementor-id=\"1655\" class=\"elementor elementor-1655 elementor-184\" data-elementor-post-type=\"page\">\n\t\t\t\t<div class=\"elementor-element elementor-element-7b9a683 e-con-full e-flex e-con e-parent\" data-id=\"7b9a683\" data-element_type=\"container\" data-settings=\"{&quot;background_background&quot;:&quot;classic&quot;}\">\n\t\t<div class=\"elementor-element elementor-element-144cfcf e-flex e-con-boxed e-con e-child\" data-id=\"144cfcf\" data-element_type=\"container\">\n\t\t\t\t\t<div class=\"e-con-inner\">\n\t\t<div class=\"elementor-element elementor-element-e389651 e-flex e-con-boxed e-con e-child\" data-id=\"e389651\" data-element_type=\"container\" data-settings=\"{&quot;background_background&quot;:&quot;classic&quot;}\">\n\t\t\t\t\t<div class=\"e-con-inner\">\n\t\t<div class=\"elementor-element elementor-element-06bbb9e e-con-full e-flex e-con e-child\" data-id=\"06bbb9e\" data-element_type=\"container\" data-settings=\"{&quot;background_background&quot;:&quot;classic&quot;}\">\n\t\t\t\t<\/div>\n\t\t<div class=\"elementor-element elementor-element-eab09c1 e-con-full e-flex e-con e-child\" data-id=\"eab09c1\" data-element_type=\"container\">\n\t\t\t\t<div class=\"elementor-element elementor-element-45f7195 elementor-widget elementor-widget-heading\" data-id=\"45f7195\" data-element_type=\"widget\" data-widget_type=\"heading.default\">\n\t\t\t\t<div class=\"elementor-widget-container\">\n\t\t\t\t\t<h2 class=\"elementor-heading-title elementor-size-default\">Pourquoi visiter ?<\/h2>\t\t\t\t<\/div>\n\t\t\t\t<\/div>\n\t\t\t\t<div class=\"elementor-element elementor-element-fe18f6a elementor-widget elementor-widget-text-editor\" data-id=\"fe18f6a\" data-element_type=\"widget\" data-widget_type=\"text-editor.default\">\n\t\t\t\t<div class=\"elementor-widget-container\">\n\t\t\t\t\t\t\t\t\t<p>Visitez Transport &amp; Logistics et faites le plein d&rsquo;id\u00e9es nouvelles, d&rsquo;inspiration et de contacts. Cela vous permettra d&rsquo;\u00eatre \u00e0 la pointe dans votre secteur en pleine mutation. Les exposants pr\u00e9sentent des produits, des services et des innovations qui rendent le secteur plus intelligent, plus rapide et plus efficace : en tant que visiteur, vous en r\u00e9colterez les fruits !<\/p>\n\t\t\t\t\t\t\t\t<\/div>\n\t\t\t\t<\/div>\n\t\t\t\t<div class=\"elementor-element elementor-element-8b24d94 elementor-widget elementor-widget-text-editor\" data-id=\"8b24d94\" data-element_type=\"widget\" data-widget_type=\"text-editor.default\">\n\t\t\t\t<div class=\"elementor-widget-container\">\n\t\t\t\t\t\t\t\t\t<p>\u00c0 quoi pouvez-vous vous attendre lors de votre visite ?<\/p>\n<ul>\n<li>Une perspective internationale enrichissante.<\/li>\n<li>Un programme inspirant.<\/li>\n<li>Des exposants innovants.<\/li>\n<li>Des conf\u00e9renciers captivants et \u00e9clairants.<\/li>\n<li>Un cadre d\u00e9contract\u00e9 pour r\u00e9seauter, d\u00e9couvrir&#8230;<\/li>\n<\/ul>\n\t\t\t\t\t\t\t\t<\/div>\n\t\t\t\t<\/div>\n\t\t\t\t<\/div>\n\t\t\t\t\t<\/div>\n\t\t\t\t<\/div>\n\t\t<div class=\"elementor-element elementor-element-ccb9eb7 e-flex e-con-boxed e-con e-child\" data-id=\"ccb9eb7\" data-element_type=\"container\" data-settings=\"{&quot;background_background&quot;:&quot;classic&quot;}\">\n\t\t\t\t\t<div class=\"e-con-inner\">\n\t\t<div class=\"elementor-element elementor-element-6b3ee05 e-con-full e-flex e-con e-child\" data-id=\"6b3ee05\" data-element_type=\"container\">\n\t\t\t\t<div class=\"elementor-element elementor-element-608b778 elementor-widget elementor-widget-heading\" data-id=\"608b778\" data-element_type=\"widget\" data-widget_type=\"heading.default\">\n\t\t\t\t<div class=\"elementor-widget-container\">\n\t\t\t\t\t<h2 class=\"elementor-heading-title elementor-size-default\">Acqu\u00e9rez des connaissances et d\u00e9couvrez les nouveaut\u00e9s au salon Transport &amp; Logistics !<\/h2>\t\t\t\t<\/div>\n\t\t\t\t<\/div>\n\t\t\t\t<div class=\"elementor-element elementor-element-2aa6f24 elementor-widget elementor-widget-text-editor\" data-id=\"2aa6f24\" data-element_type=\"widget\" data-widget_type=\"text-editor.default\">\n\t\t\t\t<div class=\"elementor-widget-container\">\n\t\t\t\t\t\t\t\t\t<p>Transport &amp; Logistics accueille non seulement divers exposants passionnants, mais offre \u00e9galement de nombreuses exp\u00e9riences ! Pensez \u00e0 des pavillons int\u00e9ressants, des zones de d\u00e9monstration, des opportunit\u00e9s de r\u00e9seautage, des conf\u00e9rences et des sessions d&rsquo;inspiration. Nouez des contacts et contribuez \u00e0 construire l&rsquo;avenir. Toute l&rsquo;expertise sous un m\u00eame toit dans un cadre convivial, vous ne trouverez cela qu&rsquo;ici.<\/p>\n\t\t\t\t\t\t\t\t<\/div>\n\t\t\t\t<\/div>\n\t\t\t\t<div class=\"elementor-element elementor-element-b1e01f4 elementor-align-left elementor-widget elementor-widget-dynamic-button\" data-id=\"b1e01f4\" data-element_type=\"widget\" data-widget_type=\"dynamic-button.default\">\n\t\t\t\t<div class=\"elementor-widget-container\">\n\t\t\t\t\t        <div class=\"elementor-button-wrapper\">\n            <a href=\"https:\/\/www.transport-logistics.be\/fr\/programma\/\" class=\"elementor-button-link elementor-button elementor-size-sm\" role=\"button\">\n                        <span class=\"elementor-button-content-wrapper\">\n\t\t\t\t\t\t<span class=\"elementor-button-text\">D\u00e9couvrez le programme<\/span>\n\t\t<\/span>\n                    <\/a>\n        <\/div>\n        \t\t\t\t<\/div>\n\t\t\t\t<\/div>\n\t\t\t\t<\/div>\n\t\t<div class=\"elementor-element elementor-element-8f13ba7 e-con-full e-flex e-con e-child\" data-id=\"8f13ba7\" data-element_type=\"container\" data-settings=\"{&quot;background_background&quot;:&quot;classic&quot;}\">\n\t\t\t\t<\/div>\n\t\t\t\t\t<\/div>\n\t\t\t\t<\/div>\n\t\t<div class=\"elementor-element elementor-element-39eb2a5 e-con-full e-flex e-con e-child\" data-id=\"39eb2a5\" data-element_type=\"container\" data-settings=\"{&quot;background_background&quot;:&quot;classic&quot;}\">\n\t\t<div class=\"elementor-element elementor-element-4989f1f e-con-full elementor-hidden-desktop elementor-hidden-tablet elementor-hidden-mobile e-flex e-con e-child\" data-id=\"4989f1f\" data-element_type=\"container\" data-settings=\"{&quot;background_background&quot;:&quot;classic&quot;}\">\n\t\t\t\t<\/div>\n\t\t<div class=\"elementor-element elementor-element-eece593 e-con-full elementor-hidden-desktop elementor-hidden-tablet elementor-hidden-mobile e-flex e-con e-child\" data-id=\"eece593\" data-element_type=\"container\" data-settings=\"{&quot;background_background&quot;:&quot;classic&quot;}\">\n\t\t\t\t<div class=\"elementor-element elementor-element-ec7de69 elementor-widget elementor-widget-heading\" data-id=\"ec7de69\" data-element_type=\"widget\" data-widget_type=\"heading.default\">\n\t\t\t\t<div class=\"elementor-widget-container\">\n\t\t\t\t\t<h2 class=\"elementor-heading-title elementor-size-default\">C\u00e9l\u00e9brez avec nous : la 15e \u00e9dition de Transport &amp; Logistics ! \ud83c\udf89<\/h2>\t\t\t\t<\/div>\n\t\t\t\t<\/div>\n\t\t\t\t<div class=\"elementor-element elementor-element-8ac9d71 elementor-widget elementor-widget-text-editor\" data-id=\"8ac9d71\" data-element_type=\"widget\" data-widget_type=\"text-editor.default\">\n\t\t\t\t<div class=\"elementor-widget-container\">\n\t\t\t\t\t\t\t\t\t<p>En octobre 2025, nous c\u00e9l\u00e9brerons une \u00e9tape importante : la 15e \u00e9dition de Transport &amp; Logistics \u00e0 Antwerp Expo ! Depuis d\u00e9j\u00e0 15 \u00e9ditions, cet \u00e9v\u00e9nement professionnel de premier plan rassemble l&rsquo;ensemble de la communaut\u00e9 du transport, de la logistique et du secteur maritime. <strong>Ce qui \u00e9tait \u00e0 l&rsquo;origine un salon de niche compact est devenu le rendez-vous incontournable du secteur, avec plus de 15 000 professionnels, plus de 300 exposants et un programme riche en contenu inspirant.<\/strong><\/p>\n<p>Lors de cette \u00e9dition anniversaire, nous mettons l&rsquo;accent sur l&rsquo;innovation, la collaboration et l&rsquo;exp\u00e9rience. Attendez-vous \u00e0 des intervenants de haut niveau, des activations surprenantes et une ambiance festive o\u00f9, avec les exposants, les visiteurs et les partenaires, nous c\u00e9l\u00e9brerons le pass\u00e9 et trouverons l&rsquo;inspiration pour l&rsquo;avenir.<\/p>\n<p><strong>Ne manquez pas cette \u00e9dition festive \u2013 let&rsquo;s move the future forward, together !<\/strong><\/p>\n\t\t\t\t\t\t\t\t<\/div>\n\t\t\t\t<\/div>\n\t\t\t\t<\/div>\n\t\t\t\t<\/div>\n\t\t\t\t\t<\/div>\n\t\t\t\t<\/div>\n\t\t\t\t<\/div>\n\t\t\t\t<section class=\"elementor-section elementor-top-section elementor-element elementor-element-1386f44 elementor-section-full_width elementor-section-height-default elementor-section-height-default\" data-id=\"1386f44\" data-element_type=\"section\">\n\t\t\t\t\t\t<div class=\"elementor-container elementor-column-gap-default\">\n\t\t\t\t\t<div class=\"elementor-column elementor-col-100 elementor-top-column elementor-element elementor-element-1c4a1c7\" data-id=\"1c4a1c7\" data-element_type=\"column\">\n\t\t\t<div class=\"elementor-widget-wrap elementor-element-populated\">\n\t\t\t\t\t\t<div class=\"elementor-element elementor-element-0b0f3a0 elementor-skin-carousel elementor-arrows-yes elementor-pagination-type-bullets elementor-pagination-position-outside elementor-widget elementor-widget-media-carousel\" data-id=\"0b0f3a0\" data-element_type=\"widget\" data-settings=\"{&quot;skin&quot;:&quot;carousel&quot;,&quot;effect&quot;:&quot;slide&quot;,&quot;show_arrows&quot;:&quot;yes&quot;,&quot;pagination&quot;:&quot;bullets&quot;,&quot;speed&quot;:500,&quot;autoplay&quot;:&quot;yes&quot;,&quot;autoplay_speed&quot;:5000,&quot;loop&quot;:&quot;yes&quot;,&quot;pause_on_hover&quot;:&quot;yes&quot;,&quot;pause_on_interaction&quot;:&quot;yes&quot;,&quot;space_between&quot;:{&quot;unit&quot;:&quot;px&quot;,&quot;size&quot;:10,&quot;sizes&quot;:[]},&quot;space_between_tablet&quot;:{&quot;unit&quot;:&quot;px&quot;,&quot;size&quot;:10,&quot;sizes&quot;:[]},&quot;space_between_mobile&quot;:{&quot;unit&quot;:&quot;px&quot;,&quot;size&quot;:10,&quot;sizes&quot;:[]}}\" data-widget_type=\"media-carousel.default\">\n\t\t\t\t<div class=\"elementor-widget-container\">\n\t\t\t\t\t\t\t\t\t<div class=\"elementor-swiper\">\n\t\t\t\t\t<div class=\"elementor-main-swiper swiper\" role=\"region\" aria-roledescription=\"carousel\" aria-label=\"Slides\">\n\t\t\t\t<div class=\"swiper-wrapper\">\n\t\t\t\t\t\t\t\t\t\t\t<div class=\"swiper-slide\" role=\"group\" aria-roledescription=\"slide\">\n\t\t\t\t\t\t\t\t\t<div class=\"elementor-carousel-image\" role=\"img\" aria-label=\"Transport &amp; Logistics Antwerpen 2019 sfeer\" style=\"background-image: url(&#039;https:\/\/easyfairsassets.com\/sites\/239\/2020\/12\/LOWRES-5079.jpg&#039;)\">\n\n\t\t\t\n\t\t\t\t\t<\/div>\n\t\t\t\t\t\t\t\t<\/div>\n\t\t\t\t\t\t\t\t\t\t\t<div class=\"swiper-slide\" role=\"group\" aria-roledescription=\"slide\">\n\t\t\t\t\t\t\t\t\t<div class=\"elementor-carousel-image\" role=\"img\" aria-label=\"Transport &amp; Logistics Antwerpen 2019 sfeer\" style=\"background-image: url(&#039;https:\/\/easyfairsassets.com\/sites\/239\/2020\/12\/LOWRES-3401.jpg&#039;)\">\n\n\t\t\t\n\t\t\t\t\t<\/div>\n\t\t\t\t\t\t\t\t<\/div>\n\t\t\t\t\t\t\t\t\t\t\t<div class=\"swiper-slide\" role=\"group\" aria-roledescription=\"slide\">\n\t\t\t\t\t\t\t\t\t<div class=\"elementor-carousel-image\" role=\"img\" aria-label=\"Transport &amp; Logistics Antwerpen 2019 sfeer\" style=\"background-image: url(&#039;https:\/\/easyfairsassets.com\/sites\/239\/2020\/12\/LOWRES-3545.jpg&#039;)\">\n\n\t\t\t\n\t\t\t\t\t<\/div>\n\t\t\t\t\t\t\t\t<\/div>\n\t\t\t\t\t\t\t\t\t\t\t<div class=\"swiper-slide\" role=\"group\" aria-roledescription=\"slide\">\n\t\t\t\t\t\t\t\t\t<div class=\"elementor-carousel-image\" role=\"img\" aria-label=\"Transport &amp; Logistics Antwerpen 2019 sfeer\" style=\"background-image: url(&#039;https:\/\/easyfairsassets.com\/sites\/239\/2020\/12\/LOWRES-4203.jpg&#039;)\">\n\n\t\t\t\n\t\t\t\t\t<\/div>\n\t\t\t\t\t\t\t\t<\/div>\n\t\t\t\t\t\t\t\t\t\t\t<div class=\"swiper-slide\" role=\"group\" aria-roledescription=\"slide\">\n\t\t\t\t\t\t\t\t\t<div class=\"elementor-carousel-image\" role=\"img\" aria-label=\"Transport &amp; Logistics Antwerpen 2019 sfeer\" style=\"background-image: url(&#039;https:\/\/easyfairsassets.com\/sites\/239\/2020\/12\/LOWRES-4116.jpg&#039;)\">\n\n\t\t\t\n\t\t\t\t\t<\/div>\n\t\t\t\t\t\t\t\t<\/div>\n\t\t\t\t\t\t\t\t\t\t\t<div class=\"swiper-slide\" role=\"group\" aria-roledescription=\"slide\">\n\t\t\t\t\t\t\t\t\t<div class=\"elementor-carousel-image\" role=\"img\" aria-label=\"Sfeer foto Transport &amp; Logistics Antwerpen 2019\" style=\"background-image: url(&#039;https:\/\/easyfairsassets.com\/sites\/239\/2021\/03\/LOWRES-5013.jpg&#039;)\">\n\n\t\t\t\n\t\t\t\t\t<\/div>\n\t\t\t\t\t\t\t\t<\/div>\n\t\t\t\t\t\t\t\t\t<\/div>\n\t\t\t\t\t\t\t\t\t\t\t\t\t\t\t<div class=\"elementor-swiper-button elementor-swiper-button-prev\" role=\"button\" tabindex=\"0\" aria-label=\"Previous\">\n\t\t\t\t\t\t\t<i aria-hidden=\"true\" class=\"eicon-chevron-left\"><\/i>\t\t\t\t\t\t<\/div>\n\t\t\t\t\t\t<div class=\"elementor-swiper-button elementor-swiper-button-next\" role=\"button\" tabindex=\"0\" aria-label=\"Next\">\n\t\t\t\t\t\t\t<i aria-hidden=\"true\" class=\"eicon-chevron-right\"><\/i>\t\t\t\t\t\t<\/div>\n\t\t\t\t\t\t\t\t\t\t\t\t\t\t\t\t<div class=\"swiper-pagination\"><\/div>\n\t\t\t\t\t\t\t\t\t\t\t\t<\/div>\n\t\t\t\t<\/div>\n\t\t\t\t\t\t\t\t<\/div>\n\t\t\t\t<\/div>\n\t\t\t\t\t<\/div>\n\t\t<\/div>\n\t\t\t\t\t<\/div>\n\t\t<\/section>\n\t\t\t\t<\/div>\n\t\t","protected":false},"excerpt":{"rendered":"<p>Pourquoi visiter ? Visitez Transport &amp; Logistics et faites le plein d&rsquo;id\u00e9es nouvelles, d&rsquo;inspiration et de contacts. Cela vous permettra d&rsquo;\u00eatre \u00e0 la pointe dans votre secteur en pleine mutation. Les exposants pr\u00e9sentent des produits, des services et des innovations qui rendent le secteur plus intelligent, plus rapide et plus efficace : en tant que [&hellip;]<\/p>\n","protected":false},"author":1475,"featured_media":0,"parent":0,"menu_order":0,"comment_status":"closed","ping_status":"closed","template":"","meta":{"_seopress_robots_primary_cat":"","_seopress_titles_title":"Pourquoi visiter Transport & Logistics","_seopress_titles_desc":"Visitez Transport & Logistics, ne le manquez pas ! Point chaud pour le transport, la logistique, la distribution, le stockage et la manutention, la communication de donn\u00e9es et les logiciels.","_seopress_robots_index":"","footnotes":""},"class_list":["post-1655","page","type-page","status-publish","hentry"],"_links":{"self":[{"href":"https:\/\/www.transport-logistics.be\/fr\/wp-json\/wp\/v2\/pages\/1655","targetHints":{"allow":["GET"]}}],"collection":[{"href":"https:\/\/www.transport-logistics.be\/fr\/wp-json\/wp\/v2\/pages"}],"about":[{"href":"https:\/\/www.transport-logistics.be\/fr\/wp-json\/wp\/v2\/types\/page"}],"author":[{"embeddable":true,"href":"https:\/\/www.transport-logistics.be\/fr\/wp-json\/wp\/v2\/users\/1475"}],"replies":[{"embeddable":true,"href":"https:\/\/www.transport-logistics.be\/fr\/wp-json\/wp\/v2\/comments?post=1655"}],"version-history":[{"count":5,"href":"https:\/\/www.transport-logistics.be\/fr\/wp-json\/wp\/v2\/pages\/1655\/revisions"}],"predecessor-version":[{"id":132377,"href":"https:\/\/www.transport-logistics.be\/fr\/wp-json\/wp\/v2\/pages\/1655\/revisions\/132377"}],"wp:attachment":[{"href":"https:\/\/www.transport-logistics.be\/fr\/wp-json\/wp\/v2\/media?parent=1655"}],"curies":[{"name":"wp","href":"https:\/\/api.w.org\/{rel}","templated":true}]}}