{"id":1660,"date":"2021-03-10T15:37:14","date_gmt":"2021-03-10T14:37:14","guid":{"rendered":"https:\/\/www.transport-logistics.be\/votre-smart-badge\/"},"modified":"2025-07-10T09:02:28","modified_gmt":"2025-07-10T07:02:28","slug":"votre-smart-badge","status":"publish","type":"page","link":"https:\/\/www.transport-logistics.be\/fr\/votre-smart-badge\/","title":{"rendered":"votre smart badge"},"content":{"rendered":"\t\t<div data-elementor-type=\"wp-page\" data-elementor-id=\"1660\" class=\"elementor elementor-1660 elementor-207\" data-elementor-post-type=\"page\">\n\t\t\t\t<div class=\"elementor-element elementor-element-5f4b6e4 e-flex e-con-boxed e-con e-parent\" data-id=\"5f4b6e4\" data-element_type=\"container\">\n\t\t\t\t\t<div class=\"e-con-inner\">\n\t\t\t\t<div class=\"elementor-element elementor-element-90e771b elementor-widget elementor-widget-heading\" data-id=\"90e771b\" data-element_type=\"widget\" data-widget_type=\"heading.default\">\n\t\t\t\t<div class=\"elementor-widget-container\">\n\t\t\t\t\t<h1 class=\"elementor-heading-title elementor-size-default\">SMARTBADGE<\/h1>\t\t\t\t<\/div>\n\t\t\t\t<\/div>\n\t\t\t\t<div class=\"elementor-element elementor-element-ecb6d22 elementor-widget elementor-widget-heading\" data-id=\"ecb6d22\" data-element_type=\"widget\" data-widget_type=\"heading.default\">\n\t\t\t\t<div class=\"elementor-widget-container\">\n\t\t\t\t\t<h2 class=\"elementor-heading-title elementor-size-default\">Obtenez facilement et rapidement des informations de la part des exposants gr\u00e2ce \u00e0 notre technologie Smart Badge.<\/h2>\t\t\t\t<\/div>\n\t\t\t\t<\/div>\n\t\t\t\t\t<\/div>\n\t\t\t\t<\/div>\n\t\t<div class=\"elementor-element elementor-element-c556538 e-con-full e-flex e-con e-parent\" data-id=\"c556538\" data-element_type=\"container\" data-settings=\"{&quot;background_background&quot;:&quot;classic&quot;}\">\n\t\t<div class=\"elementor-element elementor-element-fa00833 e-flex e-con-boxed e-con e-child\" data-id=\"fa00833\" data-element_type=\"container\">\n\t\t\t\t\t<div class=\"e-con-inner\">\n\t\t<div class=\"elementor-element elementor-element-b47f0d1 e-flex e-con-boxed e-con e-child\" data-id=\"b47f0d1\" data-element_type=\"container\" data-settings=\"{&quot;background_background&quot;:&quot;classic&quot;}\">\n\t\t\t\t\t<div class=\"e-con-inner\">\n\t\t<div class=\"elementor-element elementor-element-1ccefaa e-con-full e-flex e-con e-child\" data-id=\"1ccefaa\" data-element_type=\"container\" data-settings=\"{&quot;background_background&quot;:&quot;classic&quot;}\">\n\t\t\t\t<\/div>\n\t\t<div class=\"elementor-element elementor-element-bd07562 e-con-full e-flex e-con e-child\" data-id=\"bd07562\" data-element_type=\"container\">\n\t\t\t\t<div class=\"elementor-element elementor-element-7c9b61b elementor-widget elementor-widget-heading\" data-id=\"7c9b61b\" data-element_type=\"widget\" data-widget_type=\"heading.default\">\n\t\t\t\t<div class=\"elementor-widget-container\">\n\t\t\t\t\t<h2 class=\"elementor-heading-title elementor-size-default\">Comment utiliser votre badge visiteur ?<\/h2>\t\t\t\t<\/div>\n\t\t\t\t<\/div>\n\t\t\t\t<div class=\"elementor-element elementor-element-7eb4437 elementor-widget elementor-widget-text-editor\" data-id=\"7eb4437\" data-element_type=\"widget\" data-widget_type=\"text-editor.default\">\n\t\t\t\t<div class=\"elementor-widget-container\">\n\t\t\t\t\t\t\t\t\t<ol>\n<li>Vous verrez un ou plusieurs <strong>panneaux verts<\/strong> sur chaque stand. Vous \u00eates int\u00e9ress\u00e9 par un exposant et ses produits ?<\/li>\n<li><strong>Touchez le lecteur du panneau vert<\/strong> avec votre badge visiteur.<\/li>\n<li>Vous saurez que votre action a \u00e9t\u00e9 couronn\u00e9e de succ\u00e8s lorsque <strong>vous entendrez un bip<\/strong> et que le lecteur s&rsquo;allumera en vert.<\/li>\n<li>Le lendemain de votre visite, <strong>vous recevrez un e-mail<\/strong> contenant un aper\u00e7u de toutes les informations recueillies ainsi que des recommandations d&rsquo;exposants susceptibles de vous int\u00e9resser.<\/li>\n<\/ol>\n\t\t\t\t\t\t\t\t<\/div>\n\t\t\t\t<\/div>\n\t\t\t\t<\/div>\n\t\t\t\t\t<\/div>\n\t\t\t\t<\/div>\n\t\t<div class=\"elementor-element elementor-element-4b77c93 e-flex e-con-boxed e-con e-child\" data-id=\"4b77c93\" data-element_type=\"container\" data-settings=\"{&quot;background_background&quot;:&quot;classic&quot;}\">\n\t\t\t\t\t<div class=\"e-con-inner\">\n\t\t<div class=\"elementor-element elementor-element-1126a9e e-con-full e-flex e-con e-child\" data-id=\"1126a9e\" data-element_type=\"container\">\n\t\t\t\t<div class=\"elementor-element elementor-element-6709d47 elementor-widget elementor-widget-heading\" data-id=\"6709d47\" data-element_type=\"widget\" data-widget_type=\"heading.default\">\n\t\t\t\t<div class=\"elementor-widget-container\">\n\t\t\t\t\t<h2 class=\"elementor-heading-title elementor-size-default\">Vos avantages<\/h2>\t\t\t\t<\/div>\n\t\t\t\t<\/div>\n\t\t\t\t<div class=\"elementor-element elementor-element-a27841a elementor-widget elementor-widget-text-editor\" data-id=\"a27841a\" data-element_type=\"widget\" data-widget_type=\"text-editor.default\">\n\t\t\t\t<div class=\"elementor-widget-container\">\n\t\t\t\t\t\t\t\t\t<ul>\n<li>Votre badge visiteur est <strong>votre fourre-tout virtuel<\/strong> lors de votre visite au salon.<\/li>\n<li>Plus besoin de transporter de lourds catalogues ou de prendre des notes.<\/li>\n<li>Vous savez parfaitement quels stands vous avez visit\u00e9s.<\/li>\n<li><strong>Vous recevrez ensuite un e-mail<\/strong> contenant un aper\u00e7u pratique de votre visite.<\/li>\n<li><strong>Pas de spam<\/strong>. Vous ne recevez que les informations num\u00e9riques des exposants qui vous int\u00e9ressent.<\/li>\n<\/ul>\n\t\t\t\t\t\t\t\t<\/div>\n\t\t\t\t<\/div>\n\t\t\t\t<\/div>\n\t\t<div class=\"elementor-element elementor-element-50d50d3 e-con-full e-flex e-con e-child\" data-id=\"50d50d3\" data-element_type=\"container\" data-settings=\"{&quot;background_background&quot;:&quot;video&quot;,&quot;background_video_link&quot;:&quot;https:\\\/\\\/www.youtube.com\\\/watch?v=Wvxmq7ITRC0&quot;}\">\n\t\t<div class=\"elementor-background-video-container elementor-hidden-mobile\" aria-hidden=\"true\">\n\t\t\t\t\t\t\t<div class=\"elementor-background-video-embed\"><\/div>\n\t\t\t\t\t\t<\/div>\t\t<\/div>\n\t\t\t\t\t<\/div>\n\t\t\t\t<\/div>\n\t\t\t\t\t<\/div>\n\t\t\t\t<\/div>\n\t\t\t\t<\/div>\n\t\t\t\t<\/div>\n\t\t","protected":false},"excerpt":{"rendered":"<p>SMARTBADGE Obtenez facilement et rapidement des informations de la part des exposants gr\u00e2ce \u00e0 notre technologie Smart Badge. Comment utiliser votre badge visiteur ? Vous verrez un ou plusieurs panneaux verts sur chaque stand. Vous \u00eates int\u00e9ress\u00e9 par un exposant et ses produits ? Touchez le lecteur du panneau vert avec votre badge visiteur. Vous [&hellip;]<\/p>\n","protected":false},"author":1475,"featured_media":0,"parent":0,"menu_order":0,"comment_status":"closed","ping_status":"closed","template":"","meta":{"_seopress_robots_primary_cat":"","_seopress_titles_title":"Smart Badge - Transport & Logistics Antwerp","_seopress_titles_desc":"Trouvez toutes les informations dont vous avez besoin pour utiliser correctement votre Smart Badge pendant Transport & Logistics Antwerp.","_seopress_robots_index":"","footnotes":""},"class_list":["post-1660","page","type-page","status-publish","hentry"],"_links":{"self":[{"href":"https:\/\/www.transport-logistics.be\/fr\/wp-json\/wp\/v2\/pages\/1660","targetHints":{"allow":["GET"]}}],"collection":[{"href":"https:\/\/www.transport-logistics.be\/fr\/wp-json\/wp\/v2\/pages"}],"about":[{"href":"https:\/\/www.transport-logistics.be\/fr\/wp-json\/wp\/v2\/types\/page"}],"author":[{"embeddable":true,"href":"https:\/\/www.transport-logistics.be\/fr\/wp-json\/wp\/v2\/users\/1475"}],"replies":[{"embeddable":true,"href":"https:\/\/www.transport-logistics.be\/fr\/wp-json\/wp\/v2\/comments?post=1660"}],"version-history":[{"count":5,"href":"https:\/\/www.transport-logistics.be\/fr\/wp-json\/wp\/v2\/pages\/1660\/revisions"}],"predecessor-version":[{"id":93314,"href":"https:\/\/www.transport-logistics.be\/fr\/wp-json\/wp\/v2\/pages\/1660\/revisions\/93314"}],"wp:attachment":[{"href":"https:\/\/www.transport-logistics.be\/fr\/wp-json\/wp\/v2\/media?parent=1660"}],"curies":[{"name":"wp","href":"https:\/\/api.w.org\/{rel}","templated":true}]}}