{"id":1664,"date":"2021-03-10T15:45:56","date_gmt":"2021-03-10T14:45:56","guid":{"rendered":"https:\/\/www.transport-logistics.be\/profil-des-exposants\/"},"modified":"2025-09-09T10:18:53","modified_gmt":"2025-09-09T08:18:53","slug":"profil-des-exposants","status":"publish","type":"page","link":"https:\/\/www.transport-logistics.be\/fr\/profil-des-exposants\/","title":{"rendered":"Profil des exposants"},"content":{"rendered":"\t\t<div data-elementor-type=\"wp-page\" data-elementor-id=\"1664\" class=\"elementor elementor-1664 elementor-204\" data-elementor-post-type=\"page\">\n\t\t\t\t\t\t<section class=\"elementor-section elementor-top-section elementor-element elementor-element-5897315 elementor-section-boxed elementor-section-height-default elementor-section-height-default elementor-invisible\" data-id=\"5897315\" data-element_type=\"section\" data-settings=\"{&quot;animation&quot;:&quot;fadeIn&quot;}\">\n\t\t\t\t\t\t<div class=\"elementor-container elementor-column-gap-default\">\n\t\t\t\t\t<div class=\"elementor-column elementor-col-100 elementor-top-column elementor-element elementor-element-a62f2ad\" data-id=\"a62f2ad\" data-element_type=\"column\">\n\t\t\t<div class=\"elementor-widget-wrap elementor-element-populated\">\n\t\t\t\t\t\t<div class=\"elementor-element elementor-element-a064dd3 elementor-widget elementor-widget-text-editor\" data-id=\"a064dd3\" data-element_type=\"widget\" data-widget_type=\"text-editor.default\">\n\t\t\t\t<div class=\"elementor-widget-container\">\n\t\t\t\t\t\t\t\t\t<h1>Profil des exposants<\/h1>\n\t\t\t\t\t\t\t\t<\/div>\n\t\t\t\t<\/div>\n\t\t\t\t\t<\/div>\n\t\t<\/div>\n\t\t\t\t\t<\/div>\n\t\t<\/section>\n\t\t<div class=\"elementor-element elementor-element-8d632ad e-flex e-con-boxed e-con e-parent\" data-id=\"8d632ad\" data-element_type=\"container\">\n\t\t\t\t\t<div class=\"e-con-inner\">\n\t\t<div class=\"elementor-element elementor-element-7e77bce e-grid e-con-full e-con e-child\" data-id=\"7e77bce\" data-element_type=\"container\">\n\t\t<div class=\"elementor-element elementor-element-8ac82ee e-con-full e-flex e-con e-child\" data-id=\"8ac82ee\" data-element_type=\"container\">\n\t\t\t\t<div class=\"elementor-element elementor-element-91d779e elementor-widget elementor-widget-heading\" data-id=\"91d779e\" data-element_type=\"widget\" data-widget_type=\"heading.default\">\n\t\t\t\t<div class=\"elementor-widget-container\">\n\t\t\t\t\t<h3 class=\"elementor-heading-title elementor-size-default\">Transport multimodal et distribution :<\/h3>\t\t\t\t<\/div>\n\t\t\t\t<\/div>\n\t\t\t\t<div class=\"elementor-element elementor-element-4591fef elementor-widget elementor-widget-text-editor\" data-id=\"4591fef\" data-element_type=\"widget\" data-widget_type=\"text-editor.default\">\n\t\t\t\t<div class=\"elementor-widget-container\">\n\t\t\t\t\t\t\t\t\t<ul>\n<li>Transport routier<\/li>\n<li>Fret a\u00e9rien<\/li>\n<li>Transport ferroviaire<\/li>\n<li>Transport maritime<\/li>\n<li>Transport intermodal<\/li>\n<li>Navigation int\u00e9rieure<\/li>\n<li>Transport express<\/li>\n<li>Transport \u00e9cologique<\/li>\n<li>Ports et centres de transbordement<\/li>\n<li>A\u00e9roports et compagnies de fret a\u00e9rien<\/li>\n<li>Gestion douani\u00e8re<\/li>\n<li>Consultance<\/li>\n<\/ul>\n\t\t\t\t\t\t\t\t<\/div>\n\t\t\t\t<\/div>\n\t\t\t\t<\/div>\n\t\t<div class=\"elementor-element elementor-element-0270ee3 e-con-full e-flex e-con e-child\" data-id=\"0270ee3\" data-element_type=\"container\">\n\t\t\t\t<div class=\"elementor-element elementor-element-0dec492 elementor-widget elementor-widget-heading\" data-id=\"0dec492\" data-element_type=\"widget\" data-widget_type=\"heading.default\">\n\t\t\t\t<div class=\"elementor-widget-container\">\n\t\t\t\t\t<h3 class=\"elementor-heading-title elementor-size-default\">Stockage et <br>manutention des marchandises<\/h3>\t\t\t\t<\/div>\n\t\t\t\t<\/div>\n\t\t\t\t<div class=\"elementor-element elementor-element-77f4b2f elementor-widget elementor-widget-text-editor\" data-id=\"77f4b2f\" data-element_type=\"widget\" data-widget_type=\"text-editor.default\">\n\t\t\t\t<div class=\"elementor-widget-container\">\n\t\t\t\t\t\t\t\t\t<ul>\n<li style=\"text-align: left;\">Logistique dans l&rsquo;immobilier<\/li>\n<li style=\"text-align: left;\">Stockage et am\u00e9nagement d&rsquo;entrep\u00f4ts pour les entreprises<\/li>\n<li style=\"text-align: left;\">Syst\u00e8mes de transport interne<\/li>\n<li style=\"text-align: left;\">Emballage et scellage<\/li>\n<li style=\"text-align: left;\">Chariots \u00e9l\u00e9vateurs \u00e0 fourche<\/li>\n<li style=\"text-align: left;\">Commandes et pr\u00e9paration des commandes<\/li>\n<li style=\"text-align: left;\">M\u00e9thodes de transbordement<\/li>\n<li style=\"text-align: left;\">S\u00e9curit\u00e9 et maintenance<\/li>\n<li style=\"text-align: left;\">Manutention des marchandises<\/li>\n<li style=\"text-align: left;\">Prestataires de services logistiques<\/li>\n<li style=\"text-align: left;\">(Ultra)logistique<\/li>\n<\/ul>\n\t\t\t\t\t\t\t\t<\/div>\n\t\t\t\t<\/div>\n\t\t\t\t<\/div>\n\t\t<div class=\"elementor-element elementor-element-468ba03 e-con-full e-flex e-con e-child\" data-id=\"468ba03\" data-element_type=\"container\">\n\t\t\t\t<div class=\"elementor-element elementor-element-c0bfb1c elementor-widget elementor-widget-heading\" data-id=\"c0bfb1c\" data-element_type=\"widget\" data-widget_type=\"heading.default\">\n\t\t\t\t<div class=\"elementor-widget-container\">\n\t\t\t\t\t<h3 class=\"elementor-heading-title elementor-size-default\">Donn\u00e9es et <br>logiciels de communication<\/h3>\t\t\t\t<\/div>\n\t\t\t\t<\/div>\n\t\t\t\t<div class=\"elementor-element elementor-element-928da82 elementor-widget elementor-widget-text-editor\" data-id=\"928da82\" data-element_type=\"widget\" data-widget_type=\"text-editor.default\">\n\t\t\t\t<div class=\"elementor-widget-container\">\n\t\t\t\t\t\t\t\t\t<ul>\n<li style=\"text-align: left;\">Gestion d&rsquo;entrep\u00f4t (WMS) et syst\u00e8mes de transport<\/li>\n<li style=\"text-align: left;\">Syst\u00e8mes de gestion des stocks<\/li>\n<li style=\"text-align: left;\">Tra\u00e7abilit\u00e9<\/li>\n<li style=\"text-align: left;\">Identification automatique, codes-barres, RFID et technologie vocale<\/li>\n<li style=\"text-align: left;\">Solutions informatiques int\u00e9gr\u00e9es<\/li>\n<li style=\"text-align: left;\">E-logistique<\/li>\n<li style=\"text-align: left;\">Solutions sans fil et mobiles<\/li>\n<li style=\"text-align: left;\">Num\u00e9risation et transformation<\/li>\n<\/ul>\n\t\t\t\t\t\t\t\t<\/div>\n\t\t\t\t<\/div>\n\t\t\t\t<\/div>\n\t\t\t\t<\/div>\n\t\t\t\t\t<\/div>\n\t\t\t\t<\/div>\n\t\t\t\t<section class=\"elementor-section elementor-top-section elementor-element elementor-element-d99af80 elementor-section-boxed elementor-section-height-default elementor-section-height-default elementor-invisible\" data-id=\"d99af80\" data-element_type=\"section\" data-settings=\"{&quot;animation&quot;:&quot;fadeIn&quot;}\">\n\t\t\t\t\t\t<div class=\"elementor-container elementor-column-gap-default\">\n\t\t\t\t\t<div class=\"elementor-column elementor-col-100 elementor-top-column elementor-element elementor-element-c9c51e7\" data-id=\"c9c51e7\" data-element_type=\"column\">\n\t\t\t<div class=\"elementor-widget-wrap elementor-element-populated\">\n\t\t\t\t\t\t<div class=\"elementor-element elementor-element-efd433b elementor-widget elementor-widget-text-editor\" data-id=\"efd433b\" data-element_type=\"widget\" data-widget_type=\"text-editor.default\">\n\t\t\t\t<div class=\"elementor-widget-container\">\n\t\t\t\t\t\t\t\t\t<h1>Liste des exposants<\/h1>\n\t\t\t\t\t\t\t\t<\/div>\n\t\t\t\t<\/div>\n\t\t\t\t<div class=\"elementor-element elementor-element-98cd19d elementor-align-center elementor-widget elementor-widget-button\" data-id=\"98cd19d\" data-element_type=\"widget\" data-widget_type=\"button.default\">\n\t\t\t\t<div class=\"elementor-widget-container\">\n\t\t\t\t\t\t\t\t\t<div class=\"elementor-button-wrapper\">\n\t\t\t\t\t<a class=\"elementor-button elementor-button-link elementor-size-sm\" href=\"https:\/\/transport-logistics-be.easyfairs.events\/nl\/exhibitor\/\">\n\t\t\t\t\t\t<span class=\"elementor-button-content-wrapper\">\n\t\t\t\t\t\t<span class=\"elementor-button-icon\">\n\t\t\t\t<i aria-hidden=\"true\" class=\"fas fa-long-arrow-alt-right\"><\/i>\t\t\t<\/span>\n\t\t\t\t\t\t\t\t\t<span class=\"elementor-button-text\">liste des exposants<\/span>\n\t\t\t\t\t<\/span>\n\t\t\t\t\t<\/a>\n\t\t\t\t<\/div>\n\t\t\t\t\t\t\t\t<\/div>\n\t\t\t\t<\/div>\n\t\t\t\t\t<\/div>\n\t\t<\/div>\n\t\t\t\t\t<\/div>\n\t\t<\/section>\n\t\t\t\t<section class=\"elementor-section elementor-top-section elementor-element elementor-element-802e08c elementor-hidden-desktop elementor-hidden-tablet elementor-hidden-mobile elementor-section-boxed elementor-section-height-default elementor-section-height-default\" data-id=\"802e08c\" data-element_type=\"section\">\n\t\t\t\t\t\t<div class=\"elementor-container elementor-column-gap-default\">\n\t\t\t\t\t<div class=\"elementor-column elementor-col-33 elementor-top-column elementor-element elementor-element-6552c56 elementor-invisible\" data-id=\"6552c56\" data-element_type=\"column\" data-settings=\"{&quot;background_background&quot;:&quot;classic&quot;,&quot;animation&quot;:&quot;fadeInLeft&quot;}\">\n\t\t\t<div class=\"elementor-widget-wrap elementor-element-populated\">\n\t\t\t\t\t\t<div class=\"elementor-element elementor-element-4488a9c elementor-widget elementor-widget-text-editor\" data-id=\"4488a9c\" data-element_type=\"widget\" data-widget_type=\"text-editor.default\">\n\t\t\t\t<div class=\"elementor-widget-container\">\n\t\t\t\t\t\t\t\t\t<h3>Transport multimodal &amp; Distribution :<\/h3>\n\t\t\t\t\t\t\t\t<\/div>\n\t\t\t\t<\/div>\n\t\t\t\t<div class=\"elementor-element elementor-element-a6de0a9 elementor-widget elementor-widget-text-editor\" data-id=\"a6de0a9\" data-element_type=\"widget\" data-widget_type=\"text-editor.default\">\n\t\t\t\t<div class=\"elementor-widget-container\">\n\t\t\t\t\t\t\t\t\t<ul>\n<li>Transport routier<\/li>\n<li>Transport par voies navigables int\u00e9rieures<\/li>\n<li>Fret a\u00e9rien<\/li>\n<li>Transport ferroviaire<\/li>\n<li>Transport maritime<\/li>\n<li>Transport intermodal<\/li>\n<li>Navigation int\u00e9rieure<\/li>\n<li>Transport express<\/li>\n<li>Transport \u00e9cologique<\/li>\n<li>Ports &amp; centres de transbordement<\/li>\n<li>A\u00e9roports &amp; Transporteurs de fret a\u00e9rien<\/li>\n<li>Gestion des douanes<\/li>\n<li>Consultance<\/li>\n<\/ul>\n\t\t\t\t\t\t\t\t<\/div>\n\t\t\t\t<\/div>\n\t\t\t\t\t<\/div>\n\t\t<\/div>\n\t\t\t\t<div class=\"elementor-column elementor-col-33 elementor-top-column elementor-element elementor-element-dd6c24e elementor-invisible\" data-id=\"dd6c24e\" data-element_type=\"column\" data-settings=\"{&quot;background_background&quot;:&quot;classic&quot;,&quot;animation&quot;:&quot;fadeInLeft&quot;}\">\n\t\t\t<div class=\"elementor-widget-wrap elementor-element-populated\">\n\t\t\t\t\t\t<div class=\"elementor-element elementor-element-2aeaebe elementor-widget elementor-widget-text-editor\" data-id=\"2aeaebe\" data-element_type=\"widget\" data-widget_type=\"text-editor.default\">\n\t\t\t\t<div class=\"elementor-widget-container\">\n\t\t\t\t\t\t\t\t\t<h3>Stockage &amp; Traitement des marchandises<\/h3>\n\t\t\t\t\t\t\t\t<\/div>\n\t\t\t\t<\/div>\n\t\t\t\t<div class=\"elementor-element elementor-element-049e1d0 elementor-widget elementor-widget-text-editor\" data-id=\"049e1d0\" data-element_type=\"widget\" data-widget_type=\"text-editor.default\">\n\t\t\t\t<div class=\"elementor-widget-container\">\n\t\t\t\t\t\t\t\t\t<ul>\n<li>Immobilier logistique<\/li>\n<li>Stockage &amp; am\u00e9nagement d\u2019entrep\u00f4ts pour les entreprises<\/li>\n<li>Syst\u00e8mes de transport internes<\/li>\n<li>Emballage et scellement<\/li>\n<li>Chariots \u00e9l\u00e9vateurs \u00e0 fourches<\/li>\n<li>Order &amp; picking<\/li>\n<li>M\u00e9thodes de transfert<\/li>\n<li>S\u00e9curit\u00e9 &amp; maintenance<\/li>\n<li>Manutention des marchandises<\/li>\n<li>Prestataires de services logistiques<\/li>\n<li>(Ultra)logistique<\/li>\n<\/ul>\n\t\t\t\t\t\t\t\t<\/div>\n\t\t\t\t<\/div>\n\t\t\t\t\t<\/div>\n\t\t<\/div>\n\t\t\t\t<div class=\"elementor-column elementor-col-33 elementor-top-column elementor-element elementor-element-5762279 elementor-invisible\" data-id=\"5762279\" data-element_type=\"column\" data-settings=\"{&quot;background_background&quot;:&quot;classic&quot;,&quot;animation&quot;:&quot;fadeInLeft&quot;}\">\n\t\t\t<div class=\"elementor-widget-wrap elementor-element-populated\">\n\t\t\t\t\t\t<div class=\"elementor-element elementor-element-6f1c887 elementor-widget elementor-widget-text-editor\" data-id=\"6f1c887\" data-element_type=\"widget\" data-widget_type=\"text-editor.default\">\n\t\t\t\t<div class=\"elementor-widget-container\">\n\t\t\t\t\t\t\t\t\t<h3>Communication de donn\u00e9es &amp; Logiciels<\/h3>\n\t\t\t\t\t\t\t\t<\/div>\n\t\t\t\t<\/div>\n\t\t\t\t<div class=\"elementor-element elementor-element-d07b8f5 elementor-widget elementor-widget-text-editor\" data-id=\"d07b8f5\" data-element_type=\"widget\" data-widget_type=\"text-editor.default\">\n\t\t\t\t<div class=\"elementor-widget-container\">\n\t\t\t\t\t\t\t\t\t<ul>\n<li>Gestion d\u2019entrep\u00f4t (WMS) &amp; syst\u00e8mes de transport<\/li>\n<li>Syst\u00e8mes de gestion des stocks<\/li>\n<li>Tra\u00e7abilit\u00e9<\/li>\n<li>Identification automatique, codes-barres, RFID &amp; technologie vocale<\/li>\n<li>Solutions IT int\u00e9gr\u00e9es<\/li>\n<\/ul>\n\t\t\t\t\t\t\t\t<\/div>\n\t\t\t\t<\/div>\n\t\t\t\t\t<\/div>\n\t\t<\/div>\n\t\t\t\t\t<\/div>\n\t\t<\/section>\n\t\t\t\t<\/div>\n\t\t","protected":false},"excerpt":{"rendered":"<p>Profil des exposants Transport multimodal et distribution : Transport routier Fret a\u00e9rien Transport ferroviaire Transport maritime Transport intermodal Navigation int\u00e9rieure Transport express Transport \u00e9cologique Ports et centres de transbordement A\u00e9roports et compagnies de fret a\u00e9rien Gestion douani\u00e8re Consultance Stockage et manutention des marchandises Logistique dans l&rsquo;immobilier Stockage et am\u00e9nagement d&rsquo;entrep\u00f4ts pour les entreprises Syst\u00e8mes de [&hellip;]<\/p>\n","protected":false},"author":1475,"featured_media":0,"parent":0,"menu_order":0,"comment_status":"closed","ping_status":"closed","template":"","meta":{"_seopress_robots_primary_cat":"","_seopress_titles_title":"Profil de l'exposant","_seopress_titles_desc":"D\u00e9couvrez plus de 300 exposants du secteur.","_seopress_robots_index":"","footnotes":""},"class_list":["post-1664","page","type-page","status-publish","hentry"],"_links":{"self":[{"href":"https:\/\/www.transport-logistics.be\/fr\/wp-json\/wp\/v2\/pages\/1664","targetHints":{"allow":["GET"]}}],"collection":[{"href":"https:\/\/www.transport-logistics.be\/fr\/wp-json\/wp\/v2\/pages"}],"about":[{"href":"https:\/\/www.transport-logistics.be\/fr\/wp-json\/wp\/v2\/types\/page"}],"author":[{"embeddable":true,"href":"https:\/\/www.transport-logistics.be\/fr\/wp-json\/wp\/v2\/users\/1475"}],"replies":[{"embeddable":true,"href":"https:\/\/www.transport-logistics.be\/fr\/wp-json\/wp\/v2\/comments?post=1664"}],"version-history":[{"count":4,"href":"https:\/\/www.transport-logistics.be\/fr\/wp-json\/wp\/v2\/pages\/1664\/revisions"}],"predecessor-version":[{"id":106554,"href":"https:\/\/www.transport-logistics.be\/fr\/wp-json\/wp\/v2\/pages\/1664\/revisions\/106554"}],"wp:attachment":[{"href":"https:\/\/www.transport-logistics.be\/fr\/wp-json\/wp\/v2\/media?parent=1664"}],"curies":[{"name":"wp","href":"https:\/\/api.w.org\/{rel}","templated":true}]}}