{"id":30710,"date":"2023-06-01T14:02:30","date_gmt":"2023-06-01T12:02:30","guid":{"rendered":"https:\/\/www.transport-logistics.be\/e-commerce\/"},"modified":"2023-10-09T15:33:24","modified_gmt":"2023-10-09T13:33:24","slug":"e-commerce","status":"publish","type":"page","link":"https:\/\/www.transport-logistics.be\/fr\/e-commerce\/","title":{"rendered":"E-commerce"},"content":{"rendered":"\t\t<div data-elementor-type=\"wp-page\" data-elementor-id=\"30710\" class=\"elementor elementor-30710 elementor-29108\" data-elementor-post-type=\"page\">\n\t\t\t\t\t\t<section class=\"elementor-section elementor-top-section elementor-element elementor-element-c0b656b elementor-section-boxed elementor-section-height-default elementor-section-height-default\" data-id=\"c0b656b\" data-element_type=\"section\">\n\t\t\t\t\t\t<div class=\"elementor-container elementor-column-gap-default\">\n\t\t\t\t\t<div class=\"elementor-column elementor-col-100 elementor-top-column elementor-element elementor-element-b41ad19\" data-id=\"b41ad19\" data-element_type=\"column\">\n\t\t\t<div class=\"elementor-widget-wrap elementor-element-populated\">\n\t\t\t\t\t\t<div class=\"elementor-element elementor-element-ad2f39c elementor-widget elementor-widget-heading\" data-id=\"ad2f39c\" data-element_type=\"widget\" data-widget_type=\"heading.default\">\n\t\t\t\t<div class=\"elementor-widget-container\">\n\t\t\t\t\t<h1 class=\"elementor-heading-title elementor-size-default\">Pavillon du E-commerce<\/h1>\t\t\t\t<\/div>\n\t\t\t\t<\/div>\n\t\t\t\t<div class=\"elementor-element elementor-element-ecf7470 elementor-widget elementor-widget-text-editor\" data-id=\"ecf7470\" data-element_type=\"widget\" data-widget_type=\"text-editor.default\">\n\t\t\t\t<div class=\"elementor-widget-container\">\n\t\t\t\t\t\t\t\t\t<p style=\"text-align: center;\">Les 17, 18 et 19 octobre, nous organisons avec bpost le premier eComHub en Belgique au c\u0153ur du salon Transport &amp; Logistics, \u00e0 Antwerp Expo. L&rsquo;objectif : permettre aux entreprises de d\u00e9couvrir en un seul lieu toutes les solutions et innovations propres au commerce \u00e9lectronique pour favoriser le d\u00e9veloppement de leur propre activit\u00e9.<\/p>\n\t\t\t\t\t\t\t\t<\/div>\n\t\t\t\t<\/div>\n\t\t\t\t<div class=\"elementor-element elementor-element-9f4fede elementor-align-center elementor-widget elementor-widget-dynamic-button\" data-id=\"9f4fede\" data-element_type=\"widget\" data-widget_type=\"dynamic-button.default\">\n\t\t\t\t<div class=\"elementor-widget-container\">\n\t\t\t\t\t        <div class=\"elementor-button-wrapper\">\n            <a href=\"https:\/\/ecomtalk.be\/nl\/\" class=\"elementor-button-link elementor-button elementor-size-sm\" role=\"button\">\n                        <span class=\"elementor-button-content-wrapper\">\n\t\t\t\t\t\t<span class=\"elementor-button-text\">En savoir plus sur cet \u00e9v\u00e9nement<\/span>\n\t\t<\/span>\n                    <\/a>\n        <\/div>\n        \t\t\t\t<\/div>\n\t\t\t\t<\/div>\n\t\t\t\t<div class=\"elementor-element elementor-element-5c1d4d1 elementor-widget elementor-widget-image\" data-id=\"5c1d4d1\" data-element_type=\"widget\" data-widget_type=\"image.default\">\n\t\t\t\t<div class=\"elementor-widget-container\">\n\t\t\t\t\t\t\t\t\t\t\t\t\t\t\t<img decoding=\"async\" src=\"https:\/\/easyfairsassets.com\/sites\/239\/elementor\/thumbs\/ecomhub-logo-q6ond2fa88xoaaqhq8e95tnz1evjb8govflxu2p92y.jpg\" title=\"ecomhub logo\" alt=\"eComHub\" loading=\"lazy\" \/>\t\t\t\t\t\t\t\t\t\t\t\t\t\t\t<\/div>\n\t\t\t\t<\/div>\n\t\t\t\t\t<\/div>\n\t\t<\/div>\n\t\t\t\t\t<\/div>\n\t\t<\/section>\n\t\t\t\t<section class=\"elementor-section elementor-top-section elementor-element elementor-element-e3dffd5 elementor-section-boxed elementor-section-height-default elementor-section-height-default\" data-id=\"e3dffd5\" data-element_type=\"section\" data-settings=\"{&quot;background_background&quot;:&quot;classic&quot;}\">\n\t\t\t\t\t\t<div class=\"elementor-container elementor-column-gap-default\">\n\t\t\t\t\t<div class=\"elementor-column elementor-col-50 elementor-top-column elementor-element elementor-element-684e874\" data-id=\"684e874\" data-element_type=\"column\">\n\t\t\t<div class=\"elementor-widget-wrap elementor-element-populated\">\n\t\t\t\t\t\t<div class=\"elementor-element elementor-element-9257b4b elementor-widget elementor-widget-image\" data-id=\"9257b4b\" data-element_type=\"widget\" data-widget_type=\"image.default\">\n\t\t\t\t<div class=\"elementor-widget-container\">\n\t\t\t\t\t\t\t\t\t\t\t\t\t\t\t<img decoding=\"async\" src=\"https:\/\/easyfairsassets.com\/sites\/239\/elementor\/thumbs\/52371384721_c465a754a9_o-1-q6voylj9eyxzqm26x9fh697ekt7stxplpspz4xoud4.jpg\" title=\"52371384721_c465a754a9_o\" alt=\"E-commerce\" loading=\"lazy\" \/>\t\t\t\t\t\t\t\t\t\t\t\t\t\t\t<\/div>\n\t\t\t\t<\/div>\n\t\t\t\t\t<\/div>\n\t\t<\/div>\n\t\t\t\t<div class=\"elementor-column elementor-col-50 elementor-top-column elementor-element elementor-element-10bcafd\" data-id=\"10bcafd\" data-element_type=\"column\">\n\t\t\t<div class=\"elementor-widget-wrap elementor-element-populated\">\n\t\t\t\t\t\t<div class=\"elementor-element elementor-element-a0d3397 elementor-widget elementor-widget-text-editor\" data-id=\"a0d3397\" data-element_type=\"widget\" data-widget_type=\"text-editor.default\">\n\t\t\t\t<div class=\"elementor-widget-container\">\n\t\t\t\t\t\t\t\t\t<h3><span style=\"color: #004459;\"><b>eComHub \u2013 3 jours d\u00e9di\u00e9s \u00e0 e-commerce<\/b><\/span><\/h3>\n\t\t\t\t\t\t\t\t<\/div>\n\t\t\t\t<\/div>\n\t\t\t\t<div class=\"elementor-element elementor-element-996ad90 elementor-widget elementor-widget-text-editor\" data-id=\"996ad90\" data-element_type=\"widget\" data-widget_type=\"text-editor.default\">\n\t\t\t\t<div class=\"elementor-widget-container\">\n\t\t\t\t\t\t\t\t\t<p>Au sein de la foire Transport &amp; Logistics qui se d\u00e9roule sur trois jours et accueille quelque<br \/>\n6 000 visiteurs, la zone \u00ab\u00a0eComHub\u00a0\u00bb &#8211; la seule du genre en Belgique \u2013 sera enti\u00e8rement d\u00e9di\u00e9e \u00e0 l\u2019e-commerce et rassemblera les exposants qui proposent aux entreprises des solutions concr\u00e8tes pour optimiser l\u2019ensemble de leur cha\u00eene de valeurs d\u2019e-commerce. Pour en faire le tour, une visite guid\u00e9e pr\u00e9sentera aux d\u00e9cideurs, entrepreneurs et clients de bpost ces diff\u00e9rents outils, des plateformes web aux solutions de paiement et de livraison.<\/p>\n\t\t\t\t\t\t\t\t<\/div>\n\t\t\t\t<\/div>\n\t\t\t\t<div class=\"elementor-element elementor-element-7316c2f elementor-align-center elementor-widget elementor-widget-dynamic-button\" data-id=\"7316c2f\" data-element_type=\"widget\" data-widget_type=\"dynamic-button.default\">\n\t\t\t\t<div class=\"elementor-widget-container\">\n\t\t\t\t\t        <div class=\"elementor-button-wrapper\">\n            <a href=\"https:\/\/ecomtalk.be\/nl\/\" class=\"elementor-button-link elementor-button elementor-size-sm\" role=\"button\">\n                        <span class=\"elementor-button-content-wrapper\">\n\t\t\t\t\t\t<span class=\"elementor-button-text\">En savoir plus sur cet \u00e9v\u00e9nement<\/span>\n\t\t<\/span>\n                    <\/a>\n        <\/div>\n        \t\t\t\t<\/div>\n\t\t\t\t<\/div>\n\t\t\t\t\t<\/div>\n\t\t<\/div>\n\t\t\t\t\t<\/div>\n\t\t<\/section>\n\t\t\t\t<section class=\"elementor-section elementor-top-section elementor-element elementor-element-10f1bd8 elementor-section-boxed elementor-section-height-default elementor-section-height-default\" data-id=\"10f1bd8\" data-element_type=\"section\" data-settings=\"{&quot;background_background&quot;:&quot;classic&quot;}\">\n\t\t\t\t\t\t<div class=\"elementor-container elementor-column-gap-default\">\n\t\t\t\t\t<div class=\"elementor-column elementor-col-50 elementor-top-column elementor-element elementor-element-f628e88\" data-id=\"f628e88\" data-element_type=\"column\">\n\t\t\t<div class=\"elementor-widget-wrap elementor-element-populated\">\n\t\t\t\t\t\t<div class=\"elementor-element elementor-element-60a4567 elementor-widget elementor-widget-text-editor\" data-id=\"60a4567\" data-element_type=\"widget\" data-widget_type=\"text-editor.default\">\n\t\t\t\t<div class=\"elementor-widget-container\">\n\t\t\t\t\t\t\t\t\t<h2><strong>L\u2019eComTalk \u20135 orateurs vous pr\u00e9senteront leurs points de vue inspirants durant leur conf\u00e9rence du matin !<\/strong><\/h2>\n\t\t\t\t\t\t\t\t<\/div>\n\t\t\t\t<\/div>\n\t\t\t\t<div class=\"elementor-element elementor-element-173420f elementor-widget elementor-widget-text-editor\" data-id=\"173420f\" data-element_type=\"widget\" data-widget_type=\"text-editor.default\">\n\t\t\t\t<div class=\"elementor-widget-container\">\n\t\t\t\t\t\t\t\t\t<p>L&rsquo;eComTalk est un \u00e9v\u00e9nement incontournable en Belgique, offrant aux 250 participants une matin\u00e9e unique, avec des conf\u00e9rences inspirantes. Le 19 octobre, cinq orateurs nationaux et internationaux de premier plan pr\u00e9senteront des cas inspirants, en mettant l&rsquo;accent sur les derni\u00e8res tendances de l\u2019\u00e9volution de l\u2019e-commerce, l\u2019exp\u00e9rience client, l\u2019optimisation de l\u2019e-commerce et le d\u00e9veloppement durable. Les conf\u00e9rences seront suivies d&rsquo;un d\u00e9jeuner VIP et d&rsquo;une visite guid\u00e9e du salon.<\/p>\n\t\t\t\t\t\t\t\t<\/div>\n\t\t\t\t<\/div>\n\t\t\t\t<div class=\"elementor-element elementor-element-a7b846f elementor-align-center elementor-widget elementor-widget-dynamic-button\" data-id=\"a7b846f\" data-element_type=\"widget\" data-widget_type=\"dynamic-button.default\">\n\t\t\t\t<div class=\"elementor-widget-container\">\n\t\t\t\t\t        <div class=\"elementor-button-wrapper\">\n            <a href=\"https:\/\/ecomtalk.be\/nl\/\" class=\"elementor-button-link elementor-button elementor-size-sm\" role=\"button\">\n                        <span class=\"elementor-button-content-wrapper\">\n\t\t\t\t\t\t<span class=\"elementor-button-text\">En savoir plus sur cet \u00e9v\u00e9nement<\/span>\n\t\t<\/span>\n                    <\/a>\n        <\/div>\n        \t\t\t\t<\/div>\n\t\t\t\t<\/div>\n\t\t\t\t\t<\/div>\n\t\t<\/div>\n\t\t\t\t<div class=\"elementor-column elementor-col-50 elementor-top-column elementor-element elementor-element-b45b4f6\" data-id=\"b45b4f6\" data-element_type=\"column\">\n\t\t\t<div class=\"elementor-widget-wrap elementor-element-populated\">\n\t\t\t\t\t\t<div class=\"elementor-element elementor-element-09b6822 elementor-widget elementor-widget-image\" data-id=\"09b6822\" data-element_type=\"widget\" data-widget_type=\"image.default\">\n\t\t\t\t<div class=\"elementor-widget-container\">\n\t\t\t\t\t\t\t\t\t\t\t\t\t\t\t<img fetchpriority=\"high\" decoding=\"async\" width=\"400\" height=\"267\" src=\"https:\/\/easyfairsassets.com\/sites\/239\/2023\/05\/51651490668_ebaf0007bc_w.jpg\" class=\"attachment-large size-large wp-image-30519\" alt=\"\" srcset=\"https:\/\/easyfairsassets.com\/sites\/239\/2023\/05\/51651490668_ebaf0007bc_w.jpg 400w, https:\/\/easyfairsassets.com\/sites\/239\/2023\/05\/51651490668_ebaf0007bc_w-300x200.jpg 300w\" sizes=\"(max-width: 400px) 100vw, 400px\" \/>\t\t\t\t\t\t\t\t\t\t\t\t\t\t\t<\/div>\n\t\t\t\t<\/div>\n\t\t\t\t\t<\/div>\n\t\t<\/div>\n\t\t\t\t\t<\/div>\n\t\t<\/section>\n\t\t\t\t<section class=\"elementor-section elementor-top-section elementor-element elementor-element-94eca3a elementor-section-boxed elementor-section-height-default elementor-section-height-default\" data-id=\"94eca3a\" data-element_type=\"section\" data-settings=\"{&quot;background_background&quot;:&quot;classic&quot;}\">\n\t\t\t\t\t\t<div class=\"elementor-container elementor-column-gap-default\">\n\t\t\t\t\t<div class=\"elementor-column elementor-col-20 elementor-top-column elementor-element elementor-element-e9f9c2f\" data-id=\"e9f9c2f\" data-element_type=\"column\" data-settings=\"{&quot;background_background&quot;:&quot;classic&quot;}\">\n\t\t\t<div class=\"elementor-widget-wrap elementor-element-populated\">\n\t\t\t\t\t\t<div class=\"elementor-element elementor-element-f09089e elementor-widget__width-initial elementor-widget elementor-widget-image\" data-id=\"f09089e\" data-element_type=\"widget\" data-widget_type=\"image.default\">\n\t\t\t\t<div class=\"elementor-widget-container\">\n\t\t\t\t\t\t\t\t\t\t\t\t\t\t\t<img decoding=\"async\" width=\"300\" height=\"165\" src=\"https:\/\/easyfairsassets.com\/sites\/239\/2023\/05\/bpostlogo-300x165.png\" class=\"attachment-medium size-medium wp-image-30370\" alt=\"bpost\" srcset=\"https:\/\/easyfairsassets.com\/sites\/239\/2023\/05\/bpostlogo-300x165.png 300w, https:\/\/easyfairsassets.com\/sites\/239\/2023\/05\/bpostlogo-1024x562.png 1024w, https:\/\/easyfairsassets.com\/sites\/239\/2023\/05\/bpostlogo-768x422.png 768w, https:\/\/easyfairsassets.com\/sites\/239\/2023\/05\/bpostlogo-1536x843.png 1536w, https:\/\/easyfairsassets.com\/sites\/239\/2023\/05\/bpostlogo.png 1920w\" sizes=\"(max-width: 300px) 100vw, 300px\" \/>\t\t\t\t\t\t\t\t\t\t\t\t\t\t\t<\/div>\n\t\t\t\t<\/div>\n\t\t\t\t\t<\/div>\n\t\t<\/div>\n\t\t\t\t<div class=\"elementor-column elementor-col-20 elementor-top-column elementor-element elementor-element-b96b68f\" data-id=\"b96b68f\" data-element_type=\"column\">\n\t\t\t<div class=\"elementor-widget-wrap\">\n\t\t\t\t\t\t\t<\/div>\n\t\t<\/div>\n\t\t\t\t<div class=\"elementor-column elementor-col-20 elementor-top-column elementor-element elementor-element-e1c6a86\" data-id=\"e1c6a86\" data-element_type=\"column\" data-settings=\"{&quot;background_background&quot;:&quot;classic&quot;}\">\n\t\t\t<div class=\"elementor-widget-wrap elementor-element-populated\">\n\t\t\t\t\t\t<div class=\"elementor-element elementor-element-6d5680e elementor-widget elementor-widget-image\" data-id=\"6d5680e\" data-element_type=\"widget\" data-widget_type=\"image.default\">\n\t\t\t\t<div class=\"elementor-widget-container\">\n\t\t\t\t\t\t\t\t\t\t\t\t\t\t\t<img decoding=\"async\" width=\"150\" height=\"150\" src=\"https:\/\/easyfairsassets.com\/sites\/239\/2023\/05\/becommerce-logo-150x150.png\" class=\"attachment-thumbnail size-thumbnail wp-image-30367\" alt=\"becommerce\" srcset=\"https:\/\/easyfairsassets.com\/sites\/239\/2023\/05\/becommerce-logo-150x150.png 150w, https:\/\/easyfairsassets.com\/sites\/239\/2023\/05\/becommerce-logo-300x300.png 300w, https:\/\/easyfairsassets.com\/sites\/239\/2023\/05\/becommerce-logo.png 650w\" sizes=\"(max-width: 150px) 100vw, 150px\" \/>\t\t\t\t\t\t\t\t\t\t\t\t\t\t\t<\/div>\n\t\t\t\t<\/div>\n\t\t\t\t\t<\/div>\n\t\t<\/div>\n\t\t\t\t<div class=\"elementor-column elementor-col-20 elementor-top-column elementor-element elementor-element-732a36c\" data-id=\"732a36c\" data-element_type=\"column\">\n\t\t\t<div class=\"elementor-widget-wrap\">\n\t\t\t\t\t\t\t<\/div>\n\t\t<\/div>\n\t\t\t\t<div class=\"elementor-column elementor-col-20 elementor-top-column elementor-element elementor-element-4926cdd\" data-id=\"4926cdd\" data-element_type=\"column\" data-settings=\"{&quot;background_background&quot;:&quot;classic&quot;}\">\n\t\t\t<div class=\"elementor-widget-wrap elementor-element-populated\">\n\t\t\t\t\t\t<div class=\"elementor-element elementor-element-f234fd2 elementor-widget elementor-widget-image\" data-id=\"f234fd2\" data-element_type=\"widget\" data-widget_type=\"image.default\">\n\t\t\t\t<div class=\"elementor-widget-container\">\n\t\t\t\t\t\t\t\t\t\t\t\t\t\t\t<img loading=\"lazy\" decoding=\"async\" width=\"800\" height=\"205\" src=\"https:\/\/easyfairsassets.com\/sites\/239\/2023\/05\/safeshops-logo-1024x263.png\" class=\"attachment-large size-large wp-image-30364\" alt=\"safeshops\" srcset=\"https:\/\/easyfairsassets.com\/sites\/239\/2023\/05\/safeshops-logo-1024x263.png 1024w, https:\/\/easyfairsassets.com\/sites\/239\/2023\/05\/safeshops-logo-300x77.png 300w, https:\/\/easyfairsassets.com\/sites\/239\/2023\/05\/safeshops-logo-768x198.png 768w, https:\/\/easyfairsassets.com\/sites\/239\/2023\/05\/safeshops-logo-1536x395.png 1536w, https:\/\/easyfairsassets.com\/sites\/239\/2023\/05\/safeshops-logo.png 1920w\" sizes=\"(max-width: 800px) 100vw, 800px\" \/>\t\t\t\t\t\t\t\t\t\t\t\t\t\t\t<\/div>\n\t\t\t\t<\/div>\n\t\t\t\t\t<\/div>\n\t\t<\/div>\n\t\t\t\t\t<\/div>\n\t\t<\/section>\n\t\t\t\t<section class=\"elementor-section elementor-top-section elementor-element elementor-element-42c1c2f elementor-section-boxed elementor-section-height-default elementor-section-height-default\" data-id=\"42c1c2f\" data-element_type=\"section\" data-settings=\"{&quot;background_background&quot;:&quot;classic&quot;}\">\n\t\t\t\t\t\t<div class=\"elementor-container elementor-column-gap-default\">\n\t\t\t\t\t<div class=\"elementor-column elementor-col-50 elementor-top-column elementor-element elementor-element-51f30fd\" data-id=\"51f30fd\" data-element_type=\"column\">\n\t\t\t<div class=\"elementor-widget-wrap elementor-element-populated\">\n\t\t\t\t\t\t<div class=\"elementor-element elementor-element-a157916 elementor-widget elementor-widget-image\" data-id=\"a157916\" data-element_type=\"widget\" data-widget_type=\"image.default\">\n\t\t\t\t<div class=\"elementor-widget-container\">\n\t\t\t\t\t\t\t\t\t\t\t\t\t\t\t<img loading=\"lazy\" decoding=\"async\" width=\"300\" height=\"286\" src=\"https:\/\/easyfairsassets.com\/sites\/239\/2020\/11\/Veronique-Lietaer-LR-1278x1920-Copy-300x286.jpg\" class=\"attachment-medium size-medium wp-image-265\" alt=\"Veronique Lietaer\" srcset=\"https:\/\/easyfairsassets.com\/sites\/239\/2020\/11\/Veronique-Lietaer-LR-1278x1920-Copy-300x286.jpg 300w, https:\/\/easyfairsassets.com\/sites\/239\/2020\/11\/Veronique-Lietaer-LR-1278x1920-Copy.jpg 623w\" sizes=\"(max-width: 300px) 100vw, 300px\" \/>\t\t\t\t\t\t\t\t\t\t\t\t\t\t\t<\/div>\n\t\t\t\t<\/div>\n\t\t\t\t\t<\/div>\n\t\t<\/div>\n\t\t\t\t<div class=\"elementor-column elementor-col-50 elementor-top-column elementor-element elementor-element-21811fa\" data-id=\"21811fa\" data-element_type=\"column\">\n\t\t\t<div class=\"elementor-widget-wrap elementor-element-populated\">\n\t\t\t\t\t\t<div class=\"elementor-element elementor-element-ce8de89 elementor-widget__width-auto elementor-widget elementor-widget-text-editor\" data-id=\"ce8de89\" data-element_type=\"widget\" data-widget_type=\"text-editor.default\">\n\t\t\t\t<div class=\"elementor-widget-container\">\n\t\t\t\t\t\t\t\t\t<p>Plus d&rsquo;informations ?<\/p>\n\t\t\t\t\t\t\t\t<\/div>\n\t\t\t\t<\/div>\n\t\t\t\t<div class=\"elementor-element elementor-element-e869000 elementor-widget elementor-widget-text-editor\" data-id=\"e869000\" data-element_type=\"widget\" data-widget_type=\"text-editor.default\">\n\t\t\t\t<div class=\"elementor-widget-container\">\n\t\t\t\t\t\t\t\t\t<span style=\"font-size: 15px; color: var( --e-global-color-astglobalcolor5 ); font-family: var( --e-global-typography-text-font-family ), Sans-serif; background-color: var( --e-global-color-primary );\"><b>V\u00e9ronique Lietaer\r\n<\/b><\/span><span style=\"font-size: 15px; color: var( --e-global-color-astglobalcolor5 ); font-family: var( --e-global-typography-text-font-family ), Sans-serif; background-color: var( --e-global-color-primary );\">Sales Executive\r\n<\/span><span style=\"background-color: var( --e-global-color-primary ); color: var( --e-global-color-astglobalcolor5 ); font-family: var( --e-global-typography-text-font-family ), Sans-serif; font-size: 15px;\">+32 (03) 280 53 61<\/span>\t\t\t\t\t\t\t\t<\/div>\n\t\t\t\t<\/div>\n\t\t\t\t<div class=\"elementor-element elementor-element-d62bcbe elementor-widget__width-auto elementor-view-default elementor-widget elementor-widget-icon\" data-id=\"d62bcbe\" data-element_type=\"widget\" data-widget_type=\"icon.default\">\n\t\t\t\t<div class=\"elementor-widget-container\">\n\t\t\t\t\t\t\t<div class=\"elementor-icon-wrapper\">\n\t\t\t<div class=\"elementor-icon\">\n\t\t\t<i aria-hidden=\"true\" class=\"fas fa-envelope\"><\/i>\t\t\t<\/div>\n\t\t<\/div>\n\t\t\t\t\t\t<\/div>\n\t\t\t\t<\/div>\n\t\t\t\t<div class=\"elementor-element elementor-element-d414a3d elementor-widget__width-initial elementor-view-default elementor-widget elementor-widget-icon\" data-id=\"d414a3d\" data-element_type=\"widget\" data-widget_type=\"icon.default\">\n\t\t\t\t<div class=\"elementor-widget-container\">\n\t\t\t\t\t\t\t<div class=\"elementor-icon-wrapper\">\n\t\t\t<div class=\"elementor-icon\">\n\t\t\t<i aria-hidden=\"true\" class=\"fab fa-linkedin\"><\/i>\t\t\t<\/div>\n\t\t<\/div>\n\t\t\t\t\t\t<\/div>\n\t\t\t\t<\/div>\n\t\t\t\t\t<\/div>\n\t\t<\/div>\n\t\t\t\t\t<\/div>\n\t\t<\/section>\n\t\t\t\t<\/div>\n\t\t","protected":false},"excerpt":{"rendered":"<p>Pavillon du E-commerce Les 17, 18 et 19 octobre, nous organisons avec bpost le premier eComHub en Belgique au c\u0153ur du salon Transport &amp; Logistics, \u00e0 Antwerp Expo. L&rsquo;objectif : permettre aux entreprises de d\u00e9couvrir en un seul lieu toutes les solutions et innovations propres au commerce \u00e9lectronique pour favoriser le d\u00e9veloppement de leur propre [&hellip;]<\/p>\n","protected":false},"author":219,"featured_media":0,"parent":0,"menu_order":0,"comment_status":"closed","ping_status":"closed","template":"","meta":{"_seopress_robots_primary_cat":"","_seopress_titles_title":"","_seopress_titles_desc":"","_seopress_robots_index":"","footnotes":""},"class_list":["post-30710","page","type-page","status-publish","hentry"],"_links":{"self":[{"href":"https:\/\/www.transport-logistics.be\/fr\/wp-json\/wp\/v2\/pages\/30710","targetHints":{"allow":["GET"]}}],"collection":[{"href":"https:\/\/www.transport-logistics.be\/fr\/wp-json\/wp\/v2\/pages"}],"about":[{"href":"https:\/\/www.transport-logistics.be\/fr\/wp-json\/wp\/v2\/types\/page"}],"author":[{"embeddable":true,"href":"https:\/\/www.transport-logistics.be\/fr\/wp-json\/wp\/v2\/users\/219"}],"replies":[{"embeddable":true,"href":"https:\/\/www.transport-logistics.be\/fr\/wp-json\/wp\/v2\/comments?post=30710"}],"version-history":[{"count":5,"href":"https:\/\/www.transport-logistics.be\/fr\/wp-json\/wp\/v2\/pages\/30710\/revisions"}],"predecessor-version":[{"id":56013,"href":"https:\/\/www.transport-logistics.be\/fr\/wp-json\/wp\/v2\/pages\/30710\/revisions\/56013"}],"wp:attachment":[{"href":"https:\/\/www.transport-logistics.be\/fr\/wp-json\/wp\/v2\/media?parent=30710"}],"curies":[{"name":"wp","href":"https:\/\/api.w.org\/{rel}","templated":true}]}}