{"id":40623,"date":"2023-08-17T15:01:39","date_gmt":"2023-08-17T13:01:39","guid":{"rendered":"https:\/\/www.transport-logistics.be\/energyville\/"},"modified":"2023-08-17T15:01:39","modified_gmt":"2023-08-17T13:01:39","slug":"energyville","status":"publish","type":"page","link":"https:\/\/www.transport-logistics.be\/fr\/energyville\/","title":{"rendered":"EnergyVille"},"content":{"rendered":"\t\t<div data-elementor-type=\"wp-page\" data-elementor-id=\"40623\" class=\"elementor elementor-40623 elementor-35261\" data-elementor-post-type=\"page\">\n\t\t\t\t\t\t<section class=\"elementor-section elementor-top-section elementor-element elementor-element-c81f60d elementor-section-boxed elementor-section-height-default elementor-section-height-default\" data-id=\"c81f60d\" data-element_type=\"section\">\n\t\t\t\t\t\t<div class=\"elementor-container elementor-column-gap-default\">\n\t\t\t\t\t<div class=\"elementor-column elementor-col-100 elementor-top-column elementor-element elementor-element-a32020d\" data-id=\"a32020d\" data-element_type=\"column\">\n\t\t\t<div class=\"elementor-widget-wrap elementor-element-populated\">\n\t\t\t\t\t\t<div class=\"elementor-element elementor-element-1260c20 elementor-widget elementor-widget-heading\" data-id=\"1260c20\" data-element_type=\"widget\" data-widget_type=\"heading.default\">\n\t\t\t\t<div class=\"elementor-widget-container\">\n\t\t\t\t\t<h1 class=\"elementor-heading-title elementor-size-default\">EnergyVille<\/h1>\t\t\t\t<\/div>\n\t\t\t\t<\/div>\n\t\t\t\t<div class=\"elementor-element elementor-element-9e63c54 elementor-widget elementor-widget-text-editor\" data-id=\"9e63c54\" data-element_type=\"widget\" data-widget_type=\"text-editor.default\">\n\t\t\t\t<div class=\"elementor-widget-container\">\n\t\t\t\t\t\t\t\t\t<p>Mercredi 18\/10 \u00e0 10h00 &#8211; 11h00<\/p>\n\t\t\t\t\t\t\t\t<\/div>\n\t\t\t\t<\/div>\n\t\t\t\t\t<\/div>\n\t\t<\/div>\n\t\t\t\t\t<\/div>\n\t\t<\/section>\n\t\t\t\t<section class=\"elementor-section elementor-top-section elementor-element elementor-element-a8a77bb elementor-section-boxed elementor-section-height-default elementor-section-height-default\" data-id=\"a8a77bb\" data-element_type=\"section\">\n\t\t\t\t\t\t<div class=\"elementor-container elementor-column-gap-default\">\n\t\t\t\t\t<div class=\"elementor-column elementor-col-50 elementor-top-column elementor-element elementor-element-8e9c0de\" data-id=\"8e9c0de\" data-element_type=\"column\">\n\t\t\t<div class=\"elementor-widget-wrap elementor-element-populated\">\n\t\t\t\t\t\t<div class=\"elementor-element elementor-element-066a2eb elementor-widget elementor-widget-image\" data-id=\"066a2eb\" data-element_type=\"widget\" data-widget_type=\"image.default\">\n\t\t\t\t<div class=\"elementor-widget-container\">\n\t\t\t\t\t\t\t\t\t\t\t\t\t\t\t<img fetchpriority=\"high\" decoding=\"async\" width=\"799\" height=\"533\" src=\"https:\/\/easyfairsassets.com\/sites\/239\/2023\/06\/51650440077_a954498b6c_c.jpg\" class=\"attachment-large size-large wp-image-35278\" alt=\"\" srcset=\"https:\/\/easyfairsassets.com\/sites\/239\/2023\/06\/51650440077_a954498b6c_c.jpg 799w, https:\/\/easyfairsassets.com\/sites\/239\/2023\/06\/51650440077_a954498b6c_c-300x200.jpg 300w, https:\/\/easyfairsassets.com\/sites\/239\/2023\/06\/51650440077_a954498b6c_c-768x512.jpg 768w\" sizes=\"(max-width: 799px) 100vw, 799px\" \/>\t\t\t\t\t\t\t\t\t\t\t\t\t\t\t<\/div>\n\t\t\t\t<\/div>\n\t\t\t\t\t<\/div>\n\t\t<\/div>\n\t\t\t\t<div class=\"elementor-column elementor-col-50 elementor-top-column elementor-element elementor-element-76b352d\" data-id=\"76b352d\" data-element_type=\"column\">\n\t\t\t<div class=\"elementor-widget-wrap elementor-element-populated\">\n\t\t\t\t\t\t<div class=\"elementor-element elementor-element-60c20f2 elementor-widget elementor-widget-text-editor\" data-id=\"60c20f2\" data-element_type=\"widget\" data-widget_type=\"text-editor.default\">\n\t\t\t\t<div class=\"elementor-widget-container\">\n\t\t\t\t\t\t\t\t\t<p>Utilisation intelligente de l&rsquo;\u00e9nergie dans les transports<\/p>\n\t\t\t\t\t\t\t\t<\/div>\n\t\t\t\t<\/div>\n\t\t\t\t<div class=\"elementor-element elementor-element-c653d7e elementor-widget elementor-widget-text-editor\" data-id=\"c653d7e\" data-element_type=\"widget\" data-widget_type=\"text-editor.default\">\n\t\t\t\t<div class=\"elementor-widget-container\">\n\t\t\t\t\t\t\t\t\t<p>L&rsquo;\u00e9nergie et la mobilit\u00e9 sont de plus en plus \u00e9troitement li\u00e9es. Les v\u00e9hicules \u00e9lectriques produits en masse sont inimaginables dans nos rues et ce n&rsquo;est probablement qu&rsquo;une question de temps avant que les moteurs \u00e0 essence et diesel ne soient d\u00e9finitivement remplac\u00e9s.<\/p>\n<p>Le passage \u00e0 l&rsquo;e-mobilit\u00e9 offre \u00e9galement de grandes opportunit\u00e9s pour notre syst\u00e8me \u00e9nerg\u00e9tique. Dans cette pr\u00e9sentation, nous mettrons en lumi\u00e8re les d\u00e9fis associ\u00e9s \u00e0 l&rsquo;e-mobilit\u00e9 et discuterons de la mani\u00e8re de transformer ces d\u00e9fis en opportunit\u00e9s pour les propri\u00e9taires de v\u00e9hicules, mais aussi pour les entreprises.<\/p>\n\t\t\t\t\t\t\t\t<\/div>\n\t\t\t\t<\/div>\n\t\t\t\t\t<\/div>\n\t\t<\/div>\n\t\t\t\t\t<\/div>\n\t\t<\/section>\n\t\t\t\t<section class=\"elementor-section elementor-top-section elementor-element elementor-element-c1cc0f9 elementor-section-boxed elementor-section-height-default elementor-section-height-default\" data-id=\"c1cc0f9\" data-element_type=\"section\">\n\t\t\t\t\t\t<div class=\"elementor-container elementor-column-gap-default\">\n\t\t\t\t\t<div class=\"elementor-column elementor-col-100 elementor-top-column elementor-element elementor-element-4bf5b9d\" data-id=\"4bf5b9d\" data-element_type=\"column\">\n\t\t\t<div class=\"elementor-widget-wrap elementor-element-populated\">\n\t\t\t\t\t\t<div class=\"elementor-element elementor-element-b2f9c1b elementor-widget elementor-widget-image\" data-id=\"b2f9c1b\" data-element_type=\"widget\" data-widget_type=\"image.default\">\n\t\t\t\t<div class=\"elementor-widget-container\">\n\t\t\t\t\t\t\t\t\t\t\t\t\t\t\t<img decoding=\"async\" src=\"https:\/\/easyfairsassets.com\/sites\/239\/elementor\/thumbs\/energyville-q8ohac6di7dnewdthnepdj7xwtr6kuj6ynh6g2bz8s.png\" title=\"energyville\" alt=\"energyville\" loading=\"lazy\" \/>\t\t\t\t\t\t\t\t\t\t\t\t\t\t\t<\/div>\n\t\t\t\t<\/div>\n\t\t\t\t\t<\/div>\n\t\t<\/div>\n\t\t\t\t\t<\/div>\n\t\t<\/section>\n\t\t\t\t<\/div>\n\t\t","protected":false},"excerpt":{"rendered":"<p>EnergyVille Mercredi 18\/10 \u00e0 10h00 &#8211; 11h00 Utilisation intelligente de l&rsquo;\u00e9nergie dans les transports L&rsquo;\u00e9nergie et la mobilit\u00e9 sont de plus en plus \u00e9troitement li\u00e9es. Les v\u00e9hicules \u00e9lectriques produits en masse sont inimaginables dans nos rues et ce n&rsquo;est probablement qu&rsquo;une question de temps avant que les moteurs \u00e0 essence et diesel ne soient d\u00e9finitivement [&hellip;]<\/p>\n","protected":false},"author":219,"featured_media":0,"parent":0,"menu_order":0,"comment_status":"closed","ping_status":"closed","template":"","meta":{"_seopress_robots_primary_cat":"","_seopress_titles_title":"","_seopress_titles_desc":"","_seopress_robots_index":"","footnotes":""},"class_list":["post-40623","page","type-page","status-publish","hentry"],"_links":{"self":[{"href":"https:\/\/www.transport-logistics.be\/fr\/wp-json\/wp\/v2\/pages\/40623","targetHints":{"allow":["GET"]}}],"collection":[{"href":"https:\/\/www.transport-logistics.be\/fr\/wp-json\/wp\/v2\/pages"}],"about":[{"href":"https:\/\/www.transport-logistics.be\/fr\/wp-json\/wp\/v2\/types\/page"}],"author":[{"embeddable":true,"href":"https:\/\/www.transport-logistics.be\/fr\/wp-json\/wp\/v2\/users\/219"}],"replies":[{"embeddable":true,"href":"https:\/\/www.transport-logistics.be\/fr\/wp-json\/wp\/v2\/comments?post=40623"}],"version-history":[{"count":1,"href":"https:\/\/www.transport-logistics.be\/fr\/wp-json\/wp\/v2\/pages\/40623\/revisions"}],"predecessor-version":[{"id":40624,"href":"https:\/\/www.transport-logistics.be\/fr\/wp-json\/wp\/v2\/pages\/40623\/revisions\/40624"}],"wp:attachment":[{"href":"https:\/\/www.transport-logistics.be\/fr\/wp-json\/wp\/v2\/media?parent=40623"}],"curies":[{"name":"wp","href":"https:\/\/api.w.org\/{rel}","templated":true}]}}