{"id":4124,"date":"2021-07-29T12:00:55","date_gmt":"2021-07-29T10:00:55","guid":{"rendered":"https:\/\/www.transport-logistics.be\/?page_id=4124"},"modified":"2025-08-20T15:32:18","modified_gmt":"2025-08-20T13:32:18","slug":"kmoinsider","status":"publish","type":"page","link":"https:\/\/www.transport-logistics.be\/fr\/kmoinsider\/","title":{"rendered":"KMOinsider"},"content":{"rendered":"\t\t<div data-elementor-type=\"wp-page\" data-elementor-id=\"4124\" class=\"elementor elementor-4124 elementor-4123\" data-elementor-post-type=\"page\">\n\t\t\t\t<div class=\"elementor-element elementor-element-2ddbdf7 e-con-full e-flex e-con e-parent\" data-id=\"2ddbdf7\" data-element_type=\"container\" data-settings=\"{&quot;background_background&quot;:&quot;classic&quot;}\">\n\t\t<div class=\"elementor-element elementor-element-2529b7a e-flex e-con-boxed e-con e-child\" data-id=\"2529b7a\" data-element_type=\"container\">\n\t\t\t\t\t<div class=\"e-con-inner\">\n\t\t<div class=\"elementor-element elementor-element-e772d7d e-flex e-con-boxed e-con e-child\" data-id=\"e772d7d\" data-element_type=\"container\" data-settings=\"{&quot;background_background&quot;:&quot;classic&quot;}\">\n\t\t\t\t\t<div class=\"e-con-inner\">\n\t\t<div class=\"elementor-element elementor-element-b152d0d e-con-full e-flex e-con e-child\" data-id=\"b152d0d\" data-element_type=\"container\">\n\t\t\t\t<div class=\"elementor-element elementor-element-68a5d7c elementor-widget elementor-widget-heading\" data-id=\"68a5d7c\" data-element_type=\"widget\" data-widget_type=\"heading.default\">\n\t\t\t\t<div class=\"elementor-widget-container\">\n\t\t\t\t\t<h2 class=\"elementor-heading-title elementor-size-default\">KMOinsider<\/h2>\t\t\t\t<\/div>\n\t\t\t\t<\/div>\n\t\t\t\t<div class=\"elementor-element elementor-element-0ccb45a elementor-widget elementor-widget-text-editor\" data-id=\"0ccb45a\" data-element_type=\"widget\" data-widget_type=\"text-editor.default\">\n\t\t\t\t<div class=\"elementor-widget-container\">\n\t\t\t\t\t\t\t\t\t<p data-start=\"72\" data-end=\"452\">KMOinsider est la principale <strong>plateforme B2B en ligne flamande<\/strong> ainsi qu\u2019un magazine imprim\u00e9 (annuel) publi\u00e9 par l\u2019agence de content marketing KMOdynamoo. Elle s\u2019adresse sp\u00e9cifiquement aux PME (entreprises comptant de 5 \u00e0 199 employ\u00e9s) et propose des r\u00e9cits pertinents, des conseils pratiques et des contacts pr\u00e9cieux pour les entrepreneurs, chefs d\u2019entreprise et cadres dirigeants.<\/p><br><p data-start=\"454\" data-end=\"870\">KMOinsider est depuis de nombreuses ann\u00e9es <strong>un partenaire m\u00e9dia appr\u00e9ci\u00e9 de Transport &amp; Logistics.<\/strong> Ils organisent non seulement le populaire <strong>Business@Breakfast<\/strong>, le coup d\u2019envoi officiel du r\u00e9seautage lors des trois jours de salon, mais installent \u00e9galement leur propre <strong>pavillon<\/strong>, o\u00f9 les dirigeants de PME se rencontrent pour des \u00e9changes inspirants, des insights concrets et de nouvelles opportunit\u00e9s professionnelles.<\/p>\t\t\t\t\t\t\t\t<\/div>\n\t\t\t\t<\/div>\n\t\t\t\t<div class=\"elementor-element elementor-element-b3914ba elementor-align-left elementor-widget elementor-widget-dynamic-button\" data-id=\"b3914ba\" data-element_type=\"widget\" data-widget_type=\"dynamic-button.default\">\n\t\t\t\t<div class=\"elementor-widget-container\">\n\t\t\t\t\t        <div class=\"elementor-button-wrapper\">\n            <a href=\"https:\/\/www.kmoinsider.be\" class=\"elementor-button-link elementor-button elementor-size-sm\" role=\"button\">\n                        <span class=\"elementor-button-content-wrapper\">\n\t\t\t\t\t\t<span class=\"elementor-button-text\">\u00c0 propos de KMOinsider<\/span>\n\t\t<\/span>\n                    <\/a>\n        <\/div>\n        \t\t\t\t<\/div>\n\t\t\t\t<\/div>\n\t\t\t\t<\/div>\n\t\t<div class=\"elementor-element elementor-element-3f16b9f e-con-full e-flex e-con e-child\" data-id=\"3f16b9f\" data-element_type=\"container\" data-settings=\"{&quot;background_background&quot;:&quot;classic&quot;}\">\n\t\t\t\t<\/div>\n\t\t\t\t\t<\/div>\n\t\t\t\t<\/div>\n\t\t<div class=\"elementor-element elementor-element-037fc0c e-con-full e-flex e-con e-child\" data-id=\"037fc0c\" data-element_type=\"container\" data-settings=\"{&quot;background_background&quot;:&quot;classic&quot;}\">\n\t\t<div class=\"elementor-element elementor-element-e77bd3f e-con-full e-flex e-con e-child\" data-id=\"e77bd3f\" data-element_type=\"container\" data-settings=\"{&quot;background_background&quot;:&quot;slideshow&quot;,&quot;background_slideshow_gallery&quot;:[{&quot;id&quot;:63159,&quot;url&quot;:&quot;https:\\\/\\\/www.transport-logistics.be\\\/wp-content\\\/uploads\\\/sites\\\/239\\\/2024\\\/06\\\/logo-KMOinsider_1820x830.jpg&quot;},{&quot;id&quot;:79532,&quot;url&quot;:&quot;https:\\\/\\\/www.transport-logistics.be\\\/wp-content\\\/uploads\\\/sites\\\/239\\\/2024\\\/11\\\/Logo-Generix-2024_dark-blue-2.png&quot;},{&quot;id&quot;:96508,&quot;url&quot;:&quot;https:\\\/\\\/www.transport-logistics.be\\\/wp-content\\\/uploads\\\/sites\\\/239\\\/2025\\\/08\\\/2-1.jpg&quot;},{&quot;id&quot;:91345,&quot;url&quot;:&quot;https:\\\/\\\/www.transport-logistics.be\\\/wp-content\\\/uploads\\\/sites\\\/239\\\/2025\\\/06\\\/csm_Storopack_Logo_RGB_3c3cc237a9.webp&quot;},{&quot;id&quot;:91348,&quot;url&quot;:&quot;https:\\\/\\\/www.transport-logistics.be\\\/wp-content\\\/uploads\\\/sites\\\/239\\\/2025\\\/06\\\/Sanders.png&quot;},{&quot;id&quot;:74263,&quot;url&quot;:&quot;https:\\\/\\\/www.transport-logistics.be\\\/wp-content\\\/uploads\\\/sites\\\/239\\\/2024\\\/07\\\/SD_logo_baseline_pos_rgb_jpg.jpg&quot;},{&quot;id&quot;:96505,&quot;url&quot;:&quot;https:\\\/\\\/www.transport-logistics.be\\\/wp-content\\\/uploads\\\/sites\\\/239\\\/2025\\\/08\\\/1-1.jpg&quot;}],&quot;background_slideshow_slide_duration&quot;:2000,&quot;background_slideshow_loop&quot;:&quot;yes&quot;,&quot;background_slideshow_slide_transition&quot;:&quot;fade&quot;,&quot;background_slideshow_transition_duration&quot;:500}\">\n\t\t\t\t<\/div>\n\t\t<div class=\"elementor-element elementor-element-55940f6 e-con-full e-flex e-con e-child\" data-id=\"55940f6\" data-element_type=\"container\">\n\t\t\t\t<div class=\"elementor-element elementor-element-2b160f3 elementor-widget elementor-widget-heading\" data-id=\"2b160f3\" data-element_type=\"widget\" data-widget_type=\"heading.default\">\n\t\t\t\t<div class=\"elementor-widget-container\">\n\t\t\t\t\t<h2 class=\"elementor-heading-title elementor-size-default\">KMOinsider pavillon<\/h2>\t\t\t\t<\/div>\n\t\t\t\t<\/div>\n\t\t\t\t<div class=\"elementor-element elementor-element-35299c9 elementor-widget elementor-widget-text-editor\" data-id=\"35299c9\" data-element_type=\"widget\" data-widget_type=\"text-editor.default\">\n\t\t\t\t<div class=\"elementor-widget-container\">\n\t\t\t\t\t\t\t\t\t<p data-start=\"48\" data-end=\"304\"><strong>Rencontrer des entrepreneurs, \u00e9changer avec les partenaires de Transport &amp; Logistics,<\/strong> d\u00e9couvrir les tendances et faire le plein d\u2019\u00e9nergie lors des ap\u00e9ritifs de r\u00e9seautage\u2026 le pavillon de KMO-Insider est l\u2019endroit id\u00e9al pour cela. Venez nous rendre visite !<\/p>\n<p><\/p>\n<p data-start=\"306\" data-end=\"480\">Comme chaque ann\u00e9e, KMOinsider ouvre le salon avec le <strong>Business@Breakfast<\/strong>. La toute premi\u00e8re occasion de r\u00e9seautage pour bien d\u00e9marrer ces trois jours. Serez-vous des n\u00f4tres ?<\/p>\n\t\t\t\t\t\t\t\t<\/div>\n\t\t\t\t<\/div>\n\t\t\t\t<\/div>\n\t\t\t\t<\/div>\n\t\t<div class=\"elementor-element elementor-element-f616cdb e-con-full e-flex e-con e-child\" data-id=\"f616cdb\" data-element_type=\"container\" data-settings=\"{&quot;background_background&quot;:&quot;classic&quot;}\">\n\t\t<div class=\"elementor-element elementor-element-4e293a7 e-con-full e-flex e-con e-child\" data-id=\"4e293a7\" data-element_type=\"container\">\n\t\t\t\t<div class=\"elementor-element elementor-element-d4575c3 elementor-widget elementor-widget-heading\" data-id=\"d4575c3\" data-element_type=\"widget\" data-widget_type=\"heading.default\">\n\t\t\t\t<div class=\"elementor-widget-container\">\n\t\t\t\t\t<h2 class=\"elementor-heading-title elementor-size-default\">Programme<\/h2>\t\t\t\t<\/div>\n\t\t\t\t<\/div>\n\t\t\t\t<div class=\"elementor-element elementor-element-feb59ec elementor-widget elementor-widget-heading\" data-id=\"feb59ec\" data-element_type=\"widget\" data-widget_type=\"heading.default\">\n\t\t\t\t<div class=\"elementor-widget-container\">\n\t\t\t\t\t<h4 class=\"elementor-heading-title elementor-size-default\">Mardi 14 octobre 2025<\/h4>\t\t\t\t<\/div>\n\t\t\t\t<\/div>\n\t\t\t\t<div class=\"elementor-element elementor-element-b48c553 elementor-widget elementor-widget-text-editor\" data-id=\"b48c553\" data-element_type=\"widget\" data-widget_type=\"text-editor.default\">\n\t\t\t\t<div class=\"elementor-widget-container\">\n\t\t\t\t\t\t\t\t\t<p>10h00 &#8211; 10h30 : Business@Breakfast<\/p>\n<p>10h30 &#8211; 12h00 : Table ronde \u00ab HR gamechanger in transport &amp; logistiek \u00bb (Les RH, facteur de changement dans le transport et la logistique)<\/p>\n<p>12h00 &#8211; 12h45 : Business@Lunch<\/p>\n<p>12h45 &#8211; 15h00 : Tables th\u00e9matiques du r\u00e9seau XTRAt!me<\/p>\n\t\t\t\t\t\t\t\t<\/div>\n\t\t\t\t<\/div>\n\t\t\t\t<div class=\"elementor-element elementor-element-ebdd34c elementor-align-left elementor-widget elementor-widget-dynamic-button\" data-id=\"ebdd34c\" data-element_type=\"widget\" data-widget_type=\"dynamic-button.default\">\n\t\t\t\t<div class=\"elementor-widget-container\">\n\t\t\t\t\t        <div class=\"elementor-button-wrapper\">\n            <a href=\"https:\/\/www.netwerkers.be\/event\/xtrat-me-by-kmoinsider-netwerkers-be-35\/page\/introductie-xtrat-me-by-kmoinsider-netwerkers-be\" target=\"_blank\" class=\"elementor-button-link elementor-button elementor-size-sm\" role=\"button\">\n                        <span class=\"elementor-button-content-wrapper\">\n\t\t\t\t\t\t<span class=\"elementor-button-text\">D\u00e9couvrez le programme complet ici<\/span>\n\t\t<\/span>\n                    <\/a>\n        <\/div>\n        \t\t\t\t<\/div>\n\t\t\t\t<\/div>\n\t\t\t\t<\/div>\n\t\t<div class=\"elementor-element elementor-element-8237297 e-con-full e-flex e-con e-child\" data-id=\"8237297\" data-element_type=\"container\" data-settings=\"{&quot;background_background&quot;:&quot;classic&quot;}\">\n\t\t\t\t<\/div>\n\t\t\t\t<\/div>\n\t\t<div class=\"elementor-element elementor-element-9ad55c4 e-flex e-con-boxed e-con e-child\" data-id=\"9ad55c4\" data-element_type=\"container\" data-settings=\"{&quot;background_background&quot;:&quot;classic&quot;}\">\n\t\t\t\t\t<div class=\"e-con-inner\">\n\t\t<div class=\"elementor-element elementor-element-e623914 e-con-full e-flex e-con e-child\" data-id=\"e623914\" data-element_type=\"container\" data-settings=\"{&quot;background_background&quot;:&quot;classic&quot;}\">\n\t\t\t\t<\/div>\n\t\t<div class=\"elementor-element elementor-element-4ec3d6c e-con-full e-flex e-con e-child\" data-id=\"4ec3d6c\" data-element_type=\"container\">\n\t\t\t\t<div class=\"elementor-element elementor-element-5ca8251 elementor-widget elementor-widget-heading\" data-id=\"5ca8251\" data-element_type=\"widget\" data-widget_type=\"heading.default\">\n\t\t\t\t<div class=\"elementor-widget-container\">\n\t\t\t\t\t<h2 class=\"elementor-heading-title elementor-size-default\">Business @ breakfast<\/h2>\t\t\t\t<\/div>\n\t\t\t\t<\/div>\n\t\t\t\t<div class=\"elementor-element elementor-element-b8ff515 elementor-widget elementor-widget-text-editor\" data-id=\"b8ff515\" data-element_type=\"widget\" data-widget_type=\"text-editor.default\">\n\t\t\t\t<div class=\"elementor-widget-container\">\n\t\t\t\t\t\t\t\t\t<p data-start=\"48\" data-end=\"700\">Le mardi 14 octobre 2025, KMOinsider et Netwerkers.be organisent, dans le cadre du salon Transport &amp; Logistics, une table ronde inspirante sur le th\u00e8me \u00ab <strong>Les acteurs qui changent la donne dans le domaine des ressources humaines dans le secteur du transport et de la logistique<\/strong> \u00bb. Des experts du secteur et du monde universitaire discuteront de la mani\u00e8re dont les entreprises font face \u00e0 la p\u00e9nurie de main-d&rsquo;\u0153uvre, \u00e0 la num\u00e9risation, \u00e0 l&rsquo;automatisation et aux attentes des jeunes talents tels que la g\u00e9n\u00e9ration Z. Des th\u00e8mes tels que la collaboration homme-machine, la gamification et la diversit\u00e9 seront abord\u00e9s, avec une attention particuli\u00e8re pour le r\u00f4le des RH dans un environnement de travail en rapide \u00e9volution.<\/p>\n<p><\/p>\n<p data-start=\"702\" data-end=\"774\"><strong>Ne manquez pas cette ouverture unique et inscrivez-vous d\u00e8s aujourd\u2019hui.<\/strong><\/p>\n\t\t\t\t\t\t\t\t<\/div>\n\t\t\t\t<\/div>\n\t\t\t\t<div class=\"elementor-element elementor-element-fee4d23 elementor-align-left elementor-widget elementor-widget-dynamic-button\" data-id=\"fee4d23\" data-element_type=\"widget\" data-widget_type=\"dynamic-button.default\">\n\t\t\t\t<div class=\"elementor-widget-container\">\n\t\t\t\t\t        <div class=\"elementor-button-wrapper\">\n            <a href=\"https:\/\/www.netwerkers.be\/event\/xtrat-me-by-kmoinsider-netwerkers-be-35\/page\/introductie-xtrat-me-by-kmoinsider-netwerkers-be\" target=\"_blank\" class=\"elementor-button-link elementor-button elementor-size-sm\" role=\"button\">\n                        <span class=\"elementor-button-content-wrapper\">\n\t\t\t\t\t\t<span class=\"elementor-button-text\">Enregistrez-vous ici<\/span>\n\t\t<\/span>\n                    <\/a>\n        <\/div>\n        \t\t\t\t<\/div>\n\t\t\t\t<\/div>\n\t\t\t\t<\/div>\n\t\t\t\t\t<\/div>\n\t\t\t\t<\/div>\n\t\t<div class=\"elementor-element elementor-element-412e37a e-con-full e-flex e-con e-child\" data-id=\"412e37a\" data-element_type=\"container\" data-settings=\"{&quot;background_background&quot;:&quot;classic&quot;}\">\n\t\t<div class=\"elementor-element elementor-element-993ff05 e-con-full e-flex e-con e-child\" data-id=\"993ff05\" data-element_type=\"container\">\n\t\t\t\t<div class=\"elementor-element elementor-element-efebe50 elementor-widget elementor-widget-heading\" data-id=\"efebe50\" data-element_type=\"widget\" data-widget_type=\"heading.default\">\n\t\t\t\t<div class=\"elementor-widget-container\">\n\t\t\t\t\t<h2 class=\"elementor-heading-title elementor-size-default\">Business @ Lunch<\/h2>\t\t\t\t<\/div>\n\t\t\t\t<\/div>\n\t\t\t\t<div class=\"elementor-element elementor-element-32e7945 elementor-widget elementor-widget-text-editor\" data-id=\"32e7945\" data-element_type=\"widget\" data-widget_type=\"text-editor.default\">\n\t\t\t\t<div class=\"elementor-widget-container\">\n\t\t\t\t\t\t\t\t\t<p>R\u00e9seautez avec des coll\u00e8gues du secteur tout en d\u00e9gustant un d\u00e9licieux sandwich pour le d\u00e9jeuner.<\/p>\n\t\t\t\t\t\t\t\t<\/div>\n\t\t\t\t<\/div>\n\t\t\t\t<div class=\"elementor-element elementor-element-b875b2f elementor-align-left elementor-widget elementor-widget-dynamic-button\" data-id=\"b875b2f\" data-element_type=\"widget\" data-widget_type=\"dynamic-button.default\">\n\t\t\t\t<div class=\"elementor-widget-container\">\n\t\t\t\t\t        <div class=\"elementor-button-wrapper\">\n            <a href=\"https:\/\/www.netwerkers.be\/event\/xtrat-me-by-kmoinsider-netwerkers-be-35\/page\/introductie-xtrat-me-by-kmoinsider-netwerkers-be\" target=\"_blank\" class=\"elementor-button-link elementor-button elementor-size-sm\" role=\"button\">\n                        <span class=\"elementor-button-content-wrapper\">\n\t\t\t\t\t\t<span class=\"elementor-button-text\">Enregistrez-vous ici<\/span>\n\t\t<\/span>\n                    <\/a>\n        <\/div>\n        \t\t\t\t<\/div>\n\t\t\t\t<\/div>\n\t\t\t\t<\/div>\n\t\t<div class=\"elementor-element elementor-element-f6d1b61 e-con-full e-flex e-con e-child\" data-id=\"f6d1b61\" data-element_type=\"container\" data-settings=\"{&quot;background_background&quot;:&quot;classic&quot;}\">\n\t\t\t\t<\/div>\n\t\t\t\t<\/div>\n\t\t<div class=\"elementor-element elementor-element-d16f240 e-con-full e-flex e-con e-child\" data-id=\"d16f240\" data-element_type=\"container\" data-settings=\"{&quot;background_background&quot;:&quot;classic&quot;}\">\n\t\t<div class=\"elementor-element elementor-element-9b7afda e-con-full e-flex e-con e-child\" data-id=\"9b7afda\" data-element_type=\"container\" data-settings=\"{&quot;background_background&quot;:&quot;classic&quot;}\">\n\t\t\t\t<\/div>\n\t\t<div class=\"elementor-element elementor-element-46a5381 e-con-full e-flex e-con e-child\" data-id=\"46a5381\" data-element_type=\"container\">\n\t\t\t\t<div class=\"elementor-element elementor-element-eefd986 elementor-widget elementor-widget-heading\" data-id=\"eefd986\" data-element_type=\"widget\" data-widget_type=\"heading.default\">\n\t\t\t\t<div class=\"elementor-widget-container\">\n\t\t\t\t\t<h2 class=\"elementor-heading-title elementor-size-default\">Tables th\u00e9matiques du r\u00e9seau XTRAt!me<\/h2>\t\t\t\t<\/div>\n\t\t\t\t<\/div>\n\t\t\t\t<div class=\"elementor-element elementor-element-db686ae elementor-widget elementor-widget-text-editor\" data-id=\"db686ae\" data-element_type=\"widget\" data-widget_type=\"text-editor.default\">\n\t\t\t\t<div class=\"elementor-widget-container\">\n\t\t\t\t\t\t\t\t\t<p>D\u00e9couvrez un environnement de r\u00e9seautage unique avec 30 tables th\u00e9matiques, chacune anim\u00e9e par un mod\u00e9rateur expert, o\u00f9 150 participants auront l&rsquo;occasion de nouer des relations pr\u00e9cieuses et d&rsquo;\u00e9changer leurs connaissances.<\/p>\n<p>Les mod\u00e9rateurs restent assis \u00e0 leur table ; les participants passent d&rsquo;une table \u00e0 l&rsquo;autre. Une semaine \u00e0 l&rsquo;avance, vous pouvez voir \u00e0 quelles tables vous serez assis et qui seront vos voisins de table, y compris les informations qu&rsquo;ils ont fournies dans leur profil. Le mod\u00e9rateur vous contactera \u00e0 l&rsquo;avance pour conna\u00eetre vos questions, vos attentes et vos motivations. Cette pr\u00e9paration permet d&rsquo;avoir des conversations plus cibl\u00e9es et plus enrichissantes. Au total, 30 th\u00e8mes sont disponibles. En tant que participant, vous en choisissez 3 qui correspondent le mieux \u00e0 vos int\u00e9r\u00eats et \u00e0 vos objectifs de r\u00e9seautage.<\/p>\n\t\t\t\t\t\t\t\t<\/div>\n\t\t\t\t<\/div>\n\t\t\t\t<div class=\"elementor-element elementor-element-f3f1978 elementor-align-left elementor-widget elementor-widget-dynamic-button\" data-id=\"f3f1978\" data-element_type=\"widget\" data-widget_type=\"dynamic-button.default\">\n\t\t\t\t<div class=\"elementor-widget-container\">\n\t\t\t\t\t        <div class=\"elementor-button-wrapper\">\n            <a href=\"https:\/\/www.netwerkers.be\/event\/xtrat-me-by-kmoinsider-netwerkers-be-35\/page\/introductie-xtrat-me-by-kmoinsider-netwerkers-be\" target=\"_blank\" class=\"elementor-button-link elementor-button elementor-size-sm\" role=\"button\">\n                        <span class=\"elementor-button-content-wrapper\">\n\t\t\t\t\t\t<span class=\"elementor-button-text\">Plus d'infos<\/span>\n\t\t<\/span>\n                    <\/a>\n        <\/div>\n        \t\t\t\t<\/div>\n\t\t\t\t<\/div>\n\t\t\t\t<\/div>\n\t\t\t\t<\/div>\n\t\t\t\t\t<\/div>\n\t\t\t\t<\/div>\n\t\t\t\t<\/div>\n\t\t\t\t<\/div>\n\t\t","protected":false},"excerpt":{"rendered":"<p>KMOinsider KMOinsider est la principale plateforme B2B en ligne flamande ainsi qu\u2019un magazine imprim\u00e9 (annuel) publi\u00e9 par l\u2019agence de content marketing KMOdynamoo. Elle s\u2019adresse sp\u00e9cifiquement aux PME (entreprises comptant de 5 \u00e0 199 employ\u00e9s) et propose des r\u00e9cits pertinents, des conseils pratiques et des contacts pr\u00e9cieux pour les entrepreneurs, chefs d\u2019entreprise et cadres dirigeants. KMOinsider [&hellip;]<\/p>\n","protected":false},"author":1475,"featured_media":0,"parent":0,"menu_order":0,"comment_status":"closed","ping_status":"closed","template":"","meta":{"_seopress_robots_primary_cat":"","_seopress_titles_title":"KMOinsider - Transport & Logistics Antwerp","_seopress_titles_desc":"L'avantage par la connaissance dans le secteur du transport et de la logistique - c'est ce dont il s'agit. ","_seopress_robots_index":"","footnotes":""},"class_list":["post-4124","page","type-page","status-publish","hentry"],"_links":{"self":[{"href":"https:\/\/www.transport-logistics.be\/fr\/wp-json\/wp\/v2\/pages\/4124","targetHints":{"allow":["GET"]}}],"collection":[{"href":"https:\/\/www.transport-logistics.be\/fr\/wp-json\/wp\/v2\/pages"}],"about":[{"href":"https:\/\/www.transport-logistics.be\/fr\/wp-json\/wp\/v2\/types\/page"}],"author":[{"embeddable":true,"href":"https:\/\/www.transport-logistics.be\/fr\/wp-json\/wp\/v2\/users\/1475"}],"replies":[{"embeddable":true,"href":"https:\/\/www.transport-logistics.be\/fr\/wp-json\/wp\/v2\/comments?post=4124"}],"version-history":[{"count":5,"href":"https:\/\/www.transport-logistics.be\/fr\/wp-json\/wp\/v2\/pages\/4124\/revisions"}],"predecessor-version":[{"id":100583,"href":"https:\/\/www.transport-logistics.be\/fr\/wp-json\/wp\/v2\/pages\/4124\/revisions\/100583"}],"wp:attachment":[{"href":"https:\/\/www.transport-logistics.be\/fr\/wp-json\/wp\/v2\/media?parent=4124"}],"curies":[{"name":"wp","href":"https:\/\/api.w.org\/{rel}","templated":true}]}}