{"id":4131,"date":"2021-07-29T14:21:11","date_gmt":"2021-07-29T12:21:11","guid":{"rendered":"https:\/\/www.transport-logistics.be\/?page_id=4131"},"modified":"2025-09-04T16:32:45","modified_gmt":"2025-09-04T14:32:45","slug":"port-of-antwerp","status":"publish","type":"page","link":"https:\/\/www.transport-logistics.be\/fr\/port-of-antwerp\/","title":{"rendered":"Port of Antwerp-Bruges"},"content":{"rendered":"\t\t<div data-elementor-type=\"wp-page\" data-elementor-id=\"4131\" class=\"elementor elementor-4131 elementor-4130\" data-elementor-post-type=\"page\">\n\t\t\t\t\t\t<section class=\"elementor-section elementor-top-section elementor-element elementor-element-5897315 elementor-section-boxed elementor-section-height-default elementor-section-height-default elementor-invisible\" data-id=\"5897315\" data-element_type=\"section\" data-settings=\"{&quot;animation&quot;:&quot;fadeIn&quot;}\">\n\t\t\t\t\t\t<div class=\"elementor-container elementor-column-gap-default\">\n\t\t\t\t\t<div class=\"elementor-column elementor-col-100 elementor-top-column elementor-element elementor-element-a62f2ad\" data-id=\"a62f2ad\" data-element_type=\"column\">\n\t\t\t<div class=\"elementor-widget-wrap elementor-element-populated\">\n\t\t\t\t\t\t<div class=\"elementor-element elementor-element-a064dd3 elementor-widget elementor-widget-text-editor\" data-id=\"a064dd3\" data-element_type=\"widget\" data-widget_type=\"text-editor.default\">\n\t\t\t\t<div class=\"elementor-widget-container\">\n\t\t\t\t\t\t\t\t\t<h1>Port of Antwerp-Bruges<\/h1>\n\t\t\t\t\t\t\t\t<\/div>\n\t\t\t\t<\/div>\n\t\t\t\t\t<\/div>\n\t\t<\/div>\n\t\t\t\t\t<\/div>\n\t\t<\/section>\n\t\t<div class=\"elementor-element elementor-element-6900887 e-con-full e-flex e-con e-parent\" data-id=\"6900887\" data-element_type=\"container\" data-settings=\"{&quot;background_background&quot;:&quot;classic&quot;}\">\n\t\t<div class=\"elementor-element elementor-element-7d0d99b e-flex e-con-boxed e-con e-child\" data-id=\"7d0d99b\" data-element_type=\"container\">\n\t\t\t\t\t<div class=\"e-con-inner\">\n\t\t<div class=\"elementor-element elementor-element-fba719d e-flex e-con-boxed e-con e-child\" data-id=\"fba719d\" data-element_type=\"container\" data-settings=\"{&quot;background_background&quot;:&quot;classic&quot;}\">\n\t\t\t\t\t<div class=\"e-con-inner\">\n\t\t<div class=\"elementor-element elementor-element-c9d8249 e-con-full e-flex e-con e-child\" data-id=\"c9d8249\" data-element_type=\"container\" data-settings=\"{&quot;background_background&quot;:&quot;classic&quot;}\">\n\t\t\t\t<\/div>\n\t\t<div class=\"elementor-element elementor-element-19ff565 e-con-full e-flex e-con e-child\" data-id=\"19ff565\" data-element_type=\"container\">\n\t\t\t\t<div class=\"elementor-element elementor-element-988b129 elementor-widget elementor-widget-heading\" data-id=\"988b129\" data-element_type=\"widget\" data-widget_type=\"heading.default\">\n\t\t\t\t<div class=\"elementor-widget-container\">\n\t\t\t\t\t<h2 class=\"elementor-heading-title elementor-size-default\">Breakbulk hub<\/h2>\t\t\t\t<\/div>\n\t\t\t\t<\/div>\n\t\t\t\t<div class=\"elementor-element elementor-element-e1534ac elementor-widget elementor-widget-text-editor\" data-id=\"e1534ac\" data-element_type=\"widget\" data-widget_type=\"text-editor.default\">\n\t\t\t\t<div class=\"elementor-widget-container\">\n\t\t\t\t\t\t\t\t\t<p>Le Breakbulk Hub est une zone d&rsquo;exposition haut de gamme situ\u00e9e juste \u00e0 c\u00f4t\u00e9 du Breakbulk Bar, anim\u00e9 par le Port d&rsquo;Anvers-Bruges, le lieu de rencontre central d&rsquo;AntwerpXL. Entour\u00e9 d&rsquo;une effervescence constante, d&rsquo;un r\u00e9seautage informel et d&rsquo;une forte fr\u00e9quentation, cet espace offre une visibilit\u00e9 in\u00e9gal\u00e9e au c\u0153ur de l&rsquo;\u00e9v\u00e9nement.<\/p>\n<p>Con\u00e7u pour les entreprises qui souhaitent se d\u00e9marquer sans avoir besoin d&rsquo;un grand stand personnalis\u00e9, le Breakbulk Hub est compos\u00e9 de stands compacts pr\u00eats \u00e0 l&#8217;emploi, vous offrant tout ce dont vous avez besoin pour pr\u00e9senter vos solutions, entrer en contact avec des prospects et participer aux discussions.<\/p>\n<p>Que vous soyez un nouvel exposant ou que vous recherchiez un emplacement strat\u00e9gique \u00e0 proximit\u00e9 des d\u00e9cideurs et des leaders du secteur maritime, le Breakbulk Hub place votre marque sous les feux de la rampe, l\u00e0 o\u00f9 se font les affaires et o\u00f9 se r\u00e9unit l&rsquo;industrie.<\/p>\n\t\t\t\t\t\t\t\t<\/div>\n\t\t\t\t<\/div>\n\t\t\t\t<div class=\"elementor-element elementor-element-1750783 elementor-widget elementor-widget-image\" data-id=\"1750783\" data-element_type=\"widget\" data-widget_type=\"image.default\">\n\t\t\t\t<div class=\"elementor-widget-container\">\n\t\t\t\t\t\t\t\t\t\t\t\t\t\t\t<img decoding=\"async\" width=\"300\" height=\"120\" src=\"https:\/\/easyfairsassets.com\/sites\/239\/2022\/12\/PoAB_cmyk_positive-300x120.png\" class=\"attachment-medium size-medium wp-image-26674\" alt=\"port of antwerp-bruges\" srcset=\"https:\/\/easyfairsassets.com\/sites\/239\/2022\/12\/PoAB_cmyk_positive-300x120.png 300w, https:\/\/easyfairsassets.com\/sites\/239\/2022\/12\/PoAB_cmyk_positive-1024x410.png 1024w, https:\/\/easyfairsassets.com\/sites\/239\/2022\/12\/PoAB_cmyk_positive-768x307.png 768w, https:\/\/easyfairsassets.com\/sites\/239\/2022\/12\/PoAB_cmyk_positive-1536x614.png 1536w, https:\/\/easyfairsassets.com\/sites\/239\/2022\/12\/PoAB_cmyk_positive.png 1920w\" sizes=\"(max-width: 300px) 100vw, 300px\" \/>\t\t\t\t\t\t\t\t\t\t\t\t\t\t\t<\/div>\n\t\t\t\t<\/div>\n\t\t\t\t<\/div>\n\t\t\t\t\t<\/div>\n\t\t\t\t<\/div>\n\t\t<div class=\"elementor-element elementor-element-4570dde e-flex e-con-boxed e-con e-child\" data-id=\"4570dde\" data-element_type=\"container\" data-settings=\"{&quot;background_background&quot;:&quot;classic&quot;}\">\n\t\t\t\t\t<div class=\"e-con-inner\">\n\t\t<div class=\"elementor-element elementor-element-2847527 e-con-full e-flex e-con e-child\" data-id=\"2847527\" data-element_type=\"container\">\n\t\t\t\t<div class=\"elementor-element elementor-element-e24f991 elementor-widget elementor-widget-heading\" data-id=\"e24f991\" data-element_type=\"widget\" data-widget_type=\"heading.default\">\n\t\t\t\t<div class=\"elementor-widget-container\">\n\t\t\t\t\t<h2 class=\"elementor-heading-title elementor-size-default\">Breakbulk Bar<\/h2>\t\t\t\t<\/div>\n\t\t\t\t<\/div>\n\t\t\t\t<div class=\"elementor-element elementor-element-c667041 elementor-widget elementor-widget-text-editor\" data-id=\"c667041\" data-element_type=\"widget\" data-widget_type=\"text-editor.default\">\n\t\t\t\t<div class=\"elementor-widget-container\">\n\t\t\t\t\t\t\t\t\t<p>Le point de rencontre central d&rsquo;AntwerpXL.<\/p>\n<p>Vous souhaitez entrer en contact avec des acteurs importants du secteur du breakbulk, du fret de projet et du fret lourd ? Le Breakbulk Bar, fi\u00e8rement rendu possible par Port of Antwerp-Bruges, est le lieu o\u00f9 se r\u00e9unit la communaut\u00e9 mondiale du breakbulk.<\/p>\n<p>Au c\u0153ur d&rsquo;AntwerpXL, ce centre de r\u00e9seautage anim\u00e9 offre un espace id\u00e9al pour rencontrer des clients, des partenaires et des coll\u00e8gues dans un cadre informel, que ce soit autour d&rsquo;un caf\u00e9, d&rsquo;un d\u00e9jeuner rapide ou d&rsquo;un verre festif.<\/p>\n<p>Avec Port of Antwerp-Bruges comme partenaire strat\u00e9gique, le Breakbulk Bar est plus qu&rsquo;un simple bar : c&rsquo;est un symbole de coop\u00e9ration internationale, de leadership maritime et la porte d&rsquo;entr\u00e9e vers l&rsquo;Europe.<\/p>\n\t\t\t\t\t\t\t\t<\/div>\n\t\t\t\t<\/div>\n\t\t\t\t<div class=\"elementor-element elementor-element-430eceb elementor-widget elementor-widget-image\" data-id=\"430eceb\" data-element_type=\"widget\" data-widget_type=\"image.default\">\n\t\t\t\t<div class=\"elementor-widget-container\">\n\t\t\t\t\t\t\t\t\t\t\t\t\t\t\t<img decoding=\"async\" width=\"300\" height=\"120\" src=\"https:\/\/easyfairsassets.com\/sites\/239\/2022\/12\/PoAB_cmyk_positive-300x120.png\" class=\"attachment-medium size-medium wp-image-26674\" alt=\"port of antwerp-bruges\" srcset=\"https:\/\/easyfairsassets.com\/sites\/239\/2022\/12\/PoAB_cmyk_positive-300x120.png 300w, https:\/\/easyfairsassets.com\/sites\/239\/2022\/12\/PoAB_cmyk_positive-1024x410.png 1024w, https:\/\/easyfairsassets.com\/sites\/239\/2022\/12\/PoAB_cmyk_positive-768x307.png 768w, https:\/\/easyfairsassets.com\/sites\/239\/2022\/12\/PoAB_cmyk_positive-1536x614.png 1536w, https:\/\/easyfairsassets.com\/sites\/239\/2022\/12\/PoAB_cmyk_positive.png 1920w\" sizes=\"(max-width: 300px) 100vw, 300px\" \/>\t\t\t\t\t\t\t\t\t\t\t\t\t\t\t<\/div>\n\t\t\t\t<\/div>\n\t\t\t\t<\/div>\n\t\t<div class=\"elementor-element elementor-element-b52ed1a e-con-full e-flex e-con e-child\" data-id=\"b52ed1a\" data-element_type=\"container\" data-settings=\"{&quot;background_background&quot;:&quot;classic&quot;}\">\n\t\t\t\t<\/div>\n\t\t\t\t\t<\/div>\n\t\t\t\t<\/div>\n\t\t\t\t\t<\/div>\n\t\t\t\t<\/div>\n\t\t\t\t<\/div>\n\t\t\t\t<section class=\"elementor-section elementor-top-section elementor-element elementor-element-83116ab elementor-section-full_width elementor-section-height-default elementor-section-height-default\" data-id=\"83116ab\" data-element_type=\"section\">\n\t\t\t\t\t\t<div class=\"elementor-container elementor-column-gap-default\">\n\t\t\t\t\t<div class=\"elementor-column elementor-col-100 elementor-top-column elementor-element elementor-element-b4ebbdc\" data-id=\"b4ebbdc\" data-element_type=\"column\">\n\t\t\t<div class=\"elementor-widget-wrap elementor-element-populated\">\n\t\t\t\t\t\t<div class=\"elementor-element elementor-element-25ba302 elementor-skin-carousel elementor-arrows-yes elementor-pagination-type-bullets elementor-pagination-position-outside elementor-widget elementor-widget-media-carousel\" data-id=\"25ba302\" data-element_type=\"widget\" data-settings=\"{&quot;skin&quot;:&quot;carousel&quot;,&quot;effect&quot;:&quot;slide&quot;,&quot;show_arrows&quot;:&quot;yes&quot;,&quot;pagination&quot;:&quot;bullets&quot;,&quot;speed&quot;:500,&quot;autoplay&quot;:&quot;yes&quot;,&quot;autoplay_speed&quot;:5000,&quot;loop&quot;:&quot;yes&quot;,&quot;pause_on_hover&quot;:&quot;yes&quot;,&quot;pause_on_interaction&quot;:&quot;yes&quot;,&quot;space_between&quot;:{&quot;unit&quot;:&quot;px&quot;,&quot;size&quot;:10,&quot;sizes&quot;:[]},&quot;space_between_tablet&quot;:{&quot;unit&quot;:&quot;px&quot;,&quot;size&quot;:10,&quot;sizes&quot;:[]},&quot;space_between_mobile&quot;:{&quot;unit&quot;:&quot;px&quot;,&quot;size&quot;:10,&quot;sizes&quot;:[]}}\" data-widget_type=\"media-carousel.default\">\n\t\t\t\t<div class=\"elementor-widget-container\">\n\t\t\t\t\t\t\t\t\t<div class=\"elementor-swiper\">\n\t\t\t\t\t<div class=\"elementor-main-swiper swiper\" role=\"region\" aria-roledescription=\"carousel\" aria-label=\"Slides\">\n\t\t\t\t<div class=\"swiper-wrapper\">\n\t\t\t\t\t\t\t\t\t\t\t<div class=\"swiper-slide\" role=\"group\" aria-roledescription=\"slide\">\n\t\t\t\t\t\t\t\t\t<div class=\"elementor-carousel-image\" role=\"img\" aria-label=\"51651494568_672ea03915_o\" style=\"background-image: url(&#039;https:\/\/easyfairsassets.com\/sites\/239\/2023\/05\/51651494568_672ea03915_o.jpg&#039;)\">\n\n\t\t\t\n\t\t\t\t\t<\/div>\n\t\t\t\t\t\t\t\t<\/div>\n\t\t\t\t\t\t\t\t\t\t\t<div class=\"swiper-slide\" role=\"group\" aria-roledescription=\"slide\">\n\t\t\t\t\t\t\t\t\t<div class=\"elementor-carousel-image\" role=\"img\" aria-label=\"Transport &amp; Logistics Antwerpen 2019 sfeer\" style=\"background-image: url(&#039;https:\/\/easyfairsassets.com\/sites\/239\/2020\/12\/LOWRES-3401.jpg&#039;)\">\n\n\t\t\t\n\t\t\t\t\t<\/div>\n\t\t\t\t\t\t\t\t<\/div>\n\t\t\t\t\t\t\t\t\t\t\t<div class=\"swiper-slide\" role=\"group\" aria-roledescription=\"slide\">\n\t\t\t\t\t\t\t\t\t<div class=\"elementor-carousel-image\" role=\"img\" aria-label=\"51651490668_ebaf0007bc_w\" style=\"background-image: url(&#039;https:\/\/easyfairsassets.com\/sites\/239\/2023\/05\/51651490668_ebaf0007bc_w.jpg&#039;)\">\n\n\t\t\t\n\t\t\t\t\t<\/div>\n\t\t\t\t\t\t\t\t<\/div>\n\t\t\t\t\t\t\t\t\t\t\t<div class=\"swiper-slide\" role=\"group\" aria-roledescription=\"slide\">\n\t\t\t\t\t\t\t\t\t<div class=\"elementor-carousel-image\" role=\"img\" aria-label=\"51652118480_56f7cfaf9c_w\" style=\"background-image: url(&#039;https:\/\/easyfairsassets.com\/sites\/239\/2023\/05\/51652118480_56f7cfaf9c_w.jpg&#039;)\">\n\n\t\t\t\n\t\t\t\t\t<\/div>\n\t\t\t\t\t\t\t\t<\/div>\n\t\t\t\t\t\t\t\t\t<\/div>\n\t\t\t\t\t\t\t\t\t\t\t\t\t\t\t<div class=\"elementor-swiper-button elementor-swiper-button-prev\" role=\"button\" tabindex=\"0\" aria-label=\"Previous\">\n\t\t\t\t\t\t\t<i aria-hidden=\"true\" class=\"eicon-chevron-left\"><\/i>\t\t\t\t\t\t<\/div>\n\t\t\t\t\t\t<div class=\"elementor-swiper-button elementor-swiper-button-next\" role=\"button\" tabindex=\"0\" aria-label=\"Next\">\n\t\t\t\t\t\t\t<i aria-hidden=\"true\" class=\"eicon-chevron-right\"><\/i>\t\t\t\t\t\t<\/div>\n\t\t\t\t\t\t\t\t\t\t\t\t\t\t\t\t<div class=\"swiper-pagination\"><\/div>\n\t\t\t\t\t\t\t\t\t\t\t\t<\/div>\n\t\t\t\t<\/div>\n\t\t\t\t\t\t\t\t<\/div>\n\t\t\t\t<\/div>\n\t\t\t\t\t<\/div>\n\t\t<\/div>\n\t\t\t\t\t<\/div>\n\t\t<\/section>\n\t\t\t\t<\/div>\n\t\t","protected":false},"excerpt":{"rendered":"<p>Port of Antwerp-Bruges Breakbulk hub Le Breakbulk Hub est une zone d&rsquo;exposition haut de gamme situ\u00e9e juste \u00e0 c\u00f4t\u00e9 du Breakbulk Bar, anim\u00e9 par le Port d&rsquo;Anvers-Bruges, le lieu de rencontre central d&rsquo;AntwerpXL. Entour\u00e9 d&rsquo;une effervescence constante, d&rsquo;un r\u00e9seautage informel et d&rsquo;une forte fr\u00e9quentation, cet espace offre une visibilit\u00e9 in\u00e9gal\u00e9e au c\u0153ur de l&rsquo;\u00e9v\u00e9nement. Con\u00e7u [&hellip;]<\/p>\n","protected":false},"author":1475,"featured_media":0,"parent":0,"menu_order":0,"comment_status":"closed","ping_status":"closed","template":"","meta":{"_seopress_robots_primary_cat":"","_seopress_titles_title":"Port of Antwerp-Bruges - Transport & Logistics Antwerp","_seopress_titles_desc":"L'avantage par la connaissance dans le secteur du transport et de la logistique - c'est ce dont il s'agit. ","_seopress_robots_index":"","footnotes":""},"class_list":["post-4131","page","type-page","status-publish","hentry"],"_links":{"self":[{"href":"https:\/\/www.transport-logistics.be\/fr\/wp-json\/wp\/v2\/pages\/4131","targetHints":{"allow":["GET"]}}],"collection":[{"href":"https:\/\/www.transport-logistics.be\/fr\/wp-json\/wp\/v2\/pages"}],"about":[{"href":"https:\/\/www.transport-logistics.be\/fr\/wp-json\/wp\/v2\/types\/page"}],"author":[{"embeddable":true,"href":"https:\/\/www.transport-logistics.be\/fr\/wp-json\/wp\/v2\/users\/1475"}],"replies":[{"embeddable":true,"href":"https:\/\/www.transport-logistics.be\/fr\/wp-json\/wp\/v2\/comments?post=4131"}],"version-history":[{"count":5,"href":"https:\/\/www.transport-logistics.be\/fr\/wp-json\/wp\/v2\/pages\/4131\/revisions"}],"predecessor-version":[{"id":105399,"href":"https:\/\/www.transport-logistics.be\/fr\/wp-json\/wp\/v2\/pages\/4131\/revisions\/105399"}],"wp:attachment":[{"href":"https:\/\/www.transport-logistics.be\/fr\/wp-json\/wp\/v2\/media?parent=4131"}],"curies":[{"name":"wp","href":"https:\/\/api.w.org\/{rel}","templated":true}]}}