{"id":4145,"date":"2021-07-29T11:38:37","date_gmt":"2021-07-29T09:38:37","guid":{"rendered":"https:\/\/www.transport-logistics.be\/?page_id=4145"},"modified":"2025-09-16T15:34:02","modified_gmt":"2025-09-16T13:34:02","slug":"partner-village","status":"publish","type":"page","link":"https:\/\/www.transport-logistics.be\/fr\/partner-village\/","title":{"rendered":"Partner Village"},"content":{"rendered":"\t\t<div data-elementor-type=\"wp-page\" data-elementor-id=\"4145\" class=\"elementor elementor-4145 elementor-4144\" data-elementor-post-type=\"page\">\n\t\t\t\t<div class=\"elementor-element elementor-element-eb664c0 e-con-full e-flex e-con e-parent\" data-id=\"eb664c0\" data-element_type=\"container\" data-settings=\"{&quot;background_background&quot;:&quot;classic&quot;}\">\n\t\t<div class=\"elementor-element elementor-element-4aec5f5 e-flex e-con-boxed e-con e-child\" data-id=\"4aec5f5\" data-element_type=\"container\">\n\t\t\t\t\t<div class=\"e-con-inner\">\n\t\t<div class=\"elementor-element elementor-element-b2486a2 e-flex e-con-boxed e-con e-child\" data-id=\"b2486a2\" data-element_type=\"container\" data-settings=\"{&quot;background_background&quot;:&quot;classic&quot;}\">\n\t\t\t\t\t<div class=\"e-con-inner\">\n\t\t<div class=\"elementor-element elementor-element-b82b228 e-con-full e-flex e-con e-child\" data-id=\"b82b228\" data-element_type=\"container\" data-settings=\"{&quot;background_background&quot;:&quot;classic&quot;}\">\n\t\t\t\t<\/div>\n\t\t<div class=\"elementor-element elementor-element-c9e1c58 e-con-full e-flex e-con e-child\" data-id=\"c9e1c58\" data-element_type=\"container\">\n\t\t\t\t<div class=\"elementor-element elementor-element-3e38709 elementor-widget elementor-widget-heading\" data-id=\"3e38709\" data-element_type=\"widget\" data-widget_type=\"heading.default\">\n\t\t\t\t<div class=\"elementor-widget-container\">\n\t\t\t\t\t<h2 class=\"elementor-heading-title elementor-size-default\">Partner village<\/h2>\t\t\t\t<\/div>\n\t\t\t\t<\/div>\n\t\t\t\t<div class=\"elementor-element elementor-element-4aab997 elementor-widget elementor-widget-text-editor\" data-id=\"4aab997\" data-element_type=\"widget\" data-widget_type=\"text-editor.default\">\n\t\t\t\t<div class=\"elementor-widget-container\">\n\t\t\t\t\t\t\t\t\t<p>Des experts, des f\u00e9d\u00e9rations sectorielles et des centres de recherche sont \u00e0 votre disposition pour vous fournir des conseils cibl\u00e9s. Ils sont heureux d&rsquo;\u00e9couter vos d\u00e9fis et vos besoins et de les traduire en solutions. La communaut\u00e9 \u00ab Transport &amp; Logistics \u00bb est une caisse de r\u00e9sonance pour cette pr\u00e9cieuse plate-forme de connaissances.<\/p>\n\t\t\t\t\t\t\t\t<\/div>\n\t\t\t\t<\/div>\n\t\t\t\t<\/div>\n\t\t\t\t\t<\/div>\n\t\t\t\t<\/div>\n\t\t\t\t\t<\/div>\n\t\t\t\t<\/div>\n\t\t<div class=\"elementor-element elementor-element-4cdd828 e-con-full e-flex e-con e-child\" data-id=\"4cdd828\" data-element_type=\"container\" data-settings=\"{&quot;background_background&quot;:&quot;classic&quot;}\">\n\t\t<div class=\"elementor-element elementor-element-96cbc5b e-flex e-con-boxed e-con e-child\" data-id=\"96cbc5b\" data-element_type=\"container\" data-settings=\"{&quot;background_background&quot;:&quot;classic&quot;}\">\n\t\t\t\t\t<div class=\"e-con-inner\">\n\t\t<div class=\"elementor-element elementor-element-5cf955f e-grid e-con-full e-con e-child\" data-id=\"5cf955f\" data-element_type=\"container\" data-settings=\"{&quot;background_background&quot;:&quot;classic&quot;}\">\n\t\t\t\t<div class=\"elementor-element elementor-element-f99e970 elementor-widget elementor-widget-image\" data-id=\"f99e970\" data-element_type=\"widget\" data-widget_type=\"image.default\">\n\t\t\t\t<div class=\"elementor-widget-container\">\n\t\t\t\t\t\t\t\t\t\t\t\t\t\t\t<img fetchpriority=\"high\" decoding=\"async\" width=\"800\" height=\"203\" src=\"https:\/\/easyfairsassets.com\/sites\/239\/2025\/09\/Fabriek_Logistiek-2-copy-1024x260-1.png\" class=\"attachment-large size-large wp-image-109396\" alt=\"Fabriek_Logistiek\" srcset=\"https:\/\/easyfairsassets.com\/sites\/239\/2025\/09\/Fabriek_Logistiek-2-copy-1024x260-1.png 1024w, https:\/\/easyfairsassets.com\/sites\/239\/2025\/09\/Fabriek_Logistiek-2-copy-1024x260-1-300x76.png 300w, https:\/\/easyfairsassets.com\/sites\/239\/2025\/09\/Fabriek_Logistiek-2-copy-1024x260-1-768x195.png 768w\" sizes=\"(max-width: 800px) 100vw, 800px\" \/>\t\t\t\t\t\t\t\t\t\t\t\t\t\t\t<\/div>\n\t\t\t\t<\/div>\n\t\t\t\t<div class=\"elementor-element elementor-element-bfec3cb elementor-widget elementor-widget-image\" data-id=\"bfec3cb\" data-element_type=\"widget\" data-widget_type=\"image.default\">\n\t\t\t\t<div class=\"elementor-widget-container\">\n\t\t\t\t\t\t\t\t\t\t\t\t\t\t\t<img decoding=\"async\" width=\"800\" height=\"805\" src=\"https:\/\/easyfairsassets.com\/sites\/239\/2021\/06\/febetra-d-blauw-300-dpi-1018x1024.jpg\" class=\"attachment-large size-large wp-image-3455\" alt=\"Logo Febetra\" srcset=\"https:\/\/easyfairsassets.com\/sites\/239\/2021\/06\/febetra-d-blauw-300-dpi-1018x1024.jpg 1018w, https:\/\/easyfairsassets.com\/sites\/239\/2021\/06\/febetra-d-blauw-300-dpi-298x300.jpg 298w, https:\/\/easyfairsassets.com\/sites\/239\/2021\/06\/febetra-d-blauw-300-dpi-150x150.jpg 150w, https:\/\/easyfairsassets.com\/sites\/239\/2021\/06\/febetra-d-blauw-300-dpi-768x772.jpg 768w, https:\/\/easyfairsassets.com\/sites\/239\/2021\/06\/febetra-d-blauw-300-dpi-1527x1536.jpg 1527w, https:\/\/easyfairsassets.com\/sites\/239\/2021\/06\/febetra-d-blauw-300-dpi.jpg 1909w\" sizes=\"(max-width: 800px) 100vw, 800px\" \/>\t\t\t\t\t\t\t\t\t\t\t\t\t\t\t<\/div>\n\t\t\t\t<\/div>\n\t\t\t\t<div class=\"elementor-element elementor-element-2bfd289 elementor-widget elementor-widget-image\" data-id=\"2bfd289\" data-element_type=\"widget\" data-widget_type=\"image.default\">\n\t\t\t\t<div class=\"elementor-widget-container\">\n\t\t\t\t\t\t\t\t\t\t\t\t\t\t\t<img decoding=\"async\" width=\"800\" height=\"390\" src=\"https:\/\/easyfairsassets.com\/sites\/239\/2024\/06\/VDAB-logo_donkerblauw_RGB-1024x499.jpg\" class=\"attachment-large size-large wp-image-63419\" alt=\"\" srcset=\"https:\/\/easyfairsassets.com\/sites\/239\/2024\/06\/VDAB-logo_donkerblauw_RGB-1024x499.jpg 1024w, https:\/\/easyfairsassets.com\/sites\/239\/2024\/06\/VDAB-logo_donkerblauw_RGB-300x146.jpg 300w, https:\/\/easyfairsassets.com\/sites\/239\/2024\/06\/VDAB-logo_donkerblauw_RGB-768x374.jpg 768w, https:\/\/easyfairsassets.com\/sites\/239\/2024\/06\/VDAB-logo_donkerblauw_RGB.jpg 1200w\" sizes=\"(max-width: 800px) 100vw, 800px\" \/>\t\t\t\t\t\t\t\t\t\t\t\t\t\t\t<\/div>\n\t\t\t\t<\/div>\n\t\t\t\t<div class=\"elementor-element elementor-element-c6c8184 elementor-widget elementor-widget-image\" data-id=\"c6c8184\" data-element_type=\"widget\" data-widget_type=\"image.default\">\n\t\t\t\t<div class=\"elementor-widget-container\">\n\t\t\t\t\t\t\t\t\t\t\t\t\t\t\t<img loading=\"lazy\" decoding=\"async\" width=\"428\" height=\"122\" src=\"https:\/\/easyfairsassets.com\/sites\/239\/2024\/06\/PICS_Belgium_horizontaal-1.jpg\" class=\"attachment-large size-large wp-image-63334\" alt=\"\" srcset=\"https:\/\/easyfairsassets.com\/sites\/239\/2024\/06\/PICS_Belgium_horizontaal-1.jpg 428w, https:\/\/easyfairsassets.com\/sites\/239\/2024\/06\/PICS_Belgium_horizontaal-1-300x86.jpg 300w\" sizes=\"(max-width: 428px) 100vw, 428px\" \/>\t\t\t\t\t\t\t\t\t\t\t\t\t\t\t<\/div>\n\t\t\t\t<\/div>\n\t\t\t\t<div class=\"elementor-element elementor-element-cf7723b elementor-widget elementor-widget-image\" data-id=\"cf7723b\" data-element_type=\"widget\" data-widget_type=\"image.default\">\n\t\t\t\t<div class=\"elementor-widget-container\">\n\t\t\t\t\t\t\t\t\t\t\t\t\t\t\t<img loading=\"lazy\" decoding=\"async\" width=\"285\" height=\"285\" src=\"https:\/\/easyfairsassets.com\/sites\/239\/2025\/09\/Procurement-Supply-Chain-Masters.png\" class=\"attachment-large size-large wp-image-103147\" alt=\"Procurement-Supply-Chain-Masters\" srcset=\"https:\/\/easyfairsassets.com\/sites\/239\/2025\/09\/Procurement-Supply-Chain-Masters.png 285w, https:\/\/easyfairsassets.com\/sites\/239\/2025\/09\/Procurement-Supply-Chain-Masters-150x150.png 150w\" sizes=\"(max-width: 285px) 100vw, 285px\" \/>\t\t\t\t\t\t\t\t\t\t\t\t\t\t\t<\/div>\n\t\t\t\t<\/div>\n\t\t\t\t<\/div>\n\t\t\t\t\t<\/div>\n\t\t\t\t<\/div>\n\t\t\t\t<\/div>\n\t\t\t\t<\/div>\n\t\t\t\t<\/div>\n\t\t","protected":false},"excerpt":{"rendered":"<p>Partner village Des experts, des f\u00e9d\u00e9rations sectorielles et des centres de recherche sont \u00e0 votre disposition pour vous fournir des conseils cibl\u00e9s. Ils sont heureux d&rsquo;\u00e9couter vos d\u00e9fis et vos besoins et de les traduire en solutions. La communaut\u00e9 \u00ab Transport &amp; Logistics \u00bb est une caisse de r\u00e9sonance pour cette pr\u00e9cieuse plate-forme de connaissances.<\/p>\n","protected":false},"author":1475,"featured_media":0,"parent":0,"menu_order":0,"comment_status":"closed","ping_status":"closed","template":"","meta":{"_seopress_robots_primary_cat":"","_seopress_titles_title":"Partner Village - Transport & Logistics Antwerp","_seopress_titles_desc":"L'avantage par la connaissance dans le secteur du transport et de la logistique - c'est ce dont il s'agit. ","_seopress_robots_index":"","footnotes":""},"class_list":["post-4145","page","type-page","status-publish","hentry"],"_links":{"self":[{"href":"https:\/\/www.transport-logistics.be\/fr\/wp-json\/wp\/v2\/pages\/4145","targetHints":{"allow":["GET"]}}],"collection":[{"href":"https:\/\/www.transport-logistics.be\/fr\/wp-json\/wp\/v2\/pages"}],"about":[{"href":"https:\/\/www.transport-logistics.be\/fr\/wp-json\/wp\/v2\/types\/page"}],"author":[{"embeddable":true,"href":"https:\/\/www.transport-logistics.be\/fr\/wp-json\/wp\/v2\/users\/1475"}],"replies":[{"embeddable":true,"href":"https:\/\/www.transport-logistics.be\/fr\/wp-json\/wp\/v2\/comments?post=4145"}],"version-history":[{"count":5,"href":"https:\/\/www.transport-logistics.be\/fr\/wp-json\/wp\/v2\/pages\/4145\/revisions"}],"predecessor-version":[{"id":109401,"href":"https:\/\/www.transport-logistics.be\/fr\/wp-json\/wp\/v2\/pages\/4145\/revisions\/109401"}],"wp:attachment":[{"href":"https:\/\/www.transport-logistics.be\/fr\/wp-json\/wp\/v2\/media?parent=4145"}],"curies":[{"name":"wp","href":"https:\/\/api.w.org\/{rel}","templated":true}]}}