{"id":4174,"date":"2021-07-29T11:56:31","date_gmt":"2021-07-29T09:56:31","guid":{"rendered":"https:\/\/www.transport-logistics.be\/?page_id=4174"},"modified":"2025-08-29T13:46:00","modified_gmt":"2025-08-29T11:46:00","slug":"job-day-tl-hub","status":"publish","type":"page","link":"https:\/\/www.transport-logistics.be\/fr\/job-day-tl-hub\/","title":{"rendered":"Job Day TL Hub"},"content":{"rendered":"\t\t<div data-elementor-type=\"wp-page\" data-elementor-id=\"4174\" class=\"elementor elementor-4174 elementor-4173\" data-elementor-post-type=\"page\">\n\t\t\t\t<div class=\"elementor-element elementor-element-1be3090 e-con-full e-flex e-con e-parent\" data-id=\"1be3090\" data-element_type=\"container\" data-settings=\"{&quot;background_background&quot;:&quot;classic&quot;}\">\n\t\t<div class=\"elementor-element elementor-element-45edef3 e-flex e-con-boxed e-con e-child\" data-id=\"45edef3\" data-element_type=\"container\">\n\t\t\t\t\t<div class=\"e-con-inner\">\n\t\t<div class=\"elementor-element elementor-element-0e16b4a e-flex e-con-boxed e-con e-child\" data-id=\"0e16b4a\" data-element_type=\"container\" data-settings=\"{&quot;background_background&quot;:&quot;classic&quot;}\">\n\t\t\t\t\t<div class=\"e-con-inner\">\n\t\t<div class=\"elementor-element elementor-element-304e02f e-con-full e-flex e-con e-child\" data-id=\"304e02f\" data-element_type=\"container\">\n\t\t<div class=\"elementor-element elementor-element-69702bd e-con-full e-flex e-con e-child\" data-id=\"69702bd\" data-element_type=\"container\">\n\t\t\t\t<div class=\"elementor-element elementor-element-c178f5f elementor-widget elementor-widget-heading\" data-id=\"c178f5f\" data-element_type=\"widget\" data-widget_type=\"heading.default\">\n\t\t\t\t<div class=\"elementor-widget-container\">\n\t\t\t\t\t<h2 class=\"elementor-heading-title elementor-size-default\">Job Day - TL Hub<\/h2>\t\t\t\t<\/div>\n\t\t\t\t<\/div>\n\t\t\t\t<div class=\"elementor-element elementor-element-6609c9e elementor-widget elementor-widget-text-editor\" data-id=\"6609c9e\" data-element_type=\"widget\" data-widget_type=\"text-editor.default\">\n\t\t\t\t<div class=\"elementor-widget-container\">\n\t\t\t\t\t\t\t\t\t<h5>Jeudi 16 octobre 2025<br \/>\n10h00-13h00<\/h5>\n\t\t\t\t\t\t\t\t<\/div>\n\t\t\t\t<\/div>\n\t\t\t\t<div class=\"elementor-element elementor-element-30ddd98 elementor-widget elementor-widget-text-editor\" data-id=\"30ddd98\" data-element_type=\"widget\" data-widget_type=\"text-editor.default\">\n\t\t\t\t<div class=\"elementor-widget-container\">\n\t\t\t\t\t\t\t\t\t<p>Transport &amp; Logistics est \u00e9galement le lieu de rencontre des entreprises qui recrutent et des talents logistiques. TL Hub, la principale plateforme de recrutement pour le transport et la logistique en Belgique, organise une journ\u00e9e de l&#8217;emploi lors du salon. Passionn\u00e9 par le secteur et \u00e0 la recherche d&rsquo;un nouveau d\u00e9fi ?<\/p>\n<p>Entreprises participantes :<\/p>\n\t\t\t\t\t\t\t\t<\/div>\n\t\t\t\t<\/div>\n\t\t<div class=\"elementor-element elementor-element-b6ed281 e-grid e-con-full e-con e-child\" data-id=\"b6ed281\" data-element_type=\"container\">\n\t\t\t\t<div class=\"elementor-element elementor-element-8201092 elementor-widget elementor-widget-text-editor\" data-id=\"8201092\" data-element_type=\"widget\" data-widget_type=\"text-editor.default\">\n\t\t\t\t<div class=\"elementor-widget-container\">\n\t\t\t\t\t\t\t\t\t<ul>\n<li>MSC<\/li>\n<li>Colruyt Group<\/li>\n<li>Homini<\/li>\n<li>Start People<\/li>\n<li>Gheeraert<\/li>\n<li>B-Close<\/li>\n<\/ul>\n\t\t\t\t\t\t\t\t<\/div>\n\t\t\t\t<\/div>\n\t\t\t\t<div class=\"elementor-element elementor-element-766b8e8 elementor-widget elementor-widget-text-editor\" data-id=\"766b8e8\" data-element_type=\"widget\" data-widget_type=\"text-editor.default\">\n\t\t\t\t<div class=\"elementor-widget-container\">\n\t\t\t\t\t\t\t\t\t<ul>\n<li>CMA CGM<\/li>\n<li>Jost Group<\/li>\n<li>ICTS Group<\/li>\n<li>TMC Europe<\/li>\n<li>Luyckx NV<\/li>\n<\/ul>\n\t\t\t\t\t\t\t\t<\/div>\n\t\t\t\t<\/div>\n\t\t\t\t<\/div>\n\t\t\t\t<div class=\"elementor-element elementor-element-da71c1e elementor-align-left elementor-widget elementor-widget-dynamic-button\" data-id=\"da71c1e\" data-element_type=\"widget\" data-widget_type=\"dynamic-button.default\">\n\t\t\t\t<div class=\"elementor-widget-container\">\n\t\t\t\t\t        <div class=\"elementor-button-wrapper\">\n            <a href=\"https:\/\/www.tl-hub.be\/fr\/job-days\/job-day-in-antwerpxl\" target=\"_blank\" class=\"elementor-button-link elementor-button elementor-size-sm\" role=\"button\">\n                        <span class=\"elementor-button-content-wrapper\">\n\t\t\t\t\t\t<span class=\"elementor-button-text\">Enregistrez-vous ici<\/span>\n\t\t<\/span>\n                    <\/a>\n        <\/div>\n        \t\t\t\t<\/div>\n\t\t\t\t<\/div>\n\t\t\t\t<\/div>\n\t\t\t\t<div class=\"elementor-element elementor-element-da79807 elementor-widget elementor-widget-text-editor\" data-id=\"da79807\" data-element_type=\"widget\" data-widget_type=\"text-editor.default\">\n\t\t\t\t<div class=\"elementor-widget-container\">\n\t\t\t\t\t\t\t\t\t<p>Ou contactez Kim Lousberg (<a class=\"decorated-link cursor-pointer\" rel=\"noopener\" data-start=\"51\" data-end=\"73\">kim.lousberg@tl-hub.be<\/a> ou 0492 50 41 16).<\/p>\n\t\t\t\t\t\t\t\t<\/div>\n\t\t\t\t<\/div>\n\t\t\t\t<\/div>\n\t\t<div class=\"elementor-element elementor-element-8a37d56 e-con-full e-flex e-con e-child\" data-id=\"8a37d56\" data-element_type=\"container\" data-settings=\"{&quot;background_background&quot;:&quot;classic&quot;}\">\n\t\t\t\t<\/div>\n\t\t\t\t\t<\/div>\n\t\t\t\t<\/div>\n\t\t\t\t\t<\/div>\n\t\t\t\t<\/div>\n\t\t<div class=\"elementor-element elementor-element-9b251d3 e-flex e-con-boxed e-con e-child\" data-id=\"9b251d3\" data-element_type=\"container\">\n\t\t\t\t\t<div class=\"e-con-inner\">\n\t\t<div class=\"elementor-element elementor-element-43e342c e-flex e-con-boxed e-con e-child\" data-id=\"43e342c\" data-element_type=\"container\" data-settings=\"{&quot;background_background&quot;:&quot;classic&quot;}\">\n\t\t\t\t\t<div class=\"e-con-inner\">\n\t\t<div class=\"elementor-element elementor-element-22f6b3f e-con-full e-flex e-con e-child\" data-id=\"22f6b3f\" data-element_type=\"container\">\n\t\t\t\t<div class=\"elementor-element elementor-element-ed51e91 elementor-widget elementor-widget-heading\" data-id=\"ed51e91\" data-element_type=\"widget\" data-widget_type=\"heading.default\">\n\t\t\t\t<div class=\"elementor-widget-container\">\n\t\t\t\t\t<h2 class=\"elementor-heading-title elementor-size-default\">Powered by<\/h2>\t\t\t\t<\/div>\n\t\t\t\t<\/div>\n\t\t\t\t<div class=\"elementor-element elementor-element-f5b15a8 elementor-widget elementor-widget-image\" data-id=\"f5b15a8\" data-element_type=\"widget\" data-widget_type=\"image.default\">\n\t\t\t\t<div class=\"elementor-widget-container\">\n\t\t\t\t\t\t\t\t\t\t\t\t\t\t\t<img decoding=\"async\" width=\"150\" height=\"150\" src=\"https:\/\/easyfairsassets.com\/sites\/239\/2024\/06\/TLHUB-150x150.jpg\" class=\"attachment-thumbnail size-thumbnail wp-image-63173\" alt=\"\" \/>\t\t\t\t\t\t\t\t\t\t\t\t\t\t\t<\/div>\n\t\t\t\t<\/div>\n\t\t\t\t<\/div>\n\t\t<div class=\"elementor-element elementor-element-282d9cc e-con-full e-flex e-con e-child\" data-id=\"282d9cc\" data-element_type=\"container\" data-settings=\"{&quot;background_background&quot;:&quot;classic&quot;}\">\n\t\t\t\t<div class=\"elementor-element elementor-element-b3b4e84 elementor-widget elementor-widget-image\" data-id=\"b3b4e84\" data-element_type=\"widget\" data-widget_type=\"image.default\">\n\t\t\t\t<div class=\"elementor-widget-container\">\n\t\t\t\t\t\t\t\t\t\t\t\t\t\t\t<img fetchpriority=\"high\" decoding=\"async\" width=\"300\" height=\"200\" src=\"https:\/\/easyfairsassets.com\/sites\/239\/2024\/06\/2.-transportmedia-2019-300x200.jpg\" class=\"attachment-medium size-medium wp-image-63155\" alt=\"\" srcset=\"https:\/\/easyfairsassets.com\/sites\/239\/2024\/06\/2.-transportmedia-2019-300x200.jpg 300w, https:\/\/easyfairsassets.com\/sites\/239\/2024\/06\/2.-transportmedia-2019-1024x683.jpg 1024w, https:\/\/easyfairsassets.com\/sites\/239\/2024\/06\/2.-transportmedia-2019-768x512.jpg 768w, https:\/\/easyfairsassets.com\/sites\/239\/2024\/06\/2.-transportmedia-2019.jpg 1200w\" sizes=\"(max-width: 300px) 100vw, 300px\" \/>\t\t\t\t\t\t\t\t\t\t\t\t\t\t\t<\/div>\n\t\t\t\t<\/div>\n\t\t\t\t<\/div>\n\t\t\t\t\t<\/div>\n\t\t\t\t<\/div>\n\t\t\t\t\t<\/div>\n\t\t\t\t<\/div>\n\t\t<div class=\"elementor-element elementor-element-3124e1a e-flex e-con-boxed e-con e-child\" data-id=\"3124e1a\" data-element_type=\"container\">\n\t\t\t\t\t<div class=\"e-con-inner\">\n\t\t\t\t<div class=\"elementor-element elementor-element-c6c1dec elementor-widget__width-auto elementor-widget elementor-widget-heading\" data-id=\"c6c1dec\" data-element_type=\"widget\" data-widget_type=\"heading.default\">\n\t\t\t\t<div class=\"elementor-widget-container\">\n\t\t\t\t\t<h2 class=\"elementor-heading-title elementor-size-default\">Entreprises participantes<\/h2>\t\t\t\t<\/div>\n\t\t\t\t<\/div>\n\t\t<div class=\"elementor-element elementor-element-98c486d e-flex e-con-boxed e-con e-child\" data-id=\"98c486d\" data-element_type=\"container\">\n\t\t\t\t\t<div class=\"e-con-inner\">\n\t\t<div class=\"elementor-element elementor-element-8e0ae7a e-con-full e-flex e-con e-child\" data-id=\"8e0ae7a\" data-element_type=\"container\" data-settings=\"{&quot;background_background&quot;:&quot;classic&quot;}\">\n\t\t\t\t<div class=\"elementor-element elementor-element-5a34ea9 elementor-widget elementor-widget-image\" data-id=\"5a34ea9\" data-element_type=\"widget\" data-widget_type=\"image.default\">\n\t\t\t\t<div class=\"elementor-widget-container\">\n\t\t\t\t\t\t\t\t\t\t\t\t\t\t\t<img decoding=\"async\" width=\"250\" height=\"215\" src=\"https:\/\/easyfairsassets.com\/sites\/239\/2025\/06\/colruyt-group-e1751441000530.webp\" class=\"attachment-large size-large wp-image-91170\" alt=\"\" \/>\t\t\t\t\t\t\t\t\t\t\t\t\t\t\t<\/div>\n\t\t\t\t<\/div>\n\t\t\t\t<\/div>\n\t\t<div class=\"elementor-element elementor-element-f52c664 e-con-full e-flex e-con e-child\" data-id=\"f52c664\" data-element_type=\"container\" data-settings=\"{&quot;background_background&quot;:&quot;classic&quot;}\">\n\t\t\t\t<div class=\"elementor-element elementor-element-c803ccc elementor-widget elementor-widget-image\" data-id=\"c803ccc\" data-element_type=\"widget\" data-widget_type=\"image.default\">\n\t\t\t\t<div class=\"elementor-widget-container\">\n\t\t\t\t\t\t\t\t\t\t\t\t\t\t\t<img loading=\"lazy\" decoding=\"async\" width=\"225\" height=\"225\" src=\"https:\/\/easyfairsassets.com\/sites\/239\/2025\/06\/Start-People.png\" class=\"attachment-large size-large wp-image-91179\" alt=\"\" srcset=\"https:\/\/easyfairsassets.com\/sites\/239\/2025\/06\/Start-People.png 225w, https:\/\/easyfairsassets.com\/sites\/239\/2025\/06\/Start-People-150x150.png 150w\" sizes=\"(max-width: 225px) 100vw, 225px\" \/>\t\t\t\t\t\t\t\t\t\t\t\t\t\t\t<\/div>\n\t\t\t\t<\/div>\n\t\t\t\t<\/div>\n\t\t<div class=\"elementor-element elementor-element-b769511 e-con-full e-flex e-con e-child\" data-id=\"b769511\" data-element_type=\"container\" data-settings=\"{&quot;background_background&quot;:&quot;classic&quot;}\">\n\t\t\t\t<div class=\"elementor-element elementor-element-45ea6a7 elementor-widget elementor-widget-image\" data-id=\"45ea6a7\" data-element_type=\"widget\" data-widget_type=\"image.default\">\n\t\t\t\t<div class=\"elementor-widget-container\">\n\t\t\t\t\t\t\t\t\t\t\t\t\t\t\t<img loading=\"lazy\" decoding=\"async\" width=\"468\" height=\"124\" src=\"https:\/\/easyfairsassets.com\/sites\/239\/2025\/08\/gheeraert-site-logo.png\" class=\"attachment-large size-large wp-image-97054\" alt=\"gheeraert-site-logo\" srcset=\"https:\/\/easyfairsassets.com\/sites\/239\/2025\/08\/gheeraert-site-logo.png 468w, https:\/\/easyfairsassets.com\/sites\/239\/2025\/08\/gheeraert-site-logo-300x79.png 300w\" sizes=\"(max-width: 468px) 100vw, 468px\" \/>\t\t\t\t\t\t\t\t\t\t\t\t\t\t\t<\/div>\n\t\t\t\t<\/div>\n\t\t\t\t<\/div>\n\t\t<div class=\"elementor-element elementor-element-e2b9ae2 e-con-full e-flex e-con e-child\" data-id=\"e2b9ae2\" data-element_type=\"container\" data-settings=\"{&quot;background_background&quot;:&quot;classic&quot;}\">\n\t\t\t\t<div class=\"elementor-element elementor-element-366db72 elementor-widget elementor-widget-image\" data-id=\"366db72\" data-element_type=\"widget\" data-widget_type=\"image.default\">\n\t\t\t\t<div class=\"elementor-widget-container\">\n\t\t\t\t\t\t\t\t\t\t\t\t\t\t\t<img loading=\"lazy\" decoding=\"async\" width=\"200\" height=\"200\" src=\"https:\/\/easyfairsassets.com\/sites\/239\/2025\/06\/Homini.jpg\" class=\"attachment-large size-large wp-image-91173\" alt=\"\" srcset=\"https:\/\/easyfairsassets.com\/sites\/239\/2025\/06\/Homini.jpg 200w, https:\/\/easyfairsassets.com\/sites\/239\/2025\/06\/Homini-150x150.jpg 150w\" sizes=\"(max-width: 200px) 100vw, 200px\" \/>\t\t\t\t\t\t\t\t\t\t\t\t\t\t\t<\/div>\n\t\t\t\t<\/div>\n\t\t\t\t<\/div>\n\t\t<div class=\"elementor-element elementor-element-dae9101 e-con-full e-flex e-con e-child\" data-id=\"dae9101\" data-element_type=\"container\" data-settings=\"{&quot;background_background&quot;:&quot;classic&quot;}\">\n\t\t\t\t<div class=\"elementor-element elementor-element-dd7ba26 elementor-widget elementor-widget-image\" data-id=\"dd7ba26\" data-element_type=\"widget\" data-widget_type=\"image.default\">\n\t\t\t\t<div class=\"elementor-widget-container\">\n\t\t\t\t\t\t\t\t\t\t\t\t\t\t\t<img loading=\"lazy\" decoding=\"async\" width=\"287\" height=\"175\" src=\"https:\/\/easyfairsassets.com\/sites\/239\/2025\/06\/CMA-CGM.png\" class=\"attachment-large size-large wp-image-91167\" alt=\"\" \/>\t\t\t\t\t\t\t\t\t\t\t\t\t\t\t<\/div>\n\t\t\t\t<\/div>\n\t\t\t\t<\/div>\n\t\t<div class=\"elementor-element elementor-element-f950f5f e-con-full e-flex e-con e-child\" data-id=\"f950f5f\" data-element_type=\"container\" data-settings=\"{&quot;background_background&quot;:&quot;classic&quot;}\">\n\t\t\t\t<div class=\"elementor-element elementor-element-ba32413 elementor-widget elementor-widget-image\" data-id=\"ba32413\" data-element_type=\"widget\" data-widget_type=\"image.default\">\n\t\t\t\t<div class=\"elementor-widget-container\">\n\t\t\t\t\t\t\t\t\t\t\t\t\t\t\t<img loading=\"lazy\" decoding=\"async\" width=\"791\" height=\"350\" src=\"https:\/\/easyfairsassets.com\/sites\/239\/2025\/06\/B-CLOSE_with_Baseline_RGB.png\" class=\"attachment-large size-large wp-image-91164\" alt=\"\" srcset=\"https:\/\/easyfairsassets.com\/sites\/239\/2025\/06\/B-CLOSE_with_Baseline_RGB.png 791w, https:\/\/easyfairsassets.com\/sites\/239\/2025\/06\/B-CLOSE_with_Baseline_RGB-300x133.png 300w, https:\/\/easyfairsassets.com\/sites\/239\/2025\/06\/B-CLOSE_with_Baseline_RGB-768x340.png 768w\" sizes=\"(max-width: 791px) 100vw, 791px\" \/>\t\t\t\t\t\t\t\t\t\t\t\t\t\t\t<\/div>\n\t\t\t\t<\/div>\n\t\t\t\t<\/div>\n\t\t<div class=\"elementor-element elementor-element-a861e08 e-con-full e-flex e-con e-child\" data-id=\"a861e08\" data-element_type=\"container\" data-settings=\"{&quot;background_background&quot;:&quot;classic&quot;}\">\n\t\t\t\t<div class=\"elementor-element elementor-element-96cc573 elementor-widget elementor-widget-image\" data-id=\"96cc573\" data-element_type=\"widget\" data-widget_type=\"image.default\">\n\t\t\t\t<div class=\"elementor-widget-container\">\n\t\t\t\t\t\t\t\t\t\t\t\t\t\t\t<img loading=\"lazy\" decoding=\"async\" width=\"658\" height=\"713\" src=\"https:\/\/easyfairsassets.com\/sites\/239\/2021\/07\/msc-belgium-tl-hub-jobday.jpg\" class=\"attachment-large size-large wp-image-6658\" alt=\"Logo MSC Belgium\" srcset=\"https:\/\/easyfairsassets.com\/sites\/239\/2021\/07\/msc-belgium-tl-hub-jobday.jpg 658w, https:\/\/easyfairsassets.com\/sites\/239\/2021\/07\/msc-belgium-tl-hub-jobday-277x300.jpg 277w\" sizes=\"(max-width: 658px) 100vw, 658px\" \/>\t\t\t\t\t\t\t\t\t\t\t\t\t\t\t<\/div>\n\t\t\t\t<\/div>\n\t\t\t\t<\/div>\n\t\t<div class=\"elementor-element elementor-element-9881445 e-con-full e-flex e-con e-child\" data-id=\"9881445\" data-element_type=\"container\" data-settings=\"{&quot;background_background&quot;:&quot;classic&quot;}\">\n\t\t\t\t<div class=\"elementor-element elementor-element-9bf4b40 elementor-widget elementor-widget-image\" data-id=\"9bf4b40\" data-element_type=\"widget\" data-widget_type=\"image.default\">\n\t\t\t\t<div class=\"elementor-widget-container\">\n\t\t\t\t\t\t\t\t\t\t\t\t\t\t\t<img loading=\"lazy\" decoding=\"async\" width=\"800\" height=\"450\" src=\"https:\/\/easyfairsassets.com\/sites\/239\/2020\/11\/cropped-23-1024x576.png\" class=\"attachment-large size-large wp-image-16537\" alt=\"\" srcset=\"https:\/\/easyfairsassets.com\/sites\/239\/2020\/11\/cropped-23-1024x576.png 1024w, https:\/\/easyfairsassets.com\/sites\/239\/2020\/11\/cropped-23-300x169.png 300w, https:\/\/easyfairsassets.com\/sites\/239\/2020\/11\/cropped-23-768x432.png 768w, https:\/\/easyfairsassets.com\/sites\/239\/2020\/11\/cropped-23-1536x864.png 1536w, https:\/\/easyfairsassets.com\/sites\/239\/2020\/11\/cropped-23.png 1920w\" sizes=\"(max-width: 800px) 100vw, 800px\" \/>\t\t\t\t\t\t\t\t\t\t\t\t\t\t\t<\/div>\n\t\t\t\t<\/div>\n\t\t\t\t<\/div>\n\t\t<div class=\"elementor-element elementor-element-e456b55 e-con-full e-flex e-con e-child\" data-id=\"e456b55\" data-element_type=\"container\" data-settings=\"{&quot;background_background&quot;:&quot;classic&quot;}\">\n\t\t\t\t<div class=\"elementor-element elementor-element-227a0c2 elementor-widget elementor-widget-image\" data-id=\"227a0c2\" data-element_type=\"widget\" data-widget_type=\"image.default\">\n\t\t\t\t<div class=\"elementor-widget-container\">\n\t\t\t\t\t\t\t\t\t\t\t\t\t\t\t<img loading=\"lazy\" decoding=\"async\" width=\"225\" height=\"225\" src=\"https:\/\/easyfairsassets.com\/sites\/239\/2025\/08\/logo-icts.png\" class=\"attachment-large size-large wp-image-97042\" alt=\"logo icts\" srcset=\"https:\/\/easyfairsassets.com\/sites\/239\/2025\/08\/logo-icts.png 225w, https:\/\/easyfairsassets.com\/sites\/239\/2025\/08\/logo-icts-150x150.png 150w\" sizes=\"(max-width: 225px) 100vw, 225px\" \/>\t\t\t\t\t\t\t\t\t\t\t\t\t\t\t<\/div>\n\t\t\t\t<\/div>\n\t\t\t\t<\/div>\n\t\t<div class=\"elementor-element elementor-element-801c0ba e-con-full e-flex e-con e-child\" data-id=\"801c0ba\" data-element_type=\"container\" data-settings=\"{&quot;background_background&quot;:&quot;classic&quot;}\">\n\t\t\t\t<div class=\"elementor-element elementor-element-f224580 elementor-widget elementor-widget-image\" data-id=\"f224580\" data-element_type=\"widget\" data-widget_type=\"image.default\">\n\t\t\t\t<div class=\"elementor-widget-container\">\n\t\t\t\t\t\t\t\t\t\t\t\t\t\t\t<img loading=\"lazy\" decoding=\"async\" width=\"200\" height=\"200\" src=\"https:\/\/easyfairsassets.com\/sites\/239\/2025\/08\/tmc-europe.jpg\" class=\"attachment-large size-large wp-image-97045\" alt=\"tmc europe\" srcset=\"https:\/\/easyfairsassets.com\/sites\/239\/2025\/08\/tmc-europe.jpg 200w, https:\/\/easyfairsassets.com\/sites\/239\/2025\/08\/tmc-europe-150x150.jpg 150w\" sizes=\"(max-width: 200px) 100vw, 200px\" \/>\t\t\t\t\t\t\t\t\t\t\t\t\t\t\t<\/div>\n\t\t\t\t<\/div>\n\t\t\t\t<\/div>\n\t\t<div class=\"elementor-element elementor-element-87459f3 e-con-full e-flex e-con e-child\" data-id=\"87459f3\" data-element_type=\"container\" data-settings=\"{&quot;background_background&quot;:&quot;classic&quot;}\">\n\t\t\t\t<div class=\"elementor-element elementor-element-2067e8f elementor-widget elementor-widget-image\" data-id=\"2067e8f\" data-element_type=\"widget\" data-widget_type=\"image.default\">\n\t\t\t\t<div class=\"elementor-widget-container\">\n\t\t\t\t\t\t\t\t\t\t\t\t\t\t\t<img loading=\"lazy\" decoding=\"async\" width=\"200\" height=\"200\" src=\"https:\/\/easyfairsassets.com\/sites\/239\/2025\/08\/luyckx_nv_logo.jpg\" class=\"attachment-large size-large wp-image-102220\" alt=\"luyckx_nv_logo\" srcset=\"https:\/\/easyfairsassets.com\/sites\/239\/2025\/08\/luyckx_nv_logo.jpg 200w, https:\/\/easyfairsassets.com\/sites\/239\/2025\/08\/luyckx_nv_logo-150x150.jpg 150w\" sizes=\"(max-width: 200px) 100vw, 200px\" \/>\t\t\t\t\t\t\t\t\t\t\t\t\t\t\t<\/div>\n\t\t\t\t<\/div>\n\t\t\t\t<\/div>\n\t\t\t\t\t<\/div>\n\t\t\t\t<\/div>\n\t\t\t\t\t<\/div>\n\t\t\t\t<\/div>\n\t\t\t\t<\/div>\n\t\t\t\t<\/div>\n\t\t","protected":false},"excerpt":{"rendered":"<p>Job Day &#8211; TL Hub Jeudi 16 octobre 2025 10h00-13h00 Transport &amp; Logistics est \u00e9galement le lieu de rencontre des entreprises qui recrutent et des talents logistiques. TL Hub, la principale plateforme de recrutement pour le transport et la logistique en Belgique, organise une journ\u00e9e de l&#8217;emploi lors du salon. Passionn\u00e9 par le secteur et [&hellip;]<\/p>\n","protected":false},"author":1475,"featured_media":30462,"parent":0,"menu_order":0,"comment_status":"closed","ping_status":"closed","template":"","meta":{"_seopress_robots_primary_cat":"","_seopress_titles_title":"Job Day  TL Hub - Transport & Logistics Anvers","_seopress_titles_desc":"L'avantage par la connaissance dans le secteur du transport et de la logistique - c'est ce dont il s'agit. ","_seopress_robots_index":"","footnotes":""},"class_list":["post-4174","page","type-page","status-publish","has-post-thumbnail","hentry"],"_links":{"self":[{"href":"https:\/\/www.transport-logistics.be\/fr\/wp-json\/wp\/v2\/pages\/4174","targetHints":{"allow":["GET"]}}],"collection":[{"href":"https:\/\/www.transport-logistics.be\/fr\/wp-json\/wp\/v2\/pages"}],"about":[{"href":"https:\/\/www.transport-logistics.be\/fr\/wp-json\/wp\/v2\/types\/page"}],"author":[{"embeddable":true,"href":"https:\/\/www.transport-logistics.be\/fr\/wp-json\/wp\/v2\/users\/1475"}],"replies":[{"embeddable":true,"href":"https:\/\/www.transport-logistics.be\/fr\/wp-json\/wp\/v2\/comments?post=4174"}],"version-history":[{"count":5,"href":"https:\/\/www.transport-logistics.be\/fr\/wp-json\/wp\/v2\/pages\/4174\/revisions"}],"predecessor-version":[{"id":102535,"href":"https:\/\/www.transport-logistics.be\/fr\/wp-json\/wp\/v2\/pages\/4174\/revisions\/102535"}],"wp:featuredmedia":[{"embeddable":true,"href":"https:\/\/www.transport-logistics.be\/fr\/wp-json\/wp\/v2\/media\/30462"}],"wp:attachment":[{"href":"https:\/\/www.transport-logistics.be\/fr\/wp-json\/wp\/v2\/media?parent=4174"}],"curies":[{"name":"wp","href":"https:\/\/api.w.org\/{rel}","templated":true}]}}