{"id":56035,"date":"2023-10-09T15:55:06","date_gmt":"2023-10-09T13:55:06","guid":{"rendered":"https:\/\/www.transport-logistics.be\/livestudio-transportmedia\/"},"modified":"2025-09-04T16:19:49","modified_gmt":"2025-09-04T14:19:49","slug":"livestudio-transportmedia","status":"publish","type":"page","link":"https:\/\/www.transport-logistics.be\/fr\/livestudio-transportmedia\/","title":{"rendered":"Livestudio Transportmedia"},"content":{"rendered":"\t\t<div data-elementor-type=\"wp-page\" data-elementor-id=\"56035\" class=\"elementor elementor-56035 elementor-33371\" data-elementor-post-type=\"page\">\n\t\t\t\t<div class=\"elementor-element elementor-element-a91e7c0 e-con-full e-flex e-con e-parent\" data-id=\"a91e7c0\" data-element_type=\"container\" data-settings=\"{&quot;background_background&quot;:&quot;classic&quot;}\">\n\t\t<div class=\"elementor-element elementor-element-d792ac9 e-flex e-con-boxed e-con e-child\" data-id=\"d792ac9\" data-element_type=\"container\">\n\t\t\t\t\t<div class=\"e-con-inner\">\n\t\t<div class=\"elementor-element elementor-element-a4d761b e-flex e-con-boxed e-con e-child\" data-id=\"a4d761b\" data-element_type=\"container\" data-settings=\"{&quot;background_background&quot;:&quot;classic&quot;}\">\n\t\t\t\t\t<div class=\"e-con-inner\">\n\t\t<div class=\"elementor-element elementor-element-4716a06 e-con-full e-flex e-con e-child\" data-id=\"4716a06\" data-element_type=\"container\" data-settings=\"{&quot;background_background&quot;:&quot;classic&quot;}\">\n\t\t\t\t<\/div>\n\t\t<div class=\"elementor-element elementor-element-1a32f5f e-con-full e-flex e-con e-child\" data-id=\"1a32f5f\" data-element_type=\"container\">\n\t\t<div class=\"elementor-element elementor-element-48864aa e-flex e-con-boxed e-con e-child\" data-id=\"48864aa\" data-element_type=\"container\">\n\t\t\t\t\t<div class=\"e-con-inner\">\n\t\t\t\t<div class=\"elementor-element elementor-element-f376b75 elementor-widget elementor-widget-heading\" data-id=\"f376b75\" data-element_type=\"widget\" data-widget_type=\"heading.default\">\n\t\t\t\t<div class=\"elementor-widget-container\">\n\t\t\t\t\t<h2 class=\"elementor-heading-title elementor-size-default\">Transportmedia<\/h2>\t\t\t\t<\/div>\n\t\t\t\t<\/div>\n\t\t\t\t<div class=\"elementor-element elementor-element-7227653 elementor-widget elementor-widget-text-editor\" data-id=\"7227653\" data-element_type=\"widget\" data-widget_type=\"text-editor.default\">\n\t\t\t\t<div class=\"elementor-widget-container\">\n\t\t\t\t\t\t\t\t\t<p data-start=\"53\" data-end=\"537\">Transportmedia est un \u00e9diteur <strong>B2B belge sp\u00e9cialis\u00e9 dans le transport, la logistique<\/strong> et la construction, actif depuis 2004. Ils proposent un puissant portefeuille multim\u00e9dia : magazines (comme Truck &amp; Business, Transport Management, Van Management, Link2Logistics), annuaires, \u00e9missions t\u00e9l\u00e9vis\u00e9es sur Kanaal Z (Transport.TV, Logistics.TV, Bouw.TV), sites d\u2019actualit\u00e9s, newsletters et \u00e9v\u00e9nements tels que les Transport &amp; Logistics Awards, Gazelles Transport &amp; Logistiek et Best of VAN.<\/p><p data-start=\"539\" data-end=\"648\">Par ailleurs, Transportmedia est depuis plusieurs ann\u00e9es un partenaire m\u00e9dia fid\u00e8le de Transport &amp; Logistics.<\/p>\t\t\t\t\t\t\t\t<\/div>\n\t\t\t\t<\/div>\n\t\t\t\t\t<\/div>\n\t\t\t\t<\/div>\n\t\t<div class=\"elementor-element elementor-element-951e2e6 e-flex e-con-boxed e-con e-child\" data-id=\"951e2e6\" data-element_type=\"container\">\n\t\t\t\t\t<div class=\"e-con-inner\">\n\t\t\t\t<div class=\"elementor-element elementor-element-d356d6a elementor-align-left elementor-widget elementor-widget-dynamic-button\" data-id=\"d356d6a\" data-element_type=\"widget\" data-widget_type=\"dynamic-button.default\">\n\t\t\t\t<div class=\"elementor-widget-container\">\n\t\t\t\t\t        <div class=\"elementor-button-wrapper\">\n            <a href=\"https:\/\/www.transportmedia.be\" class=\"elementor-button-link elementor-button elementor-size-sm\" role=\"button\">\n                        <span class=\"elementor-button-content-wrapper\">\n\t\t\t\t\t\t<span class=\"elementor-button-text\">\u00c0 propos de Transportmedia<\/span>\n\t\t<\/span>\n                    <\/a>\n        <\/div>\n        \t\t\t\t<\/div>\n\t\t\t\t<\/div>\n\t\t\t\t<div class=\"elementor-element elementor-element-7e20214 elementor-widget elementor-widget-image\" data-id=\"7e20214\" data-element_type=\"widget\" data-widget_type=\"image.default\">\n\t\t\t\t<div class=\"elementor-widget-container\">\n\t\t\t\t\t\t\t\t\t\t\t\t\t\t\t<img fetchpriority=\"high\" decoding=\"async\" width=\"300\" height=\"193\" src=\"https:\/\/easyfairsassets.com\/sites\/239\/2024\/06\/transportmedia-300x193.png\" class=\"attachment-medium size-medium wp-image-63371\" alt=\"\" srcset=\"https:\/\/easyfairsassets.com\/sites\/239\/2024\/06\/transportmedia-300x193.png 300w, https:\/\/easyfairsassets.com\/sites\/239\/2024\/06\/transportmedia-1024x658.png 1024w, https:\/\/easyfairsassets.com\/sites\/239\/2024\/06\/transportmedia-768x493.png 768w, https:\/\/easyfairsassets.com\/sites\/239\/2024\/06\/transportmedia.png 1200w\" sizes=\"(max-width: 300px) 100vw, 300px\" \/>\t\t\t\t\t\t\t\t\t\t\t\t\t\t\t<\/div>\n\t\t\t\t<\/div>\n\t\t\t\t\t<\/div>\n\t\t\t\t<\/div>\n\t\t\t\t<\/div>\n\t\t\t\t\t<\/div>\n\t\t\t\t<\/div>\n\t\t<div class=\"elementor-element elementor-element-71fd7d3 e-flex e-con-boxed e-con e-child\" data-id=\"71fd7d3\" data-element_type=\"container\" data-settings=\"{&quot;background_background&quot;:&quot;classic&quot;}\">\n\t\t\t\t\t<div class=\"e-con-inner\">\n\t\t<div class=\"elementor-element elementor-element-60db04f e-con-full e-flex e-con e-child\" data-id=\"60db04f\" data-element_type=\"container\">\n\t\t\t\t<div class=\"elementor-element elementor-element-f6d945f elementor-widget elementor-widget-heading\" data-id=\"f6d945f\" data-element_type=\"widget\" data-widget_type=\"heading.default\">\n\t\t\t\t<div class=\"elementor-widget-container\">\n\t\t\t\t\t<h2 class=\"elementor-heading-title elementor-size-default\">Trends transport &amp; logistics gazellen awards<\/h2>\t\t\t\t<\/div>\n\t\t\t\t<\/div>\n\t\t\t\t<div class=\"elementor-element elementor-element-fd40790 elementor-widget elementor-widget-heading\" data-id=\"fd40790\" data-element_type=\"widget\" data-widget_type=\"heading.default\">\n\t\t\t\t<div class=\"elementor-widget-container\">\n\t\t\t\t\t<h2 class=\"elementor-heading-title elementor-size-default\">Qu\u2019est-ce que les Gazelles ?<span style=\"font-size: 2rem;font-family: Canaro, sans-serif;font-weight: 600;text-align: start;float: none\"><\/span><\/h2>\t\t\t\t<\/div>\n\t\t\t\t<\/div>\n\t\t\t\t<div class=\"elementor-element elementor-element-df9a63b elementor-widget elementor-widget-text-editor\" data-id=\"df9a63b\" data-element_type=\"widget\" data-widget_type=\"text-editor.default\">\n\t\t\t\t<div class=\"elementor-widget-container\">\n\t\t\t\t\t\t\t\t\t<p data-start=\"40\" data-end=\"257\">Il s&rsquo;agit des entreprises ayant connu la plus forte croissance au cours des cinq derni\u00e8res ann\u00e9es. Les prix sont remis aux meilleures dans trois cat\u00e9gories : les petites, les moyennes et enfin les grandes entreprises.<\/p>\n<p data-start=\"259\" data-end=\"707\">En r\u00e9servant une table aux Gazellen Transport &amp; Logistics 2025, vous offrez \u00e0 vos collaborateurs, clients ou prospects l\u2019occasion de profiter d\u2019un \u00e9v\u00e9nement exclusif. En plus de<strong> la remise des prix<\/strong>, nous vous proposons cette ann\u00e9e un Business Summit, un repas <strong>gastronomique pr\u00e9par\u00e9 par un chef \u00e9toil\u00e9,<\/strong> une animation musicale ainsi qu\u2019un after-drink avec possibilit\u00e9 de <strong>networking<\/strong>. L\u2019utile et l\u2019agr\u00e9able r\u00e9unis de mani\u00e8re particuli\u00e8rement originale !<\/p>\n\t\t\t\t\t\t\t\t<\/div>\n\t\t\t\t<\/div>\n\t\t\t\t<div class=\"elementor-element elementor-element-ba2d140 elementor-widget elementor-widget-heading\" data-id=\"ba2d140\" data-element_type=\"widget\" data-widget_type=\"heading.default\">\n\t\t\t\t<div class=\"elementor-widget-container\">\n\t\t\t\t\t<h2 class=\"elementor-heading-title elementor-size-default\">Programme<\/h2>\t\t\t\t<\/div>\n\t\t\t\t<\/div>\n\t\t\t\t<div class=\"elementor-element elementor-element-cce5f92 elementor-widget elementor-widget-heading\" data-id=\"cce5f92\" data-element_type=\"widget\" data-widget_type=\"heading.default\">\n\t\t\t\t<div class=\"elementor-widget-container\">\n\t\t\t\t\t<h5 class=\"elementor-heading-title elementor-size-default\">Mardi 14 Octobre 2025<\/h5>\t\t\t\t<\/div>\n\t\t\t\t<\/div>\n\t\t\t\t<div class=\"elementor-element elementor-element-e1d3c35 elementor-widget elementor-widget-text-editor\" data-id=\"e1d3c35\" data-element_type=\"widget\" data-widget_type=\"text-editor.default\">\n\t\t\t\t<div class=\"elementor-widget-container\">\n\t\t\t\t\t\t\t\t\t<ul>\n<li><strong>18u30<\/strong> \u2013 Accueil<\/li>\n<li><strong>19u15<\/strong> \u2013 Business Summit<\/li>\n<li><strong>19u45<\/strong> \u2013 Remise des prix des Gazellen Transport &amp; Logistics<\/li>\n<li><strong>20u30<\/strong> \u2013 Repas gastronomique<\/li>\n<li><strong>22u30<\/strong> \u2013 Dessert, drink de r\u00e9seautage et animation musicale<\/li>\n<\/ul>\n<p><strong><br \/>\nSouhaitez-vous r\u00e9server des places ou des tables pour cet \u00e9v\u00e9nement VIP ?<br data-start=\"296\" data-end=\"299\" \/>N\u2019h\u00e9sitez pas \u00e0 contacter Transportmedia (<a class=\"cursor-pointer\" rel=\"noopener\" data-start=\"341\" data-end=\"363\">info@transportmedia.be<\/a> ; +32 16 22 11 31).<br \/>\n<\/strong><\/p>\n\t\t\t\t\t\t\t\t<\/div>\n\t\t\t\t<\/div>\n\t\t\t\t<div class=\"elementor-element elementor-element-05cd94a elementor-align-left elementor-widget elementor-widget-dynamic-button\" data-id=\"05cd94a\" data-element_type=\"widget\" data-widget_type=\"dynamic-button.default\">\n\t\t\t\t<div class=\"elementor-widget-container\">\n\t\t\t\t\t        <div class=\"elementor-button-wrapper\">\n            <a href=\"https:\/\/transportmedia.be\/event\/transport-logistics-gazellen-2025\/\" target=\"_blank\" class=\"elementor-button-link elementor-button elementor-size-sm\" role=\"button\">\n                        <span class=\"elementor-button-content-wrapper\">\n\t\t\t\t\t\t<span class=\"elementor-button-text\">Enregistrez-vous ici<\/span>\n\t\t<\/span>\n                    <\/a>\n        <\/div>\n        \t\t\t\t<\/div>\n\t\t\t\t<\/div>\n\t\t\t\t<\/div>\n\t\t<div class=\"elementor-element elementor-element-6a0ea2a e-con-full e-flex e-con e-child\" data-id=\"6a0ea2a\" data-element_type=\"container\" data-settings=\"{&quot;background_background&quot;:&quot;classic&quot;}\">\n\t\t\t\t<\/div>\n\t\t\t\t\t<\/div>\n\t\t\t\t<\/div>\n\t\t<div class=\"elementor-element elementor-element-2772a90 e-flex e-con-boxed e-con e-child\" data-id=\"2772a90\" data-element_type=\"container\" data-settings=\"{&quot;background_background&quot;:&quot;classic&quot;}\">\n\t\t\t\t\t<div class=\"e-con-inner\">\n\t\t<div class=\"elementor-element elementor-element-5a2c7d2 e-con-full e-flex e-con e-child\" data-id=\"5a2c7d2\" data-element_type=\"container\" data-settings=\"{&quot;background_background&quot;:&quot;classic&quot;}\">\n\t\t\t\t<\/div>\n\t\t<div class=\"elementor-element elementor-element-f3a1720 e-con-full e-flex e-con e-child\" data-id=\"f3a1720\" data-element_type=\"container\">\n\t\t\t\t<div class=\"elementor-element elementor-element-4fb7f73 elementor-widget elementor-widget-heading\" data-id=\"4fb7f73\" data-element_type=\"widget\" data-widget_type=\"heading.default\">\n\t\t\t\t<div class=\"elementor-widget-container\">\n\t\t\t\t\t<h2 class=\"elementor-heading-title elementor-size-default\">Livestudio<\/h2>\t\t\t\t<\/div>\n\t\t\t\t<\/div>\n\t\t\t\t<div class=\"elementor-element elementor-element-998edc4 elementor-widget elementor-widget-text-editor\" data-id=\"998edc4\" data-element_type=\"widget\" data-widget_type=\"text-editor.default\">\n\t\t\t\t<div class=\"elementor-widget-container\">\n\t\t\t\t\t\t\t\t\t<p data-start=\"328\" data-end=\"558\">Lors de Transport &amp; Logistics, le studio en direct de Transportmedia s\u2019installe \u00e9galement sur le floor du salon. Ils suivent de pr\u00e8s les exposants et couvrent les diff\u00e9rentes activit\u00e9s qui se d\u00e9roulent lors du salon.<\/p><p data-start=\"560\" data-end=\"611\"><strong>\u00c0 regarder en direct sur Logistics TV sur Kanaal Z.<\/strong><\/p>\t\t\t\t\t\t\t\t<\/div>\n\t\t\t\t<\/div>\n\t\t\t\t<div class=\"elementor-element elementor-element-8777461 elementor-widget elementor-widget-button\" data-id=\"8777461\" data-element_type=\"widget\" data-widget_type=\"button.default\">\n\t\t\t\t<div class=\"elementor-widget-container\">\n\t\t\t\t\t\t\t\t\t<div class=\"elementor-button-wrapper\">\n\t\t\t\t\t<a class=\"elementor-button elementor-button-link elementor-size-sm\" href=\"https:\/\/www.youtube.com\/playlist?list=PLZjf8jofsaFZiMVYdn_lFvzOvCMdVH_K2\" target=\"_blank\">\n\t\t\t\t\t\t<span class=\"elementor-button-content-wrapper\">\n\t\t\t\t\t\t\t\t\t<span class=\"elementor-button-text\">Regardez les interviews des \u00e9ditions pr\u00e9c\u00e9dentes ici<\/span>\n\t\t\t\t\t<\/span>\n\t\t\t\t\t<\/a>\n\t\t\t\t<\/div>\n\t\t\t\t\t\t\t\t<\/div>\n\t\t\t\t<\/div>\n\t\t\t\t<\/div>\n\t\t\t\t\t<\/div>\n\t\t\t\t<\/div>\n\t\t<div class=\"elementor-element elementor-element-0b07f0c e-flex e-con-boxed e-con e-child\" data-id=\"0b07f0c\" data-element_type=\"container\" data-settings=\"{&quot;background_background&quot;:&quot;classic&quot;}\">\n\t\t\t\t\t<div class=\"e-con-inner\">\n\t\t<div class=\"elementor-element elementor-element-d842954 e-con-full e-flex e-con e-child\" data-id=\"d842954\" data-element_type=\"container\">\n\t\t\t\t<div class=\"elementor-element elementor-element-5072ad0 elementor-widget elementor-widget-heading\" data-id=\"5072ad0\" data-element_type=\"widget\" data-widget_type=\"heading.default\">\n\t\t\t\t<div class=\"elementor-widget-container\">\n\t\t\t\t\t<h2 class=\"elementor-heading-title elementor-size-default\">Podcast avec Alex van breedam<\/h2>\t\t\t\t<\/div>\n\t\t\t\t<\/div>\n\t\t\t\t<div class=\"elementor-element elementor-element-35319cc elementor-widget elementor-widget-text-editor\" data-id=\"35319cc\" data-element_type=\"widget\" data-widget_type=\"text-editor.default\">\n\t\t\t\t<div class=\"elementor-widget-container\">\n\t\t\t\t\t\t\t\t\t<p>Pendant le salon, Tranportmedia organise une s\u00e9rie de podcasts vid\u00e9o passionnants anim\u00e9s par <strong>Alex Van Breedam, expert de renom en logistique et gestion de la cha\u00eene d&rsquo;approvisionnement<\/strong>. En tant que fondateur de TRI-VIZOR et ancien PDG de VIL, il donne le ton depuis des ann\u00e9es dans le domaine de la logistique collaborative et des cha\u00eenes durables. Avec sa vision novatrice de l&rsquo;Internet physique et de la collaboration ax\u00e9e sur les donn\u00e9es, il est une valeur s\u00fbre de Transport &amp; Logistics pour diverses conf\u00e9rences. Son podcast offre la possibilit\u00e9 d&rsquo;\u00e9couter en direct des th\u00e8mes d&rsquo;actualit\u00e9 et des conversations avec des experts du domaine.<\/p>\n\t\t\t\t\t\t\t\t<\/div>\n\t\t\t\t<\/div>\n\t\t\t\t<div class=\"elementor-element elementor-element-2e47df8 elementor-widget elementor-widget-heading\" data-id=\"2e47df8\" data-element_type=\"widget\" data-widget_type=\"heading.default\">\n\t\t\t\t<div class=\"elementor-widget-container\">\n\t\t\t\t\t<h4 class=\"elementor-heading-title elementor-size-default\">Programme<\/h4>\t\t\t\t<\/div>\n\t\t\t\t<\/div>\n\t\t\t\t<div class=\"elementor-element elementor-element-d40227c elementor-widget elementor-widget-text-editor\" data-id=\"d40227c\" data-element_type=\"widget\" data-widget_type=\"text-editor.default\">\n\t\t\t\t<div class=\"elementor-widget-container\">\n\t\t\t\t\t\t\t\t\t<p><strong>Titre<\/strong> : Flux logistiques \u00e0 Anvers et dans ses environs au cours des prochaines ann\u00e9es, dans le cadre des travaux Oosterweel et de l&rsquo;augmentation de la congestion<\/p>\n<p><strong>Contenu<\/strong> : Entretiens avec des d\u00e9cideurs chez Lantis (ma\u00eetre d&rsquo;ouvrage Oosterweel), l&rsquo;autorit\u00e9 portuaire, le secteur des transports, les terminaux int\u00e9rieurs, les compagnies maritimes, les terminaux maritimes et plus encore.<\/p>\n\t\t\t\t\t\t\t\t<\/div>\n\t\t\t\t<\/div>\n\t\t\t\t<\/div>\n\t\t<div class=\"elementor-element elementor-element-59353b3 e-con-full e-flex e-con e-child\" data-id=\"59353b3\" data-element_type=\"container\" data-settings=\"{&quot;background_background&quot;:&quot;classic&quot;}\">\n\t\t\t\t<\/div>\n\t\t\t\t\t<\/div>\n\t\t\t\t<\/div>\n\t\t\t\t\t<\/div>\n\t\t\t\t<\/div>\n\t\t\t\t<\/div>\n\t\t\t\t<\/div>\n\t\t","protected":false},"excerpt":{"rendered":"<p>Transportmedia Transportmedia est un \u00e9diteur B2B belge sp\u00e9cialis\u00e9 dans le transport, la logistique et la construction, actif depuis 2004. Ils proposent un puissant portefeuille multim\u00e9dia : magazines (comme Truck &amp; Business, Transport Management, Van Management, Link2Logistics), annuaires, \u00e9missions t\u00e9l\u00e9vis\u00e9es sur Kanaal Z (Transport.TV, Logistics.TV, Bouw.TV), sites d\u2019actualit\u00e9s, newsletters et \u00e9v\u00e9nements tels que les Transport &amp; [&hellip;]<\/p>\n","protected":false},"author":219,"featured_media":0,"parent":0,"menu_order":0,"comment_status":"closed","ping_status":"closed","template":"","meta":{"_seopress_robots_primary_cat":"","_seopress_titles_title":"","_seopress_titles_desc":"","_seopress_robots_index":"","footnotes":""},"class_list":["post-56035","page","type-page","status-publish","hentry"],"_links":{"self":[{"href":"https:\/\/www.transport-logistics.be\/fr\/wp-json\/wp\/v2\/pages\/56035","targetHints":{"allow":["GET"]}}],"collection":[{"href":"https:\/\/www.transport-logistics.be\/fr\/wp-json\/wp\/v2\/pages"}],"about":[{"href":"https:\/\/www.transport-logistics.be\/fr\/wp-json\/wp\/v2\/types\/page"}],"author":[{"embeddable":true,"href":"https:\/\/www.transport-logistics.be\/fr\/wp-json\/wp\/v2\/users\/219"}],"replies":[{"embeddable":true,"href":"https:\/\/www.transport-logistics.be\/fr\/wp-json\/wp\/v2\/comments?post=56035"}],"version-history":[{"count":5,"href":"https:\/\/www.transport-logistics.be\/fr\/wp-json\/wp\/v2\/pages\/56035\/revisions"}],"predecessor-version":[{"id":105385,"href":"https:\/\/www.transport-logistics.be\/fr\/wp-json\/wp\/v2\/pages\/56035\/revisions\/105385"}],"wp:attachment":[{"href":"https:\/\/www.transport-logistics.be\/fr\/wp-json\/wp\/v2\/media?parent=56035"}],"curies":[{"name":"wp","href":"https:\/\/api.w.org\/{rel}","templated":true}]}}