{"id":56038,"date":"2023-10-09T15:57:31","date_gmt":"2023-10-09T13:57:31","guid":{"rendered":"https:\/\/www.transport-logistics.be\/logistic-industrial-build-tour\/"},"modified":"2023-10-09T16:03:16","modified_gmt":"2023-10-09T14:03:16","slug":"logistic-industrial-build-tour","status":"publish","type":"page","link":"https:\/\/www.transport-logistics.be\/fr\/logistic-industrial-build-tour\/","title":{"rendered":"Logistic &#038; Industrial Build tour"},"content":{"rendered":"\t\t<div data-elementor-type=\"wp-page\" data-elementor-id=\"56038\" class=\"elementor elementor-56038 elementor-44064\" data-elementor-post-type=\"page\">\n\t\t\t\t\t\t<section class=\"elementor-section elementor-top-section elementor-element elementor-element-f5fd21f elementor-section-content-middle elementor-section-boxed elementor-section-height-default elementor-section-height-default\" data-id=\"f5fd21f\" data-element_type=\"section\">\n\t\t\t\t\t\t<div class=\"elementor-container elementor-column-gap-default\">\n\t\t\t\t\t<div class=\"elementor-column elementor-col-100 elementor-top-column elementor-element elementor-element-a9edbcb\" data-id=\"a9edbcb\" data-element_type=\"column\">\n\t\t\t<div class=\"elementor-widget-wrap elementor-element-populated\">\n\t\t\t\t\t\t<div class=\"elementor-element elementor-element-4acf2dd elementor-widget elementor-widget-heading\" data-id=\"4acf2dd\" data-element_type=\"widget\" data-widget_type=\"heading.default\">\n\t\t\t\t<div class=\"elementor-widget-container\">\n\t\t\t\t\t<h2 class=\"elementor-heading-title elementor-size-default\">D\u00e9couvrez l'avenir de la logistique, de l'immobilier industriel et de la construction pendant Transport &amp; Logistics gr\u00e2ce \u00e0 une visite guid\u00e9e.<\/h2>\t\t\t\t<\/div>\n\t\t\t\t<\/div>\n\t\t\t\t\t<\/div>\n\t\t<\/div>\n\t\t\t\t\t<\/div>\n\t\t<\/section>\n\t\t\t\t<section class=\"elementor-section elementor-top-section elementor-element elementor-element-e34d359 elementor-section-boxed elementor-section-height-default elementor-section-height-default\" data-id=\"e34d359\" data-element_type=\"section\">\n\t\t\t\t\t\t<div class=\"elementor-container elementor-column-gap-default\">\n\t\t\t\t\t<div class=\"elementor-column elementor-col-50 elementor-top-column elementor-element elementor-element-a9e31e0\" data-id=\"a9e31e0\" data-element_type=\"column\">\n\t\t\t<div class=\"elementor-widget-wrap elementor-element-populated\">\n\t\t\t\t\t\t<div class=\"elementor-element elementor-element-4e12130 elementor-widget elementor-widget-text-editor\" data-id=\"4e12130\" data-element_type=\"widget\" data-widget_type=\"text-editor.default\">\n\t\t\t\t<div class=\"elementor-widget-container\">\n\t\t\t\t\t\t\t\t\t<p>Rendre les b\u00e2timents industriels et logistiques plus durables est un sujet br\u00fblant qui prend de l&rsquo;ampleur. C&rsquo;est pourquoi nous aimerions vous faire visiter des entreprises de premier plan qui excellent dans les secteurs de la logistique, de l&rsquo;immobilier industriel et de la construction.<br \/>\nLaissez-vous inspirer par plusieurs acteurs de premier plan qui pr\u00e9sentent des tendances frappantes et des projets novateurs. Vous y d\u00e9couvrirez les derni\u00e8res technologies, les initiatives durables et les id\u00e9es novatrices qui fa\u00e7onnent l&rsquo;avenir de ces secteurs.<br \/>\nVous aurez l&rsquo;occasion de poser des questions, de nouer des contacts avec des professionnels et d&rsquo;approfondir vos connaissances.<\/p>\n\t\t\t\t\t\t\t\t<\/div>\n\t\t\t\t<\/div>\n\t\t\t\t<div class=\"elementor-element elementor-element-e6ecf67 elementor-align-center elementor-widget elementor-widget-button\" data-id=\"e6ecf67\" data-element_type=\"widget\" data-widget_type=\"button.default\">\n\t\t\t\t<div class=\"elementor-widget-container\">\n\t\t\t\t\t\t\t\t\t<div class=\"elementor-button-wrapper\">\n\t\t\t\t\t<a class=\"elementor-button elementor-button-link elementor-size-sm\" href=\"https:\/\/fs30.formsite.com\/easyfairs\/8mmarj57gp\/index\" target=\"_blank\">\n\t\t\t\t\t\t<span class=\"elementor-button-content-wrapper\">\n\t\t\t\t\t\t\t\t\t<span class=\"elementor-button-text\">Vous pouvez vous inscrire ici<\/span>\n\t\t\t\t\t<\/span>\n\t\t\t\t\t<\/a>\n\t\t\t\t<\/div>\n\t\t\t\t\t\t\t\t<\/div>\n\t\t\t\t<\/div>\n\t\t\t\t\t<\/div>\n\t\t<\/div>\n\t\t\t\t<div class=\"elementor-column elementor-col-50 elementor-top-column elementor-element elementor-element-0ef14b1\" data-id=\"0ef14b1\" data-element_type=\"column\">\n\t\t\t<div class=\"elementor-widget-wrap elementor-element-populated\">\n\t\t\t\t\t\t<div class=\"elementor-element elementor-element-369bd36 elementor-widget elementor-widget-image\" data-id=\"369bd36\" data-element_type=\"widget\" data-widget_type=\"image.default\">\n\t\t\t\t<div class=\"elementor-widget-container\">\n\t\t\t\t\t\t\t\t\t\t\t\t\t\t\t\t<a href=\"https:\/\/www.logistic-industrial-build.be\/\" target=\"_blank\">\n\t\t\t\t\t\t\t<img fetchpriority=\"high\" decoding=\"async\" width=\"800\" height=\"451\" src=\"https:\/\/easyfairsassets.com\/sites\/239\/2023\/02\/LIB-campagnebeeld-klein.png\" class=\"attachment-large size-large wp-image-27532\" alt=\"Logistic &amp; industrial build header\" srcset=\"https:\/\/easyfairsassets.com\/sites\/239\/2023\/02\/LIB-campagnebeeld-klein.png 900w, https:\/\/easyfairsassets.com\/sites\/239\/2023\/02\/LIB-campagnebeeld-klein-300x169.png 300w, https:\/\/easyfairsassets.com\/sites\/239\/2023\/02\/LIB-campagnebeeld-klein-768x433.png 768w\" sizes=\"(max-width: 800px) 100vw, 800px\" \/>\t\t\t\t\t\t\t\t<\/a>\n\t\t\t\t\t\t\t\t\t\t\t\t\t\t\t<\/div>\n\t\t\t\t<\/div>\n\t\t\t\t<div class=\"elementor-element elementor-element-9dbd602 elementor-widget elementor-widget-image\" data-id=\"9dbd602\" data-element_type=\"widget\" data-widget_type=\"image.default\">\n\t\t\t\t<div class=\"elementor-widget-container\">\n\t\t\t\t\t\t\t\t\t\t\t\t\t\t\t<img decoding=\"async\" width=\"574\" height=\"234\" src=\"https:\/\/easyfairsassets.com\/sites\/239\/2023\/04\/LIB-date_location_with-square_RGB_72dpi.jpg\" class=\"attachment-large size-large wp-image-29140\" alt=\"\" srcset=\"https:\/\/easyfairsassets.com\/sites\/239\/2023\/04\/LIB-date_location_with-square_RGB_72dpi.jpg 574w, https:\/\/easyfairsassets.com\/sites\/239\/2023\/04\/LIB-date_location_with-square_RGB_72dpi-300x122.jpg 300w\" sizes=\"(max-width: 574px) 100vw, 574px\" \/>\t\t\t\t\t\t\t\t\t\t\t\t\t\t\t<\/div>\n\t\t\t\t<\/div>\n\t\t\t\t\t<\/div>\n\t\t<\/div>\n\t\t\t\t\t<\/div>\n\t\t<\/section>\n\t\t\t\t<section class=\"elementor-section elementor-top-section elementor-element elementor-element-af48de4 elementor-section-boxed elementor-section-height-default elementor-section-height-default\" data-id=\"af48de4\" data-element_type=\"section\" data-settings=\"{&quot;background_background&quot;:&quot;classic&quot;}\">\n\t\t\t\t\t\t<div class=\"elementor-container elementor-column-gap-default\">\n\t\t\t\t\t<div class=\"elementor-column elementor-col-100 elementor-top-column elementor-element elementor-element-557f3fc\" data-id=\"557f3fc\" data-element_type=\"column\">\n\t\t\t<div class=\"elementor-widget-wrap elementor-element-populated\">\n\t\t\t\t\t\t<div class=\"elementor-element elementor-element-4445fa1 elementor-widget elementor-widget-heading\" data-id=\"4445fa1\" data-element_type=\"widget\" data-widget_type=\"heading.default\">\n\t\t\t\t<div class=\"elementor-widget-container\">\n\t\t\t\t\t<h2 class=\"elementor-heading-title elementor-size-default\">Exposants participants :<\/h2>\t\t\t\t<\/div>\n\t\t\t\t<\/div>\n\t\t\t\t\t<\/div>\n\t\t<\/div>\n\t\t\t\t\t<\/div>\n\t\t<\/section>\n\t\t\t\t<section class=\"elementor-section elementor-top-section elementor-element elementor-element-d09dfe5 elementor-section-boxed elementor-section-height-default elementor-section-height-default\" data-id=\"d09dfe5\" data-element_type=\"section\" data-settings=\"{&quot;background_background&quot;:&quot;classic&quot;}\">\n\t\t\t\t\t\t<div class=\"elementor-container elementor-column-gap-default\">\n\t\t\t\t\t<div class=\"elementor-column elementor-col-25 elementor-top-column elementor-element elementor-element-c707f17\" data-id=\"c707f17\" data-element_type=\"column\" data-settings=\"{&quot;background_background&quot;:&quot;classic&quot;}\">\n\t\t\t<div class=\"elementor-widget-wrap elementor-element-populated\">\n\t\t\t\t\t\t<div class=\"elementor-element elementor-element-ac49ad7 elementor-widget__width-initial elementor-widget elementor-widget-image\" data-id=\"ac49ad7\" data-element_type=\"widget\" data-widget_type=\"image.default\">\n\t\t\t\t<div class=\"elementor-widget-container\">\n\t\t\t\t\t\t\t\t\t\t\t\t\t\t\t<img decoding=\"async\" src=\"https:\/\/easyfairsassets.com\/sites\/239\/2023\/09\/inconcrete_logo-01.jpg\" title=\"\" alt=\"In Concreteflex\" loading=\"lazy\" \/>\t\t\t\t\t\t\t\t\t\t\t\t\t\t\t<\/div>\n\t\t\t\t<\/div>\n\t\t\t\t<div class=\"elementor-element elementor-element-e1f5b31 elementor-widget elementor-widget-text-editor\" data-id=\"e1f5b31\" data-element_type=\"widget\" data-widget_type=\"text-editor.default\">\n\t\t\t\t<div class=\"elementor-widget-container\">\n\t\t\t\t\t\t\t\t\t<p><a href=\"https:\/\/www.transport-logistics.be\/nl\/exhibitor\/in-concrete\/\">Stand 4.088<\/a><\/p>\n\t\t\t\t\t\t\t\t<\/div>\n\t\t\t\t<\/div>\n\t\t\t\t\t<\/div>\n\t\t<\/div>\n\t\t\t\t<div class=\"elementor-column elementor-col-25 elementor-top-column elementor-element elementor-element-3f416ef\" data-id=\"3f416ef\" data-element_type=\"column\" data-settings=\"{&quot;background_background&quot;:&quot;classic&quot;}\">\n\t\t\t<div class=\"elementor-widget-wrap elementor-element-populated\">\n\t\t\t\t\t\t<div class=\"elementor-element elementor-element-bbd951f elementor-widget elementor-widget-image\" data-id=\"bbd951f\" data-element_type=\"widget\" data-widget_type=\"image.default\">\n\t\t\t\t<div class=\"elementor-widget-container\">\n\t\t\t\t\t\t\t\t\t\t\t\t\t\t\t<img decoding=\"async\" src=\"https:\/\/easyfairsassets.com\/sites\/239\/2023\/06\/My-project-1.png\" title=\"\" alt=\"Building Technology\" loading=\"lazy\" \/>\t\t\t\t\t\t\t\t\t\t\t\t\t\t\t<\/div>\n\t\t\t\t<\/div>\n\t\t\t\t<div class=\"elementor-element elementor-element-cf03289 elementor-widget elementor-widget-text-editor\" data-id=\"cf03289\" data-element_type=\"widget\" data-widget_type=\"text-editor.default\">\n\t\t\t\t<div class=\"elementor-widget-container\">\n\t\t\t\t\t\t\t\t\t<p><a href=\"https:\/\/www.transport-logistics.be\/nl\/exhibitor\/building-technology\/\">Stand 4.166<\/a><\/p>\n\t\t\t\t\t\t\t\t<\/div>\n\t\t\t\t<\/div>\n\t\t\t\t\t<\/div>\n\t\t<\/div>\n\t\t\t\t<div class=\"elementor-column elementor-col-25 elementor-top-column elementor-element elementor-element-0d0277b\" data-id=\"0d0277b\" data-element_type=\"column\" data-settings=\"{&quot;background_background&quot;:&quot;classic&quot;}\">\n\t\t\t<div class=\"elementor-widget-wrap elementor-element-populated\">\n\t\t\t\t\t\t<div class=\"elementor-element elementor-element-28292c2 elementor-widget elementor-widget-image\" data-id=\"28292c2\" data-element_type=\"widget\" data-widget_type=\"image.default\">\n\t\t\t\t<div class=\"elementor-widget-container\">\n\t\t\t\t\t\t\t\t\t\t\t\t\t\t\t<img decoding=\"async\" src=\"https:\/\/easyfairsassets.com\/sites\/239\/2023\/06\/MONTEA_Logo_Blue_PayOff_RGB.jpg\" title=\"\" alt=\"Montea\" loading=\"lazy\" \/>\t\t\t\t\t\t\t\t\t\t\t\t\t\t\t<\/div>\n\t\t\t\t<\/div>\n\t\t\t\t<div class=\"elementor-element elementor-element-4725c6c elementor-widget elementor-widget-text-editor\" data-id=\"4725c6c\" data-element_type=\"widget\" data-widget_type=\"text-editor.default\">\n\t\t\t\t<div class=\"elementor-widget-container\">\n\t\t\t\t\t\t\t\t\t<p><a href=\"https:\/\/www.transport-logistics.be\/nl\/exhibitor\/montea\/\">Stand 1.046<\/a><\/p>\n\t\t\t\t\t\t\t\t<\/div>\n\t\t\t\t<\/div>\n\t\t\t\t\t<\/div>\n\t\t<\/div>\n\t\t\t\t<div class=\"elementor-column elementor-col-25 elementor-top-column elementor-element elementor-element-0d966ba\" data-id=\"0d966ba\" data-element_type=\"column\" data-settings=\"{&quot;background_background&quot;:&quot;classic&quot;}\">\n\t\t\t<div class=\"elementor-widget-wrap elementor-element-populated\">\n\t\t\t\t\t\t<div class=\"elementor-element elementor-element-a8ef1d9 elementor-widget elementor-widget-image\" data-id=\"a8ef1d9\" data-element_type=\"widget\" data-widget_type=\"image.default\">\n\t\t\t\t<div class=\"elementor-widget-container\">\n\t\t\t\t\t\t\t\t\t\t\t\t\t\t\t<img decoding=\"async\" src=\"https:\/\/easyfairsassets.com\/sites\/239\/2023\/06\/CBRE-Belgium-Logo_LinkedIn_400x400.png\" title=\"\" alt=\"CBRE NV\" loading=\"lazy\" \/>\t\t\t\t\t\t\t\t\t\t\t\t\t\t\t<\/div>\n\t\t\t\t<\/div>\n\t\t\t\t<div class=\"elementor-element elementor-element-8aaaf25 elementor-widget elementor-widget-text-editor\" data-id=\"8aaaf25\" data-element_type=\"widget\" data-widget_type=\"text-editor.default\">\n\t\t\t\t<div class=\"elementor-widget-container\">\n\t\t\t\t\t\t\t\t\t<p><a href=\"https:\/\/www.transport-logistics.be\/nl\/exhibitor\/cbre-nv\/\">Stand 1.047<\/a><\/p>\n\t\t\t\t\t\t\t\t<\/div>\n\t\t\t\t<\/div>\n\t\t\t\t\t<\/div>\n\t\t<\/div>\n\t\t\t\t\t<\/div>\n\t\t<\/section>\n\t\t\t\t<section class=\"elementor-section elementor-top-section elementor-element elementor-element-f437872 elementor-section-boxed elementor-section-height-default elementor-section-height-default\" data-id=\"f437872\" data-element_type=\"section\">\n\t\t\t\t\t\t<div class=\"elementor-container elementor-column-gap-default\">\n\t\t\t\t\t<div class=\"elementor-column elementor-col-100 elementor-top-column elementor-element elementor-element-5bab151\" data-id=\"5bab151\" data-element_type=\"column\">\n\t\t\t<div class=\"elementor-widget-wrap elementor-element-populated\">\n\t\t\t\t\t\t<div class=\"elementor-element elementor-element-8dd4a2d elementor-widget elementor-widget-text-editor\" data-id=\"8dd4a2d\" data-element_type=\"widget\" data-widget_type=\"text-editor.default\">\n\t\t\t\t<div class=\"elementor-widget-container\">\n\t\t\t\t\t\t\t\t\t<p><a href=\"https:\/\/fs30.formsite.com\/easyfairs\/xylnbiwi4j\/index\" target=\"_blank\" rel=\"noopener\">En tant qu&rsquo;exposant, vous \u00eates vous-m\u00eame actif dans ce secteur ? Inscrivez-vous ici.<\/a><\/p>\n\t\t\t\t\t\t\t\t<\/div>\n\t\t\t\t<\/div>\n\t\t\t\t\t<\/div>\n\t\t<\/div>\n\t\t\t\t\t<\/div>\n\t\t<\/section>\n\t\t\t\t<\/div>\n\t\t","protected":false},"excerpt":{"rendered":"<p>D\u00e9couvrez l&rsquo;avenir de la logistique, de l&rsquo;immobilier industriel et de la construction pendant Transport &#038; Logistics gr\u00e2ce \u00e0 une visite guid\u00e9e. Rendre les b\u00e2timents industriels et logistiques plus durables est un sujet br\u00fblant qui prend de l&rsquo;ampleur. C&rsquo;est pourquoi nous aimerions vous faire visiter des entreprises de premier plan qui excellent dans les secteurs de [&hellip;]<\/p>\n","protected":false},"author":177,"featured_media":0,"parent":0,"menu_order":0,"comment_status":"closed","ping_status":"closed","template":"","meta":{"_seopress_robots_primary_cat":"","_seopress_titles_title":"Logistic & Industrial Build tour","_seopress_titles_desc":"D\u00e9couvrez l'avenir de la logistique, de l'immobilier industriel et de la construction gr\u00e2ce \u00e0 une visite guid\u00e9e de plusieurs acteurs de premier plan.","_seopress_robots_index":"","footnotes":""},"class_list":["post-56038","page","type-page","status-publish","hentry"],"_links":{"self":[{"href":"https:\/\/www.transport-logistics.be\/fr\/wp-json\/wp\/v2\/pages\/56038","targetHints":{"allow":["GET"]}}],"collection":[{"href":"https:\/\/www.transport-logistics.be\/fr\/wp-json\/wp\/v2\/pages"}],"about":[{"href":"https:\/\/www.transport-logistics.be\/fr\/wp-json\/wp\/v2\/types\/page"}],"author":[{"embeddable":true,"href":"https:\/\/www.transport-logistics.be\/fr\/wp-json\/wp\/v2\/users\/177"}],"replies":[{"embeddable":true,"href":"https:\/\/www.transport-logistics.be\/fr\/wp-json\/wp\/v2\/comments?post=56038"}],"version-history":[{"count":3,"href":"https:\/\/www.transport-logistics.be\/fr\/wp-json\/wp\/v2\/pages\/56038\/revisions"}],"predecessor-version":[{"id":56046,"href":"https:\/\/www.transport-logistics.be\/fr\/wp-json\/wp\/v2\/pages\/56038\/revisions\/56046"}],"wp:attachment":[{"href":"https:\/\/www.transport-logistics.be\/fr\/wp-json\/wp\/v2\/media?parent=56038"}],"curies":[{"name":"wp","href":"https:\/\/api.w.org\/{rel}","templated":true}]}}