{"id":63478,"date":"2024-06-13T14:31:16","date_gmt":"2024-06-13T12:31:16","guid":{"rendered":"https:\/\/www.transport-logistics.be\/journee-de-travail\/"},"modified":"2025-10-29T11:43:42","modified_gmt":"2025-10-29T10:43:42","slug":"journee-de-travail","status":"publish","type":"page","link":"https:\/\/www.transport-logistics.be\/fr\/gand\/journee-de-travail\/","title":{"rendered":"Journ\u00e9e de travail"},"content":{"rendered":"\t\t<div data-elementor-type=\"wp-page\" data-elementor-id=\"63478\" class=\"elementor elementor-63478 elementor-63259\" data-elementor-post-type=\"page\">\n\t\t\t\t<div class=\"elementor-element elementor-element-ee9cd1d e-con-full e-flex e-con e-parent\" data-id=\"ee9cd1d\" data-element_type=\"container\" data-settings=\"{&quot;background_background&quot;:&quot;classic&quot;}\">\n\t\t<div class=\"elementor-element elementor-element-33967d2 e-flex e-con-boxed e-con e-child\" data-id=\"33967d2\" data-element_type=\"container\">\n\t\t\t\t\t<div class=\"e-con-inner\">\n\t\t<div class=\"elementor-element elementor-element-2e923be e-flex e-con-boxed e-con e-child\" data-id=\"2e923be\" data-element_type=\"container\" data-settings=\"{&quot;background_background&quot;:&quot;classic&quot;}\">\n\t\t\t\t\t<div class=\"e-con-inner\">\n\t\t<div class=\"elementor-element elementor-element-d6a1a79 e-con-full e-flex e-con e-child\" data-id=\"d6a1a79\" data-element_type=\"container\">\n\t\t<div class=\"elementor-element elementor-element-09fb15e e-con-full e-flex e-con e-child\" data-id=\"09fb15e\" data-element_type=\"container\">\n\t\t\t\t<div class=\"elementor-element elementor-element-2613d3f elementor-widget elementor-widget-heading\" data-id=\"2613d3f\" data-element_type=\"widget\" data-widget_type=\"heading.default\">\n\t\t\t\t<div class=\"elementor-widget-container\">\n\t\t\t\t\t<h2 class=\"elementor-heading-title elementor-size-default\">Job Day - TL Hub<\/h2>\t\t\t\t<\/div>\n\t\t\t\t<\/div>\n\t\t\t\t<div class=\"elementor-element elementor-element-b03d6b3 elementor-widget elementor-widget-text-editor\" data-id=\"b03d6b3\" data-element_type=\"widget\" data-widget_type=\"text-editor.default\">\n\t\t\t\t<div class=\"elementor-widget-container\">\n\t\t\t\t\t\t\t\t\t<h5>Mardi 22 septembre 2026<\/h5>\n\t\t\t\t\t\t\t\t<\/div>\n\t\t\t\t<\/div>\n\t\t\t\t<div class=\"elementor-element elementor-element-6a04d7f elementor-widget elementor-widget-text-editor\" data-id=\"6a04d7f\" data-element_type=\"widget\" data-widget_type=\"text-editor.default\">\n\t\t\t\t<div class=\"elementor-widget-container\">\n\t\t\t\t\t\t\t\t\t<p>Transport &amp; Logistics est \u00e9galement le lieu de rencontre par excellence pour les entreprises qui recrutent et les talents dans le domaine de la logistique. TL Hub, la principale plateforme belge de recrutement dans le secteur du transport et de la logistique, organise une journ\u00e9e de l&#8217;emploi lors du salon. Vous \u00eates passionn\u00e9 par ce secteur et \u00e0 la recherche d&rsquo;un nouveau d\u00e9fi ?<\/p>\n<p>Entreprises participantes :<\/p>\n\t\t\t\t\t\t\t\t<\/div>\n\t\t\t\t<\/div>\n\t\t<div class=\"elementor-element elementor-element-1905658 e-grid e-con-full e-con e-child\" data-id=\"1905658\" data-element_type=\"container\">\n\t\t\t\t<div class=\"elementor-element elementor-element-e6f8492 elementor-widget elementor-widget-text-editor\" data-id=\"e6f8492\" data-element_type=\"widget\" data-widget_type=\"text-editor.default\">\n\t\t\t\t<div class=\"elementor-widget-container\">\n\t\t\t\t\t\t\t\t\t<ul>\n<li>TBA<\/li>\n<\/ul>\n\t\t\t\t\t\t\t\t<\/div>\n\t\t\t\t<\/div>\n\t\t\t\t<\/div>\n\t\t\t\t<div class=\"elementor-element elementor-element-53e5dce elementor-align-left elementor-hidden-desktop elementor-hidden-tablet elementor-hidden-mobile elementor-widget elementor-widget-dynamic-button\" data-id=\"53e5dce\" data-element_type=\"widget\" data-widget_type=\"dynamic-button.default\">\n\t\t\t\t<div class=\"elementor-widget-container\">\n\t\t\t\t\t        <div class=\"elementor-button-wrapper\">\n            <a href=\"https:\/\/www.tl-hub.be\/nl\/job-days\/job-day-in-antwerpxl\" target=\"_blank\" class=\"elementor-button-link elementor-button elementor-size-sm\" role=\"button\">\n                        <span class=\"elementor-button-content-wrapper\">\n\t\t\t\t\t\t<span class=\"elementor-button-text\">Inscrivez-vous ici<\/span>\n\t\t<\/span>\n                    <\/a>\n        <\/div>\n        \t\t\t\t<\/div>\n\t\t\t\t<\/div>\n\t\t\t\t<\/div>\n\t\t\t\t<div class=\"elementor-element elementor-element-9e202e1 elementor-widget elementor-widget-text-editor\" data-id=\"9e202e1\" data-element_type=\"widget\" data-widget_type=\"text-editor.default\">\n\t\t\t\t<div class=\"elementor-widget-container\">\n\t\t\t\t\t\t\t\t\t<p>Ou contactez Kim Lousberg (<a href=\"mailto:kim.lousberg@tl-hub.be\">kim.lousberg@tl-hub.be<\/a>\u00a0of\u00a00492 50 41 16).<\/p>\n\t\t\t\t\t\t\t\t<\/div>\n\t\t\t\t<\/div>\n\t\t\t\t<\/div>\n\t\t<div class=\"elementor-element elementor-element-6485215 e-con-full e-flex e-con e-child\" data-id=\"6485215\" data-element_type=\"container\" data-settings=\"{&quot;background_background&quot;:&quot;classic&quot;}\">\n\t\t\t\t<\/div>\n\t\t\t\t\t<\/div>\n\t\t\t\t<\/div>\n\t\t\t\t\t<\/div>\n\t\t\t\t<\/div>\n\t\t<div class=\"elementor-element elementor-element-bb8bee8 e-flex e-con-boxed e-con e-child\" data-id=\"bb8bee8\" data-element_type=\"container\">\n\t\t\t\t\t<div class=\"e-con-inner\">\n\t\t<div class=\"elementor-element elementor-element-d4efea1 e-flex e-con-boxed e-con e-child\" data-id=\"d4efea1\" data-element_type=\"container\" data-settings=\"{&quot;background_background&quot;:&quot;classic&quot;}\">\n\t\t\t\t\t<div class=\"e-con-inner\">\n\t\t<div class=\"elementor-element elementor-element-6633dc1 e-con-full e-flex e-con e-child\" data-id=\"6633dc1\" data-element_type=\"container\">\n\t\t\t\t<div class=\"elementor-element elementor-element-27022d2 elementor-widget elementor-widget-heading\" data-id=\"27022d2\" data-element_type=\"widget\" data-widget_type=\"heading.default\">\n\t\t\t\t<div class=\"elementor-widget-container\">\n\t\t\t\t\t<h2 class=\"elementor-heading-title elementor-size-default\">Powered by<\/h2>\t\t\t\t<\/div>\n\t\t\t\t<\/div>\n\t\t\t\t<div class=\"elementor-element elementor-element-ec4b535 elementor-widget elementor-widget-image\" data-id=\"ec4b535\" data-element_type=\"widget\" data-widget_type=\"image.default\">\n\t\t\t\t<div class=\"elementor-widget-container\">\n\t\t\t\t\t\t\t\t\t\t\t\t\t\t\t<img decoding=\"async\" width=\"150\" height=\"150\" src=\"https:\/\/easyfairsassets.com\/sites\/239\/2024\/06\/TLHUB-150x150.jpg\" class=\"attachment-thumbnail size-thumbnail wp-image-63173\" alt=\"\" \/>\t\t\t\t\t\t\t\t\t\t\t\t\t\t\t<\/div>\n\t\t\t\t<\/div>\n\t\t\t\t<\/div>\n\t\t<div class=\"elementor-element elementor-element-868b0a9 e-con-full e-flex e-con e-child\" data-id=\"868b0a9\" data-element_type=\"container\" data-settings=\"{&quot;background_background&quot;:&quot;classic&quot;}\">\n\t\t\t\t<div class=\"elementor-element elementor-element-5c703e6 elementor-widget elementor-widget-image\" data-id=\"5c703e6\" data-element_type=\"widget\" data-widget_type=\"image.default\">\n\t\t\t\t<div class=\"elementor-widget-container\">\n\t\t\t\t\t\t\t\t\t\t\t\t\t\t\t<img fetchpriority=\"high\" decoding=\"async\" width=\"300\" height=\"200\" src=\"https:\/\/easyfairsassets.com\/sites\/239\/2024\/06\/2.-transportmedia-2019-300x200.jpg\" class=\"attachment-medium size-medium wp-image-63155\" alt=\"\" srcset=\"https:\/\/easyfairsassets.com\/sites\/239\/2024\/06\/2.-transportmedia-2019-300x200.jpg 300w, https:\/\/easyfairsassets.com\/sites\/239\/2024\/06\/2.-transportmedia-2019-1024x683.jpg 1024w, https:\/\/easyfairsassets.com\/sites\/239\/2024\/06\/2.-transportmedia-2019-768x512.jpg 768w, https:\/\/easyfairsassets.com\/sites\/239\/2024\/06\/2.-transportmedia-2019.jpg 1200w\" sizes=\"(max-width: 300px) 100vw, 300px\" \/>\t\t\t\t\t\t\t\t\t\t\t\t\t\t\t<\/div>\n\t\t\t\t<\/div>\n\t\t\t\t<\/div>\n\t\t\t\t\t<\/div>\n\t\t\t\t<\/div>\n\t\t\t\t\t<\/div>\n\t\t\t\t<\/div>\n\t\t<div class=\"elementor-element elementor-element-b4e47ad e-flex e-con-boxed e-con e-child\" data-id=\"b4e47ad\" data-element_type=\"container\">\n\t\t\t\t\t<div class=\"e-con-inner\">\n\t\t\t\t<div class=\"elementor-element elementor-element-376d7bb elementor-widget__width-auto elementor-widget elementor-widget-heading\" data-id=\"376d7bb\" data-element_type=\"widget\" data-widget_type=\"heading.default\">\n\t\t\t\t<div class=\"elementor-widget-container\">\n\t\t\t\t\t<h2 class=\"elementor-heading-title elementor-size-default\">Entreprises participantes<\/h2>\t\t\t\t<\/div>\n\t\t\t\t<\/div>\n\t\t<div class=\"elementor-element elementor-element-2f256d5 e-flex e-con-boxed e-con e-child\" data-id=\"2f256d5\" data-element_type=\"container\">\n\t\t\t\t\t<div class=\"e-con-inner\">\n\t\t<div class=\"elementor-element elementor-element-d98a83c e-con-full e-flex e-con e-child\" data-id=\"d98a83c\" data-element_type=\"container\" data-settings=\"{&quot;background_background&quot;:&quot;classic&quot;}\">\n\t\t\t\t<div class=\"elementor-element elementor-element-c4258d6 elementor-widget elementor-widget-image\" data-id=\"c4258d6\" data-element_type=\"widget\" data-widget_type=\"image.default\">\n\t\t\t\t<div class=\"elementor-widget-container\">\n\t\t\t\t\t\t\t\t\t\t\t\t\t\t\t<img decoding=\"async\" width=\"250\" height=\"215\" src=\"https:\/\/easyfairsassets.com\/sites\/239\/2025\/06\/colruyt-group-e1751441000530.webp\" class=\"attachment-large size-large wp-image-91170\" alt=\"\" \/>\t\t\t\t\t\t\t\t\t\t\t\t\t\t\t<\/div>\n\t\t\t\t<\/div>\n\t\t\t\t<\/div>\n\t\t<div class=\"elementor-element elementor-element-3308585 e-con-full e-flex e-con e-child\" data-id=\"3308585\" data-element_type=\"container\" data-settings=\"{&quot;background_background&quot;:&quot;classic&quot;}\">\n\t\t\t\t<div class=\"elementor-element elementor-element-a72e4ca elementor-widget elementor-widget-image\" data-id=\"a72e4ca\" data-element_type=\"widget\" data-widget_type=\"image.default\">\n\t\t\t\t<div class=\"elementor-widget-container\">\n\t\t\t\t\t\t\t\t\t\t\t\t\t\t\t<img loading=\"lazy\" decoding=\"async\" width=\"200\" height=\"200\" src=\"https:\/\/easyfairsassets.com\/sites\/239\/2024\/08\/gentis.jpg\" class=\"attachment-large size-large wp-image-68671\" alt=\"\" srcset=\"https:\/\/easyfairsassets.com\/sites\/239\/2024\/08\/gentis.jpg 200w, https:\/\/easyfairsassets.com\/sites\/239\/2024\/08\/gentis-150x150.jpg 150w\" sizes=\"(max-width: 200px) 100vw, 200px\" \/>\t\t\t\t\t\t\t\t\t\t\t\t\t\t\t<\/div>\n\t\t\t\t<\/div>\n\t\t\t\t<\/div>\n\t\t<div class=\"elementor-element elementor-element-c105dca e-con-full e-flex e-con e-child\" data-id=\"c105dca\" data-element_type=\"container\" data-settings=\"{&quot;background_background&quot;:&quot;classic&quot;}\">\n\t\t\t\t<div class=\"elementor-element elementor-element-f408732 elementor-widget elementor-widget-image\" data-id=\"f408732\" data-element_type=\"widget\" data-widget_type=\"image.default\">\n\t\t\t\t<div class=\"elementor-widget-container\">\n\t\t\t\t\t\t\t\t\t\t\t\t\t\t\t<img loading=\"lazy\" decoding=\"async\" width=\"426\" height=\"116\" src=\"https:\/\/easyfairsassets.com\/sites\/239\/2024\/08\/itzu.gif\" class=\"attachment-large size-large wp-image-68668\" alt=\"\" \/>\t\t\t\t\t\t\t\t\t\t\t\t\t\t\t<\/div>\n\t\t\t\t<\/div>\n\t\t\t\t<\/div>\n\t\t<div class=\"elementor-element elementor-element-159f244 e-con-full e-flex e-con e-child\" data-id=\"159f244\" data-element_type=\"container\" data-settings=\"{&quot;background_background&quot;:&quot;classic&quot;}\">\n\t\t\t\t<div class=\"elementor-element elementor-element-bd28a8b elementor-widget elementor-widget-image\" data-id=\"bd28a8b\" data-element_type=\"widget\" data-widget_type=\"image.default\">\n\t\t\t\t<div class=\"elementor-widget-container\">\n\t\t\t\t\t\t\t\t\t\t\t\t\t\t\t<img loading=\"lazy\" decoding=\"async\" width=\"800\" height=\"444\" src=\"https:\/\/easyfairsassets.com\/sites\/239\/2024\/08\/legend-biotech-1024x568.png\" class=\"attachment-large size-large wp-image-68677\" alt=\"\" srcset=\"https:\/\/easyfairsassets.com\/sites\/239\/2024\/08\/legend-biotech-1024x568.png 1024w, https:\/\/easyfairsassets.com\/sites\/239\/2024\/08\/legend-biotech-300x167.png 300w, https:\/\/easyfairsassets.com\/sites\/239\/2024\/08\/legend-biotech-768x426.png 768w, https:\/\/easyfairsassets.com\/sites\/239\/2024\/08\/legend-biotech.png 1326w\" sizes=\"(max-width: 800px) 100vw, 800px\" \/>\t\t\t\t\t\t\t\t\t\t\t\t\t\t\t<\/div>\n\t\t\t\t<\/div>\n\t\t\t\t<\/div>\n\t\t<div class=\"elementor-element elementor-element-c9de70c e-con-full e-flex e-con e-child\" data-id=\"c9de70c\" data-element_type=\"container\" data-settings=\"{&quot;background_background&quot;:&quot;classic&quot;}\">\n\t\t\t\t<div class=\"elementor-element elementor-element-9ab487d elementor-widget elementor-widget-image\" data-id=\"9ab487d\" data-element_type=\"widget\" data-widget_type=\"image.default\">\n\t\t\t\t<div class=\"elementor-widget-container\">\n\t\t\t\t\t\t\t\t\t\t\t\t\t\t\t<img loading=\"lazy\" decoding=\"async\" width=\"500\" height=\"500\" src=\"https:\/\/easyfairsassets.com\/sites\/239\/2024\/08\/313006764_552355086892429_1584787643448374186_n.png\" class=\"attachment-large size-large wp-image-71862\" alt=\"\" srcset=\"https:\/\/easyfairsassets.com\/sites\/239\/2024\/08\/313006764_552355086892429_1584787643448374186_n.png 500w, https:\/\/easyfairsassets.com\/sites\/239\/2024\/08\/313006764_552355086892429_1584787643448374186_n-300x300.png 300w, https:\/\/easyfairsassets.com\/sites\/239\/2024\/08\/313006764_552355086892429_1584787643448374186_n-150x150.png 150w\" sizes=\"(max-width: 500px) 100vw, 500px\" \/>\t\t\t\t\t\t\t\t\t\t\t\t\t\t\t<\/div>\n\t\t\t\t<\/div>\n\t\t\t\t<\/div>\n\t\t<div class=\"elementor-element elementor-element-0ad760b e-con-full e-flex e-con e-child\" data-id=\"0ad760b\" data-element_type=\"container\" data-settings=\"{&quot;background_background&quot;:&quot;classic&quot;}\">\n\t\t\t\t<div class=\"elementor-element elementor-element-4ec28fb elementor-widget elementor-widget-image\" data-id=\"4ec28fb\" data-element_type=\"widget\" data-widget_type=\"image.default\">\n\t\t\t\t<div class=\"elementor-widget-container\">\n\t\t\t\t\t\t\t\t\t\t\t\t\t\t\t<img loading=\"lazy\" decoding=\"async\" width=\"800\" height=\"329\" src=\"https:\/\/easyfairsassets.com\/sites\/239\/2024\/08\/Edco-Jobs-HQ1200-1024x421.png\" class=\"attachment-large size-large wp-image-72976\" alt=\"\" srcset=\"https:\/\/easyfairsassets.com\/sites\/239\/2024\/08\/Edco-Jobs-HQ1200-1024x421.png 1024w, https:\/\/easyfairsassets.com\/sites\/239\/2024\/08\/Edco-Jobs-HQ1200-300x123.png 300w, https:\/\/easyfairsassets.com\/sites\/239\/2024\/08\/Edco-Jobs-HQ1200-768x316.png 768w, https:\/\/easyfairsassets.com\/sites\/239\/2024\/08\/Edco-Jobs-HQ1200.png 1200w\" sizes=\"(max-width: 800px) 100vw, 800px\" \/>\t\t\t\t\t\t\t\t\t\t\t\t\t\t\t<\/div>\n\t\t\t\t<\/div>\n\t\t\t\t<\/div>\n\t\t<div class=\"elementor-element elementor-element-b60c47e e-con-full e-flex e-con e-child\" data-id=\"b60c47e\" data-element_type=\"container\" data-settings=\"{&quot;background_background&quot;:&quot;classic&quot;}\">\n\t\t\t\t<div class=\"elementor-element elementor-element-f311d21 elementor-widget elementor-widget-image\" data-id=\"f311d21\" data-element_type=\"widget\" data-widget_type=\"image.default\">\n\t\t\t\t<div class=\"elementor-widget-container\">\n\t\t\t\t\t\t\t\t\t\t\t\t\t\t\t<img loading=\"lazy\" decoding=\"async\" width=\"800\" height=\"450\" src=\"https:\/\/easyfairsassets.com\/sites\/239\/2024\/06\/MERVIELDE_logo_qu-pos-1024x576.png\" class=\"attachment-large size-large wp-image-73593\" alt=\"\" srcset=\"https:\/\/easyfairsassets.com\/sites\/239\/2024\/06\/MERVIELDE_logo_qu-pos-1024x576.png 1024w, https:\/\/easyfairsassets.com\/sites\/239\/2024\/06\/MERVIELDE_logo_qu-pos-300x169.png 300w, https:\/\/easyfairsassets.com\/sites\/239\/2024\/06\/MERVIELDE_logo_qu-pos-768x432.png 768w, https:\/\/easyfairsassets.com\/sites\/239\/2024\/06\/MERVIELDE_logo_qu-pos.png 1056w\" sizes=\"(max-width: 800px) 100vw, 800px\" \/>\t\t\t\t\t\t\t\t\t\t\t\t\t\t\t<\/div>\n\t\t\t\t<\/div>\n\t\t\t\t<\/div>\n\t\t<div class=\"elementor-element elementor-element-2484939 e-con-full e-flex e-con e-child\" data-id=\"2484939\" data-element_type=\"container\" data-settings=\"{&quot;background_background&quot;:&quot;classic&quot;}\">\n\t\t\t\t<div class=\"elementor-element elementor-element-f096ad6 elementor-widget elementor-widget-image\" data-id=\"f096ad6\" data-element_type=\"widget\" data-widget_type=\"image.default\">\n\t\t\t\t<div class=\"elementor-widget-container\">\n\t\t\t\t\t\t\t\t\t\t\t\t\t\t\t<img loading=\"lazy\" decoding=\"async\" width=\"225\" height=\"225\" src=\"https:\/\/easyfairsassets.com\/sites\/239\/2025\/08\/logo-icts.png\" class=\"attachment-large size-large wp-image-97042\" alt=\"logo icts\" srcset=\"https:\/\/easyfairsassets.com\/sites\/239\/2025\/08\/logo-icts.png 225w, https:\/\/easyfairsassets.com\/sites\/239\/2025\/08\/logo-icts-150x150.png 150w\" sizes=\"(max-width: 225px) 100vw, 225px\" \/>\t\t\t\t\t\t\t\t\t\t\t\t\t\t\t<\/div>\n\t\t\t\t<\/div>\n\t\t\t\t<\/div>\n\t\t\t\t\t<\/div>\n\t\t\t\t<\/div>\n\t\t\t\t\t<\/div>\n\t\t\t\t<\/div>\n\t\t\t\t<\/div>\n\t\t\t\t<\/div>\n\t\t","protected":false},"excerpt":{"rendered":"<p>Job Day &#8211; TL Hub Mardi 22 septembre 2026 Transport &amp; Logistics est \u00e9galement le lieu de rencontre par excellence pour les entreprises qui recrutent et les talents dans le domaine de la logistique. TL Hub, la principale plateforme belge de recrutement dans le secteur du transport et de la logistique, organise une journ\u00e9e de [&hellip;]<\/p>\n","protected":false},"author":949,"featured_media":0,"parent":63117,"menu_order":0,"comment_status":"closed","ping_status":"closed","template":"","meta":{"_seopress_robots_primary_cat":"","_seopress_titles_title":"Job Day by TL Hub - Transport & Logistics Gent","_seopress_titles_desc":"Transport & ; Logistics est \u00e9galement le lieu de rencontre des entreprises qui recrutent et des talents logistiques. TL Hub, la principale plateforme de recrutement pour le transport et la logistique en Belgique, organise une journ\u00e9e de l'emploi lors du salon. Passionn\u00e9 par le secteur et \u00e0 la recherche d'un nouveau d\u00e9fi ?","_seopress_robots_index":"","footnotes":""},"class_list":["post-63478","page","type-page","status-publish","hentry"],"_links":{"self":[{"href":"https:\/\/www.transport-logistics.be\/fr\/wp-json\/wp\/v2\/pages\/63478","targetHints":{"allow":["GET"]}}],"collection":[{"href":"https:\/\/www.transport-logistics.be\/fr\/wp-json\/wp\/v2\/pages"}],"about":[{"href":"https:\/\/www.transport-logistics.be\/fr\/wp-json\/wp\/v2\/types\/page"}],"author":[{"embeddable":true,"href":"https:\/\/www.transport-logistics.be\/fr\/wp-json\/wp\/v2\/users\/949"}],"replies":[{"embeddable":true,"href":"https:\/\/www.transport-logistics.be\/fr\/wp-json\/wp\/v2\/comments?post=63478"}],"version-history":[{"count":5,"href":"https:\/\/www.transport-logistics.be\/fr\/wp-json\/wp\/v2\/pages\/63478\/revisions"}],"predecessor-version":[{"id":131251,"href":"https:\/\/www.transport-logistics.be\/fr\/wp-json\/wp\/v2\/pages\/63478\/revisions\/131251"}],"up":[{"embeddable":true,"href":"https:\/\/www.transport-logistics.be\/fr\/wp-json\/wp\/v2\/pages\/63117"}],"wp:attachment":[{"href":"https:\/\/www.transport-logistics.be\/fr\/wp-json\/wp\/v2\/media?parent=63478"}],"curies":[{"name":"wp","href":"https:\/\/api.w.org\/{rel}","templated":true}]}}