{"id":63480,"date":"2024-06-13T14:34:05","date_gmt":"2024-06-13T12:34:05","guid":{"rendered":"https:\/\/www.transport-logistics.be\/kmoinsider\/"},"modified":"2025-10-29T13:22:27","modified_gmt":"2025-10-29T12:22:27","slug":"kmoinsider","status":"publish","type":"page","link":"https:\/\/www.transport-logistics.be\/fr\/gand\/kmoinsider\/","title":{"rendered":"KMOinsider"},"content":{"rendered":"\t\t<div data-elementor-type=\"wp-page\" data-elementor-id=\"63480\" class=\"elementor elementor-63480 elementor-63227\" data-elementor-post-type=\"page\">\n\t\t\t\t<div class=\"elementor-element elementor-element-7a055ac e-con-full e-flex e-con e-parent\" data-id=\"7a055ac\" data-element_type=\"container\" data-settings=\"{&quot;background_background&quot;:&quot;classic&quot;}\">\n\t\t<div class=\"elementor-element elementor-element-6ce5fa0 e-con-full e-flex e-con e-child\" data-id=\"6ce5fa0\" data-element_type=\"container\">\n\t\t\t\t<div class=\"elementor-element elementor-element-6d12e0f elementor-widget elementor-widget-heading\" data-id=\"6d12e0f\" data-element_type=\"widget\" data-widget_type=\"heading.default\">\n\t\t\t\t<div class=\"elementor-widget-container\">\n\t\t\t\t\t<h1 class=\"elementor-heading-title elementor-size-default\">KMOinsider &amp;\u00a0Business@Breakfast<\/h1>\t\t\t\t<\/div>\n\t\t\t\t<\/div>\n\t\t\t\t<div class=\"elementor-element elementor-element-61d6a0c elementor-widget elementor-widget-heading\" data-id=\"61d6a0c\" data-element_type=\"widget\" data-widget_type=\"heading.default\">\n\t\t\t\t<div class=\"elementor-widget-container\">\n\t\t\t\t\t<h3 class=\"elementor-heading-title elementor-size-default\">Mardi 22 septembre - 10h<\/h3>\t\t\t\t<\/div>\n\t\t\t\t<\/div>\n\t\t\t\t<\/div>\n\t\t<div class=\"elementor-element elementor-element-592470a e-flex e-con-boxed e-con e-child\" data-id=\"592470a\" data-element_type=\"container\">\n\t\t\t\t\t<div class=\"e-con-inner\">\n\t\t<div class=\"elementor-element elementor-element-b96c8f0 e-flex e-con-boxed e-con e-child\" data-id=\"b96c8f0\" data-element_type=\"container\" data-settings=\"{&quot;background_background&quot;:&quot;classic&quot;}\">\n\t\t\t\t\t<div class=\"e-con-inner\">\n\t\t<div class=\"elementor-element elementor-element-6dd8831 e-con-full e-flex e-con e-child\" data-id=\"6dd8831\" data-element_type=\"container\" data-settings=\"{&quot;background_background&quot;:&quot;slideshow&quot;,&quot;background_slideshow_gallery&quot;:[{&quot;id&quot;:131279,&quot;url&quot;:&quot;https:\\\/\\\/www.transport-logistics.be\\\/wp-content\\\/uploads\\\/sites\\\/239\\\/2025\\\/10\\\/54887893299_72411645e3_c.jpg&quot;},{&quot;id&quot;:131276,&quot;url&quot;:&quot;https:\\\/\\\/www.transport-logistics.be\\\/wp-content\\\/uploads\\\/sites\\\/239\\\/2025\\\/10\\\/54887941020_b369f2b147_c.jpg&quot;},{&quot;id&quot;:131282,&quot;url&quot;:&quot;https:\\\/\\\/www.transport-logistics.be\\\/wp-content\\\/uploads\\\/sites\\\/239\\\/2025\\\/10\\\/54887941635_633a983885_c.jpg&quot;},{&quot;id&quot;:131273,&quot;url&quot;:&quot;https:\\\/\\\/www.transport-logistics.be\\\/wp-content\\\/uploads\\\/sites\\\/239\\\/2025\\\/10\\\/54887891784_868f79ae62_c.jpg&quot;}],&quot;background_slideshow_loop&quot;:&quot;yes&quot;,&quot;background_slideshow_slide_duration&quot;:5000,&quot;background_slideshow_slide_transition&quot;:&quot;fade&quot;,&quot;background_slideshow_transition_duration&quot;:500}\">\n\t\t\t\t<\/div>\n\t\t<div class=\"elementor-element elementor-element-3db0afd e-con-full e-flex e-con e-child\" data-id=\"3db0afd\" data-element_type=\"container\">\n\t\t<div class=\"elementor-element elementor-element-05d868a e-flex e-con-boxed e-con e-child\" data-id=\"05d868a\" data-element_type=\"container\">\n\t\t\t\t\t<div class=\"e-con-inner\">\n\t\t\t\t<div class=\"elementor-element elementor-element-7382e09 elementor-widget elementor-widget-heading\" data-id=\"7382e09\" data-element_type=\"widget\" data-widget_type=\"heading.default\">\n\t\t\t\t<div class=\"elementor-widget-container\">\n\t\t\t\t\t<h2 class=\"elementor-heading-title elementor-size-default\">Business @ Breakfast <\/h2>\t\t\t\t<\/div>\n\t\t\t\t<\/div>\n\t\t\t\t<div class=\"elementor-element elementor-element-9953fbd elementor-widget elementor-widget-text-editor\" data-id=\"9953fbd\" data-element_type=\"widget\" data-widget_type=\"text-editor.default\">\n\t\t\t\t<div class=\"elementor-widget-container\">\n\t\t\t\t\t\t\t\t\t<p>Comme chaque ann\u00e9e, KMOinsider ouvre le salon avec le Business@Breakfast. La toute premi\u00e8re occasion de r\u00e9seauter pour d\u00e9marrer ces deux jours. Vous serez l\u00e0 ?<\/p>\n<p>Rejoignez-nous \u00e0 10 h, d\u00e8s l&rsquo;ouverture du salon, et savourez un d\u00e9licieux petit-d\u00e9jeuner avant de commencer par un d\u00e9bat passionnant sur des sujets d&rsquo;actualit\u00e9 br\u00fblants.<\/p>\n\t\t\t\t\t\t\t\t<\/div>\n\t\t\t\t<\/div>\n\t\t<div class=\"elementor-element elementor-element-345d63b e-flex e-con-boxed e-con e-child\" data-id=\"345d63b\" data-element_type=\"container\">\n\t\t\t\t\t<div class=\"e-con-inner\">\n\t\t\t\t<div class=\"elementor-element elementor-element-7c24806 elementor-widget elementor-widget-image\" data-id=\"7c24806\" data-element_type=\"widget\" data-widget_type=\"image.default\">\n\t\t\t\t<div class=\"elementor-widget-container\">\n\t\t\t\t\t\t\t\t\t\t\t\t\t\t\t<img decoding=\"async\" src=\"https:\/\/easyfairsassets.com\/sites\/239\/elementor\/thumbs\/logo-KMOinsider_1820x830-r8ewe6sk5cwfma67aje4uz0ixz0q70r6oluaqsipyw.jpg\" title=\"logo KMOinsider_1820x830.jpg\" alt=\"KMO BUSINESS VILLAGE\" loading=\"lazy\" \/>\t\t\t\t\t\t\t\t\t\t\t\t\t\t\t<\/div>\n\t\t\t\t<\/div>\n\t\t\t\t\t<\/div>\n\t\t\t\t<\/div>\n\t\t\t\t\t<\/div>\n\t\t\t\t<\/div>\n\t\t\t\t<\/div>\n\t\t\t\t\t<\/div>\n\t\t\t\t<\/div>\n\t\t<div class=\"elementor-element elementor-element-eaf6c1d e-flex e-con-boxed e-con e-child\" data-id=\"eaf6c1d\" data-element_type=\"container\" data-settings=\"{&quot;background_background&quot;:&quot;classic&quot;}\">\n\t\t\t\t\t<div class=\"e-con-inner\">\n\t\t<div class=\"elementor-element elementor-element-0e8a2f3 e-con-full e-flex e-con e-child\" data-id=\"0e8a2f3\" data-element_type=\"container\">\n\t\t\t\t<div class=\"elementor-element elementor-element-8220d6c elementor-widget elementor-widget-heading\" data-id=\"8220d6c\" data-element_type=\"widget\" data-widget_type=\"heading.default\">\n\t\t\t\t<div class=\"elementor-widget-container\">\n\t\t\t\t\t<h2 class=\"elementor-heading-title elementor-size-default\">KMO Village by KMOinsider<\/h2>\t\t\t\t<\/div>\n\t\t\t\t<\/div>\n\t\t\t\t<div class=\"elementor-element elementor-element-ffc328e elementor-widget elementor-widget-text-editor\" data-id=\"ffc328e\" data-element_type=\"widget\" data-widget_type=\"text-editor.default\">\n\t\t\t\t<div class=\"elementor-widget-container\">\n\t\t\t\t\t\t\t\t\t<p>R\u00e9seauter avec des entrepreneurs, \u00e9changer avec des partenaires de Transport &amp; Logistics, d\u00e9couvrir les derni\u00e8res tendances et faire le plein d&rsquo;\u00e9nergie lors de cocktails de r\u00e9seautage&#8230; Le pavillon de KMO-Insider est l&rsquo;endroit id\u00e9al pour cela. Venez nous rendre visite !<\/p>\n\t\t\t\t\t\t\t\t<\/div>\n\t\t\t\t<\/div>\n\t\t<div class=\"elementor-element elementor-element-6b35b1b e-con-full e-flex e-con e-child\" data-id=\"6b35b1b\" data-element_type=\"container\">\n\t\t\t\t<div class=\"elementor-element elementor-element-516a647 elementor-widget elementor-widget-image\" data-id=\"516a647\" data-element_type=\"widget\" data-widget_type=\"image.default\">\n\t\t\t\t<div class=\"elementor-widget-container\">\n\t\t\t\t\t\t\t\t\t\t\t\t\t\t\t<img decoding=\"async\" width=\"300\" height=\"137\" src=\"https:\/\/easyfairsassets.com\/sites\/239\/2024\/06\/logo-KMOinsider_1820x830-300x137.jpg\" class=\"attachment-medium size-medium wp-image-63161\" alt=\"logo kmoinsider\" srcset=\"https:\/\/easyfairsassets.com\/sites\/239\/2024\/06\/logo-KMOinsider_1820x830-300x137.jpg 300w, https:\/\/easyfairsassets.com\/sites\/239\/2024\/06\/logo-KMOinsider_1820x830-1024x467.jpg 1024w, https:\/\/easyfairsassets.com\/sites\/239\/2024\/06\/logo-KMOinsider_1820x830-768x350.jpg 768w, https:\/\/easyfairsassets.com\/sites\/239\/2024\/06\/logo-KMOinsider_1820x830.jpg 1200w\" sizes=\"(max-width: 300px) 100vw, 300px\" \/>\t\t\t\t\t\t\t\t\t\t\t\t\t\t\t<\/div>\n\t\t\t\t<\/div>\n\t\t\t\t<div class=\"elementor-element elementor-element-b8ece50 elementor-widget elementor-widget-image\" data-id=\"b8ece50\" data-element_type=\"widget\" data-widget_type=\"image.default\">\n\t\t\t\t<div class=\"elementor-widget-container\">\n\t\t\t\t\t\t\t\t\t\t\t\t\t\t\t<img decoding=\"async\" width=\"300\" height=\"107\" src=\"https:\/\/easyfairsassets.com\/sites\/239\/2023\/05\/sdworx-1-300x107.png\" class=\"attachment-medium size-medium wp-image-30475\" alt=\"\" srcset=\"https:\/\/easyfairsassets.com\/sites\/239\/2023\/05\/sdworx-1-300x107.png 300w, https:\/\/easyfairsassets.com\/sites\/239\/2023\/05\/sdworx-1.png 551w\" sizes=\"(max-width: 300px) 100vw, 300px\" \/>\t\t\t\t\t\t\t\t\t\t\t\t\t\t\t<\/div>\n\t\t\t\t<\/div>\n\t\t\t\t<div class=\"elementor-element elementor-element-0194cdd elementor-widget elementor-widget-image\" data-id=\"0194cdd\" data-element_type=\"widget\" data-widget_type=\"image.default\">\n\t\t\t\t<div class=\"elementor-widget-container\">\n\t\t\t\t\t\t\t\t\t\t\t\t\t\t\t<img decoding=\"async\" width=\"256\" height=\"150\" src=\"https:\/\/easyfairsassets.com\/sites\/239\/2024\/08\/allescloud.jpg\" class=\"attachment-medium size-medium wp-image-70290\" alt=\"\" \/>\t\t\t\t\t\t\t\t\t\t\t\t\t\t\t<\/div>\n\t\t\t\t<\/div>\n\t\t\t\t<div class=\"elementor-element elementor-element-ac2a222 elementor-widget elementor-widget-image\" data-id=\"ac2a222\" data-element_type=\"widget\" data-widget_type=\"image.default\">\n\t\t\t\t<div class=\"elementor-widget-container\">\n\t\t\t\t\t\t\t\t\t\t\t\t\t\t\t<img loading=\"lazy\" decoding=\"async\" width=\"300\" height=\"102\" src=\"https:\/\/easyfairsassets.com\/sites\/239\/2024\/08\/uvotec-300x102.png\" class=\"attachment-medium size-medium wp-image-70287\" alt=\"\" srcset=\"https:\/\/easyfairsassets.com\/sites\/239\/2024\/08\/uvotec-300x102.png 300w, https:\/\/easyfairsassets.com\/sites\/239\/2024\/08\/uvotec.png 419w\" sizes=\"(max-width: 300px) 100vw, 300px\" \/>\t\t\t\t\t\t\t\t\t\t\t\t\t\t\t<\/div>\n\t\t\t\t<\/div>\n\t\t\t\t<\/div>\n\t\t\t\t<\/div>\n\t\t<div class=\"elementor-element elementor-element-b6d2819 e-con-full e-flex e-con e-child\" data-id=\"b6d2819\" data-element_type=\"container\" data-settings=\"{&quot;background_background&quot;:&quot;classic&quot;}\">\n\t\t\t\t<div class=\"elementor-element elementor-element-046eb8a elementor-widget elementor-widget-image\" data-id=\"046eb8a\" data-element_type=\"widget\" data-widget_type=\"image.default\">\n\t\t\t\t<div class=\"elementor-widget-container\">\n\t\t\t\t\t\t\t\t\t\t\t\t\t\t\t<img loading=\"lazy\" decoding=\"async\" width=\"799\" height=\"533\" src=\"https:\/\/easyfairsassets.com\/sites\/239\/2025\/10\/54887865893_90d637eb86_c.jpg\" class=\"attachment-large size-large wp-image-131287\" alt=\"\" srcset=\"https:\/\/easyfairsassets.com\/sites\/239\/2025\/10\/54887865893_90d637eb86_c.jpg 799w, https:\/\/easyfairsassets.com\/sites\/239\/2025\/10\/54887865893_90d637eb86_c-300x200.jpg 300w, https:\/\/easyfairsassets.com\/sites\/239\/2025\/10\/54887865893_90d637eb86_c-768x512.jpg 768w\" sizes=\"(max-width: 799px) 100vw, 799px\" \/>\t\t\t\t\t\t\t\t\t\t\t\t\t\t\t<\/div>\n\t\t\t\t<\/div>\n\t\t\t\t<\/div>\n\t\t\t\t\t<\/div>\n\t\t\t\t<\/div>\n\t\t\t\t\t<\/div>\n\t\t\t\t<\/div>\n\t\t\t\t<\/div>\n\t\t\t\t<\/div>\n\t\t","protected":false},"excerpt":{"rendered":"<p>KMOinsider &amp;\u00a0Business@Breakfast Mardi 22 septembre &#8211; 10h Business @ Breakfast Comme chaque ann\u00e9e, KMOinsider ouvre le salon avec le Business@Breakfast. La toute premi\u00e8re occasion de r\u00e9seauter pour d\u00e9marrer ces deux jours. Vous serez l\u00e0 ? Rejoignez-nous \u00e0 10 h, d\u00e8s l&rsquo;ouverture du salon, et savourez un d\u00e9licieux petit-d\u00e9jeuner avant de commencer par un d\u00e9bat passionnant [&hellip;]<\/p>\n","protected":false},"author":949,"featured_media":0,"parent":63117,"menu_order":0,"comment_status":"closed","ping_status":"closed","template":"","meta":{"_seopress_robots_primary_cat":"","_seopress_titles_title":"KMOinsider - Transport & Logistics Gand","_seopress_titles_desc":"KMOinsider programme de la conf\u00e9rence| Transport & Logistics Gand 2026","_seopress_robots_index":"","footnotes":""},"class_list":["post-63480","page","type-page","status-publish","hentry"],"_links":{"self":[{"href":"https:\/\/www.transport-logistics.be\/fr\/wp-json\/wp\/v2\/pages\/63480","targetHints":{"allow":["GET"]}}],"collection":[{"href":"https:\/\/www.transport-logistics.be\/fr\/wp-json\/wp\/v2\/pages"}],"about":[{"href":"https:\/\/www.transport-logistics.be\/fr\/wp-json\/wp\/v2\/types\/page"}],"author":[{"embeddable":true,"href":"https:\/\/www.transport-logistics.be\/fr\/wp-json\/wp\/v2\/users\/949"}],"replies":[{"embeddable":true,"href":"https:\/\/www.transport-logistics.be\/fr\/wp-json\/wp\/v2\/comments?post=63480"}],"version-history":[{"count":3,"href":"https:\/\/www.transport-logistics.be\/fr\/wp-json\/wp\/v2\/pages\/63480\/revisions"}],"predecessor-version":[{"id":131295,"href":"https:\/\/www.transport-logistics.be\/fr\/wp-json\/wp\/v2\/pages\/63480\/revisions\/131295"}],"up":[{"embeddable":true,"href":"https:\/\/www.transport-logistics.be\/fr\/wp-json\/wp\/v2\/pages\/63117"}],"wp:attachment":[{"href":"https:\/\/www.transport-logistics.be\/fr\/wp-json\/wp\/v2\/media?parent=63480"}],"curies":[{"name":"wp","href":"https:\/\/api.w.org\/{rel}","templated":true}]}}