{"id":63484,"date":"2024-06-13T14:37:52","date_gmt":"2024-06-13T12:37:52","guid":{"rendered":"https:\/\/www.transport-logistics.be\/partnervillage\/"},"modified":"2025-10-24T09:10:16","modified_gmt":"2025-10-24T07:10:16","slug":"partnervillage","status":"publish","type":"page","link":"https:\/\/www.transport-logistics.be\/fr\/gand\/partnervillage\/","title":{"rendered":"Partnervillage"},"content":{"rendered":"\t\t<div data-elementor-type=\"wp-page\" data-elementor-id=\"63484\" class=\"elementor elementor-63484 elementor-63328\" data-elementor-post-type=\"page\">\n\t\t\t\t\t\t<section class=\"elementor-section elementor-top-section elementor-element elementor-element-5c7a5fa elementor-section-boxed elementor-section-height-default elementor-section-height-default\" data-id=\"5c7a5fa\" data-element_type=\"section\">\n\t\t\t\t\t\t<div class=\"elementor-container elementor-column-gap-default\">\n\t\t\t\t\t<div class=\"elementor-column elementor-col-100 elementor-top-column elementor-element elementor-element-9fe94fd\" data-id=\"9fe94fd\" data-element_type=\"column\">\n\t\t\t<div class=\"elementor-widget-wrap elementor-element-populated\">\n\t\t\t\t\t\t<div class=\"elementor-element elementor-element-743dcd6 elementor-widget elementor-widget-text-editor\" data-id=\"743dcd6\" data-element_type=\"widget\" data-widget_type=\"text-editor.default\">\n\t\t\t\t<div class=\"elementor-widget-container\">\n\t\t\t\t\t\t\t\t\t<h1 style=\"text-align: center;\">Partenaires et f\u00e9d\u00e9rations<\/h1>\n\t\t\t\t\t\t\t\t<\/div>\n\t\t\t\t<\/div>\n\t\t\t\t\t<\/div>\n\t\t<\/div>\n\t\t\t\t\t<\/div>\n\t\t<\/section>\n\t\t<div class=\"elementor-element elementor-element-c71fc35 e-con-full e-flex e-con e-parent\" data-id=\"c71fc35\" data-element_type=\"container\" data-settings=\"{&quot;background_background&quot;:&quot;classic&quot;}\">\n\t\t<div class=\"elementor-element elementor-element-e52f93f e-flex e-con-boxed e-con e-child\" data-id=\"e52f93f\" data-element_type=\"container\">\n\t\t\t\t\t<div class=\"e-con-inner\">\n\t\t<div class=\"elementor-element elementor-element-2f0c3c1 e-flex e-con-boxed e-con e-child\" data-id=\"2f0c3c1\" data-element_type=\"container\" data-settings=\"{&quot;background_background&quot;:&quot;classic&quot;}\">\n\t\t\t\t\t<div class=\"e-con-inner\">\n\t\t<div class=\"elementor-element elementor-element-31faf7f e-con-full elementor-hidden-mobile e-flex e-con e-child\" data-id=\"31faf7f\" data-element_type=\"container\" data-settings=\"{&quot;background_background&quot;:&quot;classic&quot;}\">\n\t\t\t\t<\/div>\n\t\t<div class=\"elementor-element elementor-element-39c5fc4 e-con-full elementor-hidden-mobile e-flex e-con e-child\" data-id=\"39c5fc4\" data-element_type=\"container\">\n\t\t\t\t<div class=\"elementor-element elementor-element-f15d1ff elementor-widget elementor-widget-heading\" data-id=\"f15d1ff\" data-element_type=\"widget\" data-widget_type=\"heading.default\">\n\t\t\t\t<div class=\"elementor-widget-container\">\n\t\t\t\t\t<h2 class=\"elementor-heading-title elementor-size-default\">Partenaires<\/h2>\t\t\t\t<\/div>\n\t\t\t\t<\/div>\n\t\t\t\t<div class=\"elementor-element elementor-element-001aff9 elementor-widget elementor-widget-text-editor\" data-id=\"001aff9\" data-element_type=\"widget\" data-widget_type=\"text-editor.default\">\n\t\t\t\t<div class=\"elementor-widget-container\">\n\t\t\t\t\t\t\t\t\t<p>Des experts, des f\u00e9d\u00e9rations sectorielles et des centres de recherche sont \u00e0 votre disposition pour vous fournir des conseils cibl\u00e9s. Ils sont \u00e0 l&rsquo;\u00e9coute de vos d\u00e9fis et de vos besoins, et les traduisent en solutions. La communaut\u00e9 \u00ab Transport &amp; Logistics \u00bb sert de caisse de r\u00e9sonance \u00e0 cette pr\u00e9cieuse plateforme de connaissances.<\/p>\n\t\t\t\t\t\t\t\t<\/div>\n\t\t\t\t<\/div>\n\t\t<div class=\"elementor-element elementor-element-a0cab2d e-con-full e-flex e-con e-child\" data-id=\"a0cab2d\" data-element_type=\"container\">\n\t\t\t\t<div class=\"elementor-element elementor-element-bd93386 elementor-widget elementor-widget-image\" data-id=\"bd93386\" data-element_type=\"widget\" data-widget_type=\"image.default\">\n\t\t\t\t<div class=\"elementor-widget-container\">\n\t\t\t\t\t\t\t\t\t\t\t\t\t\t\t<img decoding=\"async\" width=\"300\" height=\"107\" src=\"https:\/\/easyfairsassets.com\/sites\/239\/2024\/06\/KULEUVEN_CMYK_LOGO-300x107.jpg\" class=\"attachment-medium size-medium wp-image-63346\" alt=\"\" srcset=\"https:\/\/easyfairsassets.com\/sites\/239\/2024\/06\/KULEUVEN_CMYK_LOGO-300x107.jpg 300w, https:\/\/easyfairsassets.com\/sites\/239\/2024\/06\/KULEUVEN_CMYK_LOGO-1024x365.jpg 1024w, https:\/\/easyfairsassets.com\/sites\/239\/2024\/06\/KULEUVEN_CMYK_LOGO-768x274.jpg 768w, https:\/\/easyfairsassets.com\/sites\/239\/2024\/06\/KULEUVEN_CMYK_LOGO.jpg 1200w\" sizes=\"(max-width: 300px) 100vw, 300px\" \/>\t\t\t\t\t\t\t\t\t\t\t\t\t\t\t<\/div>\n\t\t\t\t<\/div>\n\t\t\t\t<div class=\"elementor-element elementor-element-3104345 elementor-widget elementor-widget-image\" data-id=\"3104345\" data-element_type=\"widget\" data-widget_type=\"image.default\">\n\t\t\t\t<div class=\"elementor-widget-container\">\n\t\t\t\t\t\t\t\t\t\t\t\t\t\t\t<img fetchpriority=\"high\" decoding=\"async\" width=\"300\" height=\"169\" src=\"https:\/\/easyfairsassets.com\/sites\/239\/2021\/08\/220103_SCM_logo_color_RGB-300x169.jpg\" class=\"attachment-medium size-medium wp-image-24239\" alt=\"\" srcset=\"https:\/\/easyfairsassets.com\/sites\/239\/2021\/08\/220103_SCM_logo_color_RGB-300x169.jpg 300w, https:\/\/easyfairsassets.com\/sites\/239\/2021\/08\/220103_SCM_logo_color_RGB-1024x576.jpg 1024w, https:\/\/easyfairsassets.com\/sites\/239\/2021\/08\/220103_SCM_logo_color_RGB-768x432.jpg 768w, https:\/\/easyfairsassets.com\/sites\/239\/2021\/08\/220103_SCM_logo_color_RGB-1536x864.jpg 1536w, https:\/\/easyfairsassets.com\/sites\/239\/2021\/08\/220103_SCM_logo_color_RGB.jpg 1920w\" sizes=\"(max-width: 300px) 100vw, 300px\" \/>\t\t\t\t\t\t\t\t\t\t\t\t\t\t\t<\/div>\n\t\t\t\t<\/div>\n\t\t\t\t<div class=\"elementor-element elementor-element-4cf5558 elementor-widget elementor-widget-image\" data-id=\"4cf5558\" data-element_type=\"widget\" data-widget_type=\"image.default\">\n\t\t\t\t<div class=\"elementor-widget-container\">\n\t\t\t\t\t\t\t\t\t\t\t\t\t\t\t<img decoding=\"async\" width=\"150\" height=\"150\" src=\"https:\/\/easyfairsassets.com\/sites\/239\/2024\/06\/febetra-d-blauw-300-dpi-150x150.jpg\" class=\"attachment-thumbnail size-thumbnail wp-image-63179\" alt=\"\" srcset=\"https:\/\/easyfairsassets.com\/sites\/239\/2024\/06\/febetra-d-blauw-300-dpi-150x150.jpg 150w, https:\/\/easyfairsassets.com\/sites\/239\/2024\/06\/febetra-d-blauw-300-dpi-298x300.jpg 298w, https:\/\/easyfairsassets.com\/sites\/239\/2024\/06\/febetra-d-blauw-300-dpi-1018x1024.jpg 1018w, https:\/\/easyfairsassets.com\/sites\/239\/2024\/06\/febetra-d-blauw-300-dpi-768x773.jpg 768w, https:\/\/easyfairsassets.com\/sites\/239\/2024\/06\/febetra-d-blauw-300-dpi.jpg 1193w\" sizes=\"(max-width: 150px) 100vw, 150px\" \/>\t\t\t\t\t\t\t\t\t\t\t\t\t\t\t<\/div>\n\t\t\t\t<\/div>\n\t\t\t\t<div class=\"elementor-element elementor-element-0f9a16e elementor-widget elementor-widget-image\" data-id=\"0f9a16e\" data-element_type=\"widget\" data-widget_type=\"image.default\">\n\t\t\t\t<div class=\"elementor-widget-container\">\n\t\t\t\t\t\t\t\t\t\t\t\t\t\t\t<img loading=\"lazy\" decoding=\"async\" width=\"300\" height=\"86\" src=\"https:\/\/easyfairsassets.com\/sites\/239\/2024\/06\/PICS_Belgium_horizontaal-1-300x86.jpg\" class=\"attachment-medium size-medium wp-image-63334\" alt=\"\" srcset=\"https:\/\/easyfairsassets.com\/sites\/239\/2024\/06\/PICS_Belgium_horizontaal-1-300x86.jpg 300w, https:\/\/easyfairsassets.com\/sites\/239\/2024\/06\/PICS_Belgium_horizontaal-1.jpg 428w\" sizes=\"(max-width: 300px) 100vw, 300px\" \/>\t\t\t\t\t\t\t\t\t\t\t\t\t\t\t<\/div>\n\t\t\t\t<\/div>\n\t\t\t\t<div class=\"elementor-element elementor-element-5bf2c23 elementor-widget elementor-widget-image\" data-id=\"5bf2c23\" data-element_type=\"widget\" data-widget_type=\"image.default\">\n\t\t\t\t<div class=\"elementor-widget-container\">\n\t\t\t\t\t\t\t\t\t\t\t\t\t\t\t<img loading=\"lazy\" decoding=\"async\" width=\"300\" height=\"89\" src=\"https:\/\/easyfairsassets.com\/sites\/239\/2024\/07\/portilog.png\" class=\"attachment-medium size-medium wp-image-66790\" alt=\"portilog\" \/>\t\t\t\t\t\t\t\t\t\t\t\t\t\t\t<\/div>\n\t\t\t\t<\/div>\n\t\t\t\t<div class=\"elementor-element elementor-element-7a2df25 elementor-widget elementor-widget-image\" data-id=\"7a2df25\" data-element_type=\"widget\" data-widget_type=\"image.default\">\n\t\t\t\t<div class=\"elementor-widget-container\">\n\t\t\t\t\t\t\t\t\t\t\t\t\t\t\t<img loading=\"lazy\" decoding=\"async\" width=\"150\" height=\"150\" src=\"https:\/\/easyfairsassets.com\/sites\/239\/2024\/06\/TLV-Logo-150x150.jpg\" class=\"attachment-thumbnail size-thumbnail wp-image-63167\" alt=\"\" srcset=\"https:\/\/easyfairsassets.com\/sites\/239\/2024\/06\/TLV-Logo-150x150.jpg 150w, https:\/\/easyfairsassets.com\/sites\/239\/2024\/06\/TLV-Logo-300x300.jpg 300w, https:\/\/easyfairsassets.com\/sites\/239\/2024\/06\/TLV-Logo-1024x1024.jpg 1024w, https:\/\/easyfairsassets.com\/sites\/239\/2024\/06\/TLV-Logo-768x768.jpg 768w, https:\/\/easyfairsassets.com\/sites\/239\/2024\/06\/TLV-Logo.jpg 1181w\" sizes=\"(max-width: 150px) 100vw, 150px\" \/>\t\t\t\t\t\t\t\t\t\t\t\t\t\t\t<\/div>\n\t\t\t\t<\/div>\n\t\t\t\t<\/div>\n\t\t\t\t<\/div>\n\t\t\t\t\t<\/div>\n\t\t\t\t<\/div>\n\t\t<div class=\"elementor-element elementor-element-098bbac e-flex e-con-boxed e-con e-child\" data-id=\"098bbac\" data-element_type=\"container\" data-settings=\"{&quot;background_background&quot;:&quot;classic&quot;}\">\n\t\t\t\t\t<div class=\"e-con-inner\">\n\t\t<div class=\"elementor-element elementor-element-c0b9114 e-con-full elementor-hidden-mobile e-flex e-con e-child\" data-id=\"c0b9114\" data-element_type=\"container\">\n\t\t\t\t<div class=\"elementor-element elementor-element-4bbb8d0 elementor-widget elementor-widget-heading\" data-id=\"4bbb8d0\" data-element_type=\"widget\" data-widget_type=\"heading.default\">\n\t\t\t\t<div class=\"elementor-widget-container\">\n\t\t\t\t\t<h2 class=\"elementor-heading-title elementor-size-default\">Simulateur de camion et de chariot \u00e9l\u00e9vateur VDAB<\/h2>\t\t\t\t<\/div>\n\t\t\t\t<\/div>\n\t\t\t\t<div class=\"elementor-element elementor-element-0327db1 elementor-widget elementor-widget-text-editor\" data-id=\"0327db1\" data-element_type=\"widget\" data-widget_type=\"text-editor.default\">\n\t\t\t\t<div class=\"elementor-widget-container\">\n\t\t\t\t\t\t\t\t\t<p>Bienvenue au VDAB, le Service flamand pour l&#8217;emploi et la formation professionnelle. Le VDAB est le service de l&#8217;emploi de la Flandre. D\u00e9couvrez si un emploi de chauffeur vous convient au stand du VDAB. En effet, lors du salon Transport &amp; Logistics, le VDAB apporte non seulement son simulateur de chariot \u00e9l\u00e9vateur, mais aussi, comme \u00e0 son habitude, son simulateur de camion.<\/p>\n\t\t\t\t\t\t\t\t<\/div>\n\t\t\t\t<\/div>\n\t\t\t\t<div class=\"elementor-element elementor-element-3d46e08 elementor-widget elementor-widget-image\" data-id=\"3d46e08\" data-element_type=\"widget\" data-widget_type=\"image.default\">\n\t\t\t\t<div class=\"elementor-widget-container\">\n\t\t\t\t\t\t\t\t\t\t\t\t\t\t\t<img decoding=\"async\" src=\"https:\/\/easyfairsassets.com\/sites\/239\/elementor\/thumbs\/cropped-215-rbw3sho5qv2ot935xs6h56eck0fej3vdarsg3aq8fk.png\" title=\"cropped.png\" alt=\"VDAB\" loading=\"lazy\" \/>\t\t\t\t\t\t\t\t\t\t\t\t\t\t\t<\/div>\n\t\t\t\t<\/div>\n\t\t\t\t<\/div>\n\t\t<div class=\"elementor-element elementor-element-2827adf e-con-full elementor-hidden-mobile e-flex e-con e-child\" data-id=\"2827adf\" data-element_type=\"container\" data-settings=\"{&quot;background_background&quot;:&quot;classic&quot;}\">\n\t\t\t\t<\/div>\n\t\t\t\t\t<\/div>\n\t\t\t\t<\/div>\n\t\t<div class=\"elementor-element elementor-element-ebc4c42 e-con-full e-flex e-con e-child\" data-id=\"ebc4c42\" data-element_type=\"container\" data-settings=\"{&quot;background_background&quot;:&quot;classic&quot;}\">\n\t\t<div class=\"elementor-element elementor-element-99569cb e-con-full e-flex e-con e-child\" data-id=\"99569cb\" data-element_type=\"container\" data-settings=\"{&quot;background_background&quot;:&quot;classic&quot;}\">\n\t\t\t\t<\/div>\n\t\t<div class=\"elementor-element elementor-element-d548934 e-con-full e-flex e-con e-child\" data-id=\"d548934\" data-element_type=\"container\" data-settings=\"{&quot;background_background&quot;:&quot;classic&quot;}\">\n\t\t\t\t<div class=\"elementor-element elementor-element-8255ed9 elementor-widget elementor-widget-heading\" data-id=\"8255ed9\" data-element_type=\"widget\" data-widget_type=\"heading.default\">\n\t\t\t\t<div class=\"elementor-widget-container\">\n\t\t\t\t\t<h2 class=\"elementor-heading-title elementor-size-default\">Mercy Ships<\/h2>\t\t\t\t<\/div>\n\t\t\t\t<\/div>\n\t\t\t\t<div class=\"elementor-element elementor-element-e3f9816 elementor-widget elementor-widget-text-editor\" data-id=\"e3f9816\" data-element_type=\"widget\" data-widget_type=\"text-editor.default\">\n\t\t\t\t<div class=\"elementor-widget-container\">\n\t\t\t\t\t\t\t\t\t<p>Depuis 1978, Mercy Ships rend les soins m\u00e9dicaux et chirurgicaux accessibles aux plus d\u00e9munis. Avec deux grands navires-h\u00f4pitaux priv\u00e9s, nous naviguons vers des pays o\u00f9 les populations n&rsquo;ont pas acc\u00e8s \u00e0 des soins m\u00e9dicaux et chirurgicaux abordables.<\/p>\n\t\t\t\t\t\t\t\t<\/div>\n\t\t\t\t<\/div>\n\t\t\t\t<div class=\"elementor-element elementor-element-badd37d elementor-widget elementor-widget-image\" data-id=\"badd37d\" data-element_type=\"widget\" data-widget_type=\"image.default\">\n\t\t\t\t<div class=\"elementor-widget-container\">\n\t\t\t\t\t\t\t\t\t\t\t\t\t\t\t<img decoding=\"async\" src=\"https:\/\/easyfairsassets.com\/sites\/239\/elementor\/thumbs\/MS_CYMK_Master-qqa25n1jua93wz5cbt4ethr88rphw7rph8n2omnlm8.jpg\" title=\"MS_CYMK_Master.jpg\" alt=\"Mercy Ships\" loading=\"lazy\" \/>\t\t\t\t\t\t\t\t\t\t\t\t\t\t\t<\/div>\n\t\t\t\t<\/div>\n\t\t\t\t<\/div>\n\t\t\t\t<\/div>\n\t\t\t\t\t<\/div>\n\t\t\t\t<\/div>\n\t\t\t\t<\/div>\n\t\t\t\t<\/div>\n\t\t","protected":false},"excerpt":{"rendered":"<p>Partenaires et f\u00e9d\u00e9rations Partenaires Des experts, des f\u00e9d\u00e9rations sectorielles et des centres de recherche sont \u00e0 votre disposition pour vous fournir des conseils cibl\u00e9s. Ils sont \u00e0 l&rsquo;\u00e9coute de vos d\u00e9fis et de vos besoins, et les traduisent en solutions. La communaut\u00e9 \u00ab Transport &amp; Logistics \u00bb sert de caisse de r\u00e9sonance \u00e0 cette pr\u00e9cieuse [&hellip;]<\/p>\n","protected":false},"author":949,"featured_media":0,"parent":63117,"menu_order":0,"comment_status":"closed","ping_status":"closed","template":"","meta":{"_seopress_robots_primary_cat":"","_seopress_titles_title":"Partnervillage - Transport & Logistics Gand","_seopress_titles_desc":"Partnervillage | Transport & Logistics Gand","_seopress_robots_index":"","footnotes":""},"class_list":["post-63484","page","type-page","status-publish","hentry"],"_links":{"self":[{"href":"https:\/\/www.transport-logistics.be\/fr\/wp-json\/wp\/v2\/pages\/63484","targetHints":{"allow":["GET"]}}],"collection":[{"href":"https:\/\/www.transport-logistics.be\/fr\/wp-json\/wp\/v2\/pages"}],"about":[{"href":"https:\/\/www.transport-logistics.be\/fr\/wp-json\/wp\/v2\/types\/page"}],"author":[{"embeddable":true,"href":"https:\/\/www.transport-logistics.be\/fr\/wp-json\/wp\/v2\/users\/949"}],"replies":[{"embeddable":true,"href":"https:\/\/www.transport-logistics.be\/fr\/wp-json\/wp\/v2\/comments?post=63484"}],"version-history":[{"count":3,"href":"https:\/\/www.transport-logistics.be\/fr\/wp-json\/wp\/v2\/pages\/63484\/revisions"}],"predecessor-version":[{"id":131185,"href":"https:\/\/www.transport-logistics.be\/fr\/wp-json\/wp\/v2\/pages\/63484\/revisions\/131185"}],"up":[{"embeddable":true,"href":"https:\/\/www.transport-logistics.be\/fr\/wp-json\/wp\/v2\/pages\/63117"}],"wp:attachment":[{"href":"https:\/\/www.transport-logistics.be\/fr\/wp-json\/wp\/v2\/media?parent=63484"}],"curies":[{"name":"wp","href":"https:\/\/api.w.org\/{rel}","templated":true}]}}