{"id":63491,"date":"2024-06-13T14:47:16","date_gmt":"2024-06-13T12:47:16","guid":{"rendered":"https:\/\/www.transport-logistics.be\/trends-transport-logistics-gazelles\/"},"modified":"2025-10-29T11:55:54","modified_gmt":"2025-10-29T10:55:54","slug":"trends-transport-logistics-gazelles","status":"publish","type":"page","link":"https:\/\/www.transport-logistics.be\/fr\/gand\/trends-transport-logistics-gazelles\/","title":{"rendered":"Trends Transport &#038; Logistics Gazelles"},"content":{"rendered":"\t\t<div data-elementor-type=\"wp-page\" data-elementor-id=\"63491\" class=\"elementor elementor-63491 elementor-63365\" data-elementor-post-type=\"page\">\n\t\t\t\t<div class=\"elementor-element elementor-element-858ae23 e-con-full e-flex e-con e-parent\" data-id=\"858ae23\" data-element_type=\"container\" data-settings=\"{&quot;background_background&quot;:&quot;classic&quot;}\">\n\t\t<div class=\"elementor-element elementor-element-72d2b8f e-con-full e-flex e-con e-child\" data-id=\"72d2b8f\" data-element_type=\"container\">\n\t\t\t\t<div class=\"elementor-element elementor-element-1ef6edd elementor-widget elementor-widget-heading\" data-id=\"1ef6edd\" data-element_type=\"widget\" data-widget_type=\"heading.default\">\n\t\t\t\t<div class=\"elementor-widget-container\">\n\t\t\t\t\t<h1 class=\"elementor-heading-title elementor-size-default\">Trends Transport &amp; Logistics Gazellen<\/h1>\t\t\t\t<\/div>\n\t\t\t\t<\/div>\n\t\t\t\t<div class=\"elementor-element elementor-element-a088579 elementor-widget elementor-widget-heading\" data-id=\"a088579\" data-element_type=\"widget\" data-widget_type=\"heading.default\">\n\t\t\t\t<div class=\"elementor-widget-container\">\n\t\t\t\t\t<h3 class=\"elementor-heading-title elementor-size-default\">Mardi 22 septembre 2026<\/h3>\t\t\t\t<\/div>\n\t\t\t\t<\/div>\n\t\t\t\t<\/div>\n\t\t<div class=\"elementor-element elementor-element-c45ec0f e-flex e-con-boxed e-con e-child\" data-id=\"c45ec0f\" data-element_type=\"container\">\n\t\t\t\t\t<div class=\"e-con-inner\">\n\t\t<div class=\"elementor-element elementor-element-9d5ca1f e-flex e-con-boxed e-con e-child\" data-id=\"9d5ca1f\" data-element_type=\"container\" data-settings=\"{&quot;background_background&quot;:&quot;classic&quot;}\">\n\t\t\t\t\t<div class=\"e-con-inner\">\n\t\t<div class=\"elementor-element elementor-element-04b890b e-con-full e-flex e-con e-child\" data-id=\"04b890b\" data-element_type=\"container\" data-settings=\"{&quot;background_background&quot;:&quot;slideshow&quot;,&quot;background_slideshow_gallery&quot;:[{&quot;id&quot;:131167,&quot;url&quot;:&quot;https:\\\/\\\/www.transport-logistics.be\\\/wp-content\\\/uploads\\\/sites\\\/239\\\/2025\\\/10\\\/54868770547_1d74d430df_c.jpg&quot;}],&quot;background_slideshow_loop&quot;:&quot;yes&quot;,&quot;background_slideshow_slide_duration&quot;:5000,&quot;background_slideshow_slide_transition&quot;:&quot;fade&quot;,&quot;background_slideshow_transition_duration&quot;:500}\">\n\t\t\t\t<\/div>\n\t\t<div class=\"elementor-element elementor-element-cece58a e-con-full e-flex e-con e-child\" data-id=\"cece58a\" data-element_type=\"container\">\n\t\t<div class=\"elementor-element elementor-element-7156197 e-flex e-con-boxed e-con e-child\" data-id=\"7156197\" data-element_type=\"container\">\n\t\t\t\t\t<div class=\"e-con-inner\">\n\t\t\t\t<div class=\"elementor-element elementor-element-9a7f8e4 elementor-widget elementor-widget-heading\" data-id=\"9a7f8e4\" data-element_type=\"widget\" data-widget_type=\"heading.default\">\n\t\t\t\t<div class=\"elementor-widget-container\">\n\t\t\t\t\t<h2 class=\"elementor-heading-title elementor-size-default\">Que sont les Gazelles ?<\/h2>\t\t\t\t<\/div>\n\t\t\t\t<\/div>\n\t\t\t\t<div class=\"elementor-element elementor-element-a07a549 elementor-widget elementor-widget-text-editor\" data-id=\"a07a549\" data-element_type=\"widget\" data-widget_type=\"text-editor.default\">\n\t\t\t\t<div class=\"elementor-widget-container\">\n\t\t\t\t\t\t\t\t\t<p>Il s&rsquo;agit des entreprises qui ont connu la plus forte croissance au cours des cinq derni\u00e8res ann\u00e9es. Les prix sont d\u00e9cern\u00e9s aux meilleures entreprises dans trois cat\u00e9gories : les petites, les moyennes et enfin les grandes entreprises.<\/p>\n<p>En r\u00e9servant une table au Gazelles Transport &amp; Logistics 2025, vous offrez \u00e0 vos collaborateurs, clients ou prospects la possibilit\u00e9 de profiter d&rsquo;un \u00e9v\u00e9nement exclusif. En plus de la remise des prix, nous vous proposons cette ann\u00e9e un Business Summit, un repas gastronomique pr\u00e9par\u00e9 par un <strong>chef \u00e9toil\u00e9<\/strong>, une animation musicale et un after-drink avec possibilit\u00e9 <strong>de r\u00e9seautage<\/strong>. L&rsquo;utile et l&rsquo;agr\u00e9able combin\u00e9s de mani\u00e8re particuli\u00e8rement originale !<\/p>\n<p><strong>Programme<\/strong><\/p>\n<ul>\n<li>\u00c0 confirmer<\/li>\n<\/ul>\n<p>Vous souhaitez r\u00e9server des places ou des tables pour cet \u00e9v\u00e9nement VIP ? N&rsquo;h\u00e9sitez pas \u00e0 contacter Transportmedia (<a href=\"mailto:info@transportmedia.be\">info@transportmedia.be<\/a> ; 016 22 11 31).<\/p>\n\t\t\t\t\t\t\t\t<\/div>\n\t\t\t\t<\/div>\n\t\t\t\t\t<\/div>\n\t\t\t\t<\/div>\n\t\t\t\t<\/div>\n\t\t\t\t\t<\/div>\n\t\t\t\t<\/div>\n\t\t\t\t\t<\/div>\n\t\t\t\t<\/div>\n\t\t\t\t<\/div>\n\t\t<div class=\"elementor-element elementor-element-b45d80b e-flex e-con-boxed e-con e-parent\" data-id=\"b45d80b\" data-element_type=\"container\">\n\t\t\t\t\t<div class=\"e-con-inner\">\n\t\t\t\t<div class=\"elementor-element elementor-element-0cfefef elementor-widget elementor-widget-heading\" data-id=\"0cfefef\" data-element_type=\"widget\" data-widget_type=\"heading.default\">\n\t\t\t\t<div class=\"elementor-widget-container\">\n\t\t\t\t\t<h2 class=\"elementor-heading-title elementor-size-default\">Powered by<\/h2>\t\t\t\t<\/div>\n\t\t\t\t<\/div>\n\t\t\t\t\t<\/div>\n\t\t\t\t<\/div>\n\t\t<div class=\"elementor-element elementor-element-506f76b e-flex e-con-boxed e-con e-parent\" data-id=\"506f76b\" data-element_type=\"container\">\n\t\t\t\t\t<div class=\"e-con-inner\">\n\t\t\t\t<div class=\"elementor-element elementor-element-29c290f elementor-widget elementor-widget-image\" data-id=\"29c290f\" data-element_type=\"widget\" data-widget_type=\"image.default\">\n\t\t\t\t<div class=\"elementor-widget-container\">\n\t\t\t\t\t\t\t\t\t\t\t\t\t\t\t<img fetchpriority=\"high\" decoding=\"async\" width=\"400\" height=\"267\" src=\"https:\/\/easyfairsassets.com\/sites\/239\/2024\/06\/Transportmedia-logo.png\" class=\"attachment-large size-large wp-image-66614\" alt=\"Transportmedia - Transport &amp; Logistics 2024\" srcset=\"https:\/\/easyfairsassets.com\/sites\/239\/2024\/06\/Transportmedia-logo.png 400w, https:\/\/easyfairsassets.com\/sites\/239\/2024\/06\/Transportmedia-logo-300x200.png 300w\" sizes=\"(max-width: 400px) 100vw, 400px\" \/>\t\t\t\t\t\t\t\t\t\t\t\t\t\t\t<\/div>\n\t\t\t\t<\/div>\n\t\t\t\t\t<\/div>\n\t\t\t\t<\/div>\n\t\t\t\t<\/div>\n\t\t","protected":false},"excerpt":{"rendered":"<p>Trends Transport &amp; Logistics Gazellen Mardi 22 septembre 2026 Que sont les Gazelles ? Il s&rsquo;agit des entreprises qui ont connu la plus forte croissance au cours des cinq derni\u00e8res ann\u00e9es. Les prix sont d\u00e9cern\u00e9s aux meilleures entreprises dans trois cat\u00e9gories : les petites, les moyennes et enfin les grandes entreprises. En r\u00e9servant une table [&hellip;]<\/p>\n","protected":false},"author":949,"featured_media":0,"parent":63117,"menu_order":0,"comment_status":"closed","ping_status":"closed","template":"","meta":{"_seopress_robots_primary_cat":"","_seopress_titles_title":"Trends Transport & Logistics Gazelles - Transport & Logistics Gand","_seopress_titles_desc":"Trends Transport & Logistics Gazelles - Transport & Logistics Gand","_seopress_robots_index":"","footnotes":""},"class_list":["post-63491","page","type-page","status-publish","hentry"],"_links":{"self":[{"href":"https:\/\/www.transport-logistics.be\/fr\/wp-json\/wp\/v2\/pages\/63491","targetHints":{"allow":["GET"]}}],"collection":[{"href":"https:\/\/www.transport-logistics.be\/fr\/wp-json\/wp\/v2\/pages"}],"about":[{"href":"https:\/\/www.transport-logistics.be\/fr\/wp-json\/wp\/v2\/types\/page"}],"author":[{"embeddable":true,"href":"https:\/\/www.transport-logistics.be\/fr\/wp-json\/wp\/v2\/users\/949"}],"replies":[{"embeddable":true,"href":"https:\/\/www.transport-logistics.be\/fr\/wp-json\/wp\/v2\/comments?post=63491"}],"version-history":[{"count":4,"href":"https:\/\/www.transport-logistics.be\/fr\/wp-json\/wp\/v2\/pages\/63491\/revisions"}],"predecessor-version":[{"id":131258,"href":"https:\/\/www.transport-logistics.be\/fr\/wp-json\/wp\/v2\/pages\/63491\/revisions\/131258"}],"up":[{"embeddable":true,"href":"https:\/\/www.transport-logistics.be\/fr\/wp-json\/wp\/v2\/pages\/63117"}],"wp:attachment":[{"href":"https:\/\/www.transport-logistics.be\/fr\/wp-json\/wp\/v2\/media?parent=63491"}],"curies":[{"name":"wp","href":"https:\/\/api.w.org\/{rel}","templated":true}]}}