{"id":63590,"date":"2024-06-13T16:43:45","date_gmt":"2024-06-13T14:43:45","guid":{"rendered":"https:\/\/www.transport-logistics.be\/gand\/content-lp\/"},"modified":"2024-08-09T17:13:55","modified_gmt":"2024-08-09T15:13:55","slug":"content-lp","status":"publish","type":"page","link":"https:\/\/www.transport-logistics.be\/fr\/gand\/content-lp\/","title":{"rendered":"content-lp"},"content":{"rendered":"\t\t<div data-elementor-type=\"wp-page\" data-elementor-id=\"63590\" class=\"elementor elementor-63590 elementor-63510\" data-elementor-post-type=\"page\">\n\t\t\t\t<div class=\"elementor-element elementor-element-8099697 e-flex e-con-boxed e-con e-parent\" data-id=\"8099697\" data-element_type=\"container\" data-settings=\"{&quot;background_background&quot;:&quot;classic&quot;}\">\n\t\t\t\t\t<div class=\"e-con-inner\">\n\t\t<div class=\"elementor-element elementor-element-a29005e e-con-full e-flex e-con e-child\" data-id=\"a29005e\" data-element_type=\"container\">\n\t\t\t\t<div class=\"elementor-element elementor-element-237eb80 elementor-widget elementor-widget-text-editor\" data-id=\"237eb80\" data-element_type=\"widget\" data-widget_type=\"text-editor.default\">\n\t\t\t\t<div class=\"elementor-widget-container\">\n\t\t\t\t\t\t\t\t\t<h1>Le centre de r\u00e9seautage pour les professionnels du transport et de la logistique \u00e0 Gand<br \/>\n17 &amp; 18 sept<br \/>\nFlanders Expo<\/h1>\n\t\t\t\t\t\t\t\t<\/div>\n\t\t\t\t<\/div>\n\t\t\t\t<div class=\"elementor-element elementor-element-4a3f526 elementor-align-center elementor-widget elementor-widget-dynamic-button\" data-id=\"4a3f526\" data-element_type=\"widget\" data-widget_type=\"dynamic-button.default\">\n\t\t\t\t<div class=\"elementor-widget-container\">\n\t\t\t\t\t        <div class=\"elementor-button-wrapper\">\n            <a href=\"https:\/\/register.visitcloud.com\/survey\/0p8xqr7rgd1bc\" target=\"_blank\" class=\"elementor-button-link elementor-button elementor-size-sm\" role=\"button\">\n                        <span class=\"elementor-button-content-wrapper\">\n\t\t\t\t\t\t<span class=\"elementor-button-text\">Enregistrez-vous gratuitement<\/span>\n\t\t<\/span>\n                    <\/a>\n        <\/div>\n        \t\t\t\t<\/div>\n\t\t\t\t<\/div>\n\t\t\t\t<\/div>\n\t\t\t\t\t<\/div>\n\t\t\t\t<\/div>\n\t\t<div class=\"elementor-element elementor-element-c6c1d37 e-flex e-con-boxed e-con e-parent\" data-id=\"c6c1d37\" data-element_type=\"container\">\n\t\t\t\t\t<div class=\"e-con-inner\">\n\t\t<div class=\"elementor-element elementor-element-a65c847 e-con-full e-flex e-con e-child\" data-id=\"a65c847\" data-element_type=\"container\" data-settings=\"{&quot;background_background&quot;:&quot;classic&quot;}\">\n\t\t\t\t<div class=\"elementor-element elementor-element-7e3aa23 elementor-view-framed elementor-shape-circle elementor-widget elementor-widget-icon\" data-id=\"7e3aa23\" data-element_type=\"widget\" data-widget_type=\"icon.default\">\n\t\t\t\t<div class=\"elementor-widget-container\">\n\t\t\t\t\t\t\t<div class=\"elementor-icon-wrapper\">\n\t\t\t<div class=\"elementor-icon\">\n\t\t\t<i aria-hidden=\"true\" class=\"fas fa-shipping-fast\"><\/i>\t\t\t<\/div>\n\t\t<\/div>\n\t\t\t\t\t\t<\/div>\n\t\t\t\t<\/div>\n\t\t\t\t<div class=\"elementor-element elementor-element-ef42dc3 elementor-widget elementor-widget-text-editor\" data-id=\"ef42dc3\" data-element_type=\"widget\" data-widget_type=\"text-editor.default\">\n\t\t\t\t<div class=\"elementor-widget-container\">\n\t\t\t\t\t\t\t\t\t<p><strong>Transport et logistique<\/strong><br \/>\nEn combinant nos activit\u00e9s avec celles d&rsquo;Empack et de Logistic &amp; Industrial Build, nous sommes en mesure de proposer l&rsquo;ensemble de la cha\u00eene d&rsquo;approvisionnement : de l&#8217;emballage et du remplissage \u00e0 la logistique et au transport.<\/p>\n\t\t\t\t\t\t\t\t<\/div>\n\t\t\t\t<\/div>\n\t\t\t\t<\/div>\n\t\t<div class=\"elementor-element elementor-element-4b21dc5 e-con-full e-flex e-con e-child\" data-id=\"4b21dc5\" data-element_type=\"container\" data-settings=\"{&quot;background_background&quot;:&quot;classic&quot;}\">\n\t\t\t\t<div class=\"elementor-element elementor-element-0bff0d5 elementor-view-framed elementor-shape-circle elementor-widget elementor-widget-icon\" data-id=\"0bff0d5\" data-element_type=\"widget\" data-widget_type=\"icon.default\">\n\t\t\t\t<div class=\"elementor-widget-container\">\n\t\t\t\t\t\t\t<div class=\"elementor-icon-wrapper\">\n\t\t\t<div class=\"elementor-icon\">\n\t\t\t<i aria-hidden=\"true\" class=\"fas fa-laptop\"><\/i>\t\t\t<\/div>\n\t\t<\/div>\n\t\t\t\t\t\t<\/div>\n\t\t\t\t<\/div>\n\t\t\t\t<div class=\"elementor-element elementor-element-7a96147 elementor-widget elementor-widget-text-editor\" data-id=\"7a96147\" data-element_type=\"widget\" data-widget_type=\"text-editor.default\">\n\t\t\t\t<div class=\"elementor-widget-container\">\n\t\t\t\t\t\t\t\t\t<p><strong>Automatisation<\/strong><br \/>\nL&rsquo;intelligence artificielle, l&rsquo;IdO et la num\u00e9risation g\u00e9n\u00e9rale font partie de la modernisation des op\u00e9rations dans la cha\u00eene d&rsquo;approvisionnement.<\/p>\n\t\t\t\t\t\t\t\t<\/div>\n\t\t\t\t<\/div>\n\t\t\t\t<\/div>\n\t\t<div class=\"elementor-element elementor-element-3ad2401 e-con-full e-flex e-con e-child\" data-id=\"3ad2401\" data-element_type=\"container\" data-settings=\"{&quot;background_background&quot;:&quot;classic&quot;}\">\n\t\t\t\t<div class=\"elementor-element elementor-element-43521a0 elementor-view-framed elementor-shape-circle elementor-widget elementor-widget-icon\" data-id=\"43521a0\" data-element_type=\"widget\" data-widget_type=\"icon.default\">\n\t\t\t\t<div class=\"elementor-widget-container\">\n\t\t\t\t\t\t\t<div class=\"elementor-icon-wrapper\">\n\t\t\t<div class=\"elementor-icon\">\n\t\t\t<i aria-hidden=\"true\" class=\"fas fa-warehouse\"><\/i>\t\t\t<\/div>\n\t\t<\/div>\n\t\t\t\t\t\t<\/div>\n\t\t\t\t<\/div>\n\t\t\t\t<div class=\"elementor-element elementor-element-8d872a1 elementor-widget elementor-widget-text-editor\" data-id=\"8d872a1\" data-element_type=\"widget\" data-widget_type=\"text-editor.default\">\n\t\t\t\t<div class=\"elementor-widget-container\">\n\t\t\t\t\t\t\t\t\t<p><strong>Immobilier logistique<\/strong><br \/>\nL&rsquo;immobilier industriel et logistique a le vent en poupe. L&rsquo;immobilier du transport, de la logistique et de la logistique s&rsquo;int\u00e8gre parfaitement dans la communaut\u00e9.<\/p>\n\t\t\t\t\t\t\t\t<\/div>\n\t\t\t\t<\/div>\n\t\t\t\t<\/div>\n\t\t\t\t\t<\/div>\n\t\t\t\t<\/div>\n\t\t\t\t<section class=\"elementor-section elementor-top-section elementor-element elementor-element-8bdf4f9 elementor-section-boxed elementor-section-height-default elementor-section-height-default\" data-id=\"8bdf4f9\" data-element_type=\"section\">\n\t\t\t\t\t\t<div class=\"elementor-container elementor-column-gap-default\">\n\t\t\t\t\t<div class=\"elementor-column elementor-col-100 elementor-top-column elementor-element elementor-element-6094c14\" data-id=\"6094c14\" data-element_type=\"column\">\n\t\t\t<div class=\"elementor-widget-wrap elementor-element-populated\">\n\t\t\t\t\t\t<div class=\"elementor-element elementor-element-4fcd4e8 elementor-align-center elementor-widget elementor-widget-dynamic-button\" data-id=\"4fcd4e8\" data-element_type=\"widget\" data-widget_type=\"dynamic-button.default\">\n\t\t\t\t<div class=\"elementor-widget-container\">\n\t\t\t\t\t        <div class=\"elementor-button-wrapper\">\n            <a href=\"https:\/\/register.visitcloud.com\/survey\/0p8xqr7rgd1bc\" target=\"_blank\" class=\"elementor-button-link elementor-button elementor-size-sm\" role=\"button\">\n                        <span class=\"elementor-button-content-wrapper\">\n\t\t\t\t\t\t<span class=\"elementor-button-text\">Enregistrez-vous gratuitement<\/span>\n\t\t<\/span>\n                    <\/a>\n        <\/div>\n        \t\t\t\t<\/div>\n\t\t\t\t<\/div>\n\t\t\t\t\t<\/div>\n\t\t<\/div>\n\t\t\t\t\t<\/div>\n\t\t<\/section>\n\t\t<div class=\"elementor-element elementor-element-d28833b e-flex e-con-boxed e-con e-parent\" data-id=\"d28833b\" data-element_type=\"container\">\n\t\t\t\t\t<div class=\"e-con-inner\">\n\t\t\t\t<div class=\"elementor-element elementor-element-6d49bb6 elementor-widget elementor-widget-easyfairs-activities\" data-id=\"6d49bb6\" data-element_type=\"widget\" data-widget_type=\"easyfairs-activities.default\">\n\t\t\t\t<div class=\"elementor-widget-container\">\n\t\t\t\t\t        <div class=\"ef_scheduler scheduler-grid\">\n            <div class=\"view_switch\">\n                <div class=\"view_change hidden\"><span class=\"dashicons dashicons-calendar\"><\/span> View as timesheet<\/div>\n                <div class=\"view_change\"><span class=\"dashicons dashicons-editor-ul\"><\/span> View as list<\/div>\n            <\/div>\n\t\t\t<div class=\"scheduler_tabs\">\n\n           \t\t<input type=\"radio\" class=\"tab_change\" value=\"1\" id=\"scheduletab1\" name=\"tab\" checked>\n\t\t<label for=\"scheduletab1\">mardi 17 septembre 2024<\/label>\n\t\t\t\t<input type=\"radio\" class=\"tab_change\" value=\"2\" id=\"scheduletab2\" name=\"tab\" >\n\t\t<label for=\"scheduletab2\">mercredi 18 septembre 2024<\/label>\n\t\t\t\t\t<\/div>\n        <div class='easyfairs-schedule schedule-20240917' id='schedule1'>\t\t\t\t<\/div>\n\t\t\t<style>\n\t\t\t\t.schedule-20240917 {\n\t\t\t\t\tpadding-top: 2em;\n\t\t\t\t}\n\n\t\t\t\t@media screen and (min-width:700px) {\n\t\t\t\t\t.schedule-20240917 {\n\t\t\t\t\t\tdisplay: grid;\n\t\t\t\t\t\tgap: 1em;\n\t\t\t\t\t}\n\t\t\t\t}\n\n\t\t\t\t.schedule-20240917 {\n\n\t\t\t\t\t\tgrid-template-rows:\n\t\t\t\t\t\t\t[tracks] auto\n\n\t\t\t\t\t\t\t;\n\t\t\t\t\t\tgrid-template-columns:\n\t\t\t\t\t\t\t[times] 4.5em\n\t\t\t\t\t\t\t\t\t\t\t\t\t}\n\n\t\t\t\t\t.schedule-20240917 .time-slot {\n\t\t\t\t\t\tdisplay: grid;\n\t\t\t\t\t\tgrid-column: times;\n\t\t\t\t\t\tgrid-column-end: track-0;\n\t\t\t\t\t\tz-index: 1;\n\t\t\t\t\t}\n\t\t\t\t\t}\n\t\t\t\t}\n\t\t\t<\/style>\n\t\t<div class='easyfairs-schedule schedule-20240918 hidden' id='schedule2'>\t\t\t\t<\/div>\n\t\t\t<style>\n\t\t\t\t.schedule-20240918 {\n\t\t\t\t\tpadding-top: 2em;\n\t\t\t\t}\n\n\t\t\t\t@media screen and (min-width:700px) {\n\t\t\t\t\t.schedule-20240918 {\n\t\t\t\t\t\tdisplay: grid;\n\t\t\t\t\t\tgap: 1em;\n\t\t\t\t\t}\n\t\t\t\t}\n\n\t\t\t\t.schedule-20240918 {\n\n\t\t\t\t\t\tgrid-template-rows:\n\t\t\t\t\t\t\t[tracks] auto\n\n\t\t\t\t\t\t\t;\n\t\t\t\t\t\tgrid-template-columns:\n\t\t\t\t\t\t\t[times] 4.5em\n\t\t\t\t\t\t\t\t\t\t\t\t\t}\n\n\t\t\t\t\t.schedule-20240918 .time-slot {\n\t\t\t\t\t\tdisplay: grid;\n\t\t\t\t\t\tgrid-column: times;\n\t\t\t\t\t\tgrid-column-end: track-0;\n\t\t\t\t\t\tz-index: 1;\n\t\t\t\t\t}\n\t\t\t\t\t}\n\t\t\t\t}\n\t\t\t<\/style>\n\t\t\n\t\t\t<style>\n                .session {\n                    cursor:pointer !important;\n                }\n\n\t\t\t\t.view_change {\n\t\t\t\t\tcursor:pointer !important;\n\t\t\t\t\tdisplay:inline-block;\n\t\t\t\t}\n\n\t\t\t\t.view_change .dashicons::before {\n\t\t\t\t\tvertical-align:middle;\n\t\t\t\t\tdisplay:inline-block;\n\t\t\t\t}\n\n\t\t\t\t.view_switch {\n\t\t\t\t\tdisplay: none;\n\t\t\t\t\tpadding:16px;\n\t\t\t\t\tcolor: white;\n\t\t\t\t\tfont-size: 16px;\n\t\t\t\t}\n\n\t\t\t\t.time-slot {\n\t\t\t\t\tdisplay:none;\n\t\t\t\t}\n\n\t\t\t\t.session {\n\t\t\t\t\tdisplay:block;\n\t\t\t\t}\n\n\t\t\t\t.speaker {\n\t\t\t\t\tdisplay: flex;\n\t\t\t\t}\n\n\t\t\t\t.speaker_info {\n\t\t\t\t\tflex-grow: 1;\n\t\t\t\t}\n\n\t\t\t\t.speaker_name {\n\t\t\t\t\tfont-size: 16px;\n\t\t\t\t\tmargin-bottom: 8px;\n\t\t\t\t}\n\n\t\t\t\t.speaker_job_title {\n\t\t\t\t\tfont-size: 14px;\n\t\t\t\t}\n\n\t\t\t\t.session {\n\t\t\t\t\tpadding:16px;\n\t\t\t\t\tbackground-color: #1259B2;\n\t\t\t\t\tcolor: #fff !important;\n\t\t\t\t}\n\n\t\t\t\t.session .speaker .speaker_avatar {\n\t\t\t\t\twidth:32px;\n\t\t\t\t\theight:32px;\n\t\t\t\t\tborder-radius:50%;\n\t\t\t\t\tmargin-right:5px;\n\t\t\t\t}\n\n\t\t\t\t.tab_change {\n\t\t\t\t\tdisplay:none;\n\t\t\t\t}\n\n\t\t\t\t.ef_scheduler label {\n\t\t\t\t\tdisplay: inline-block;\n\t\t\t\t\tfont-size: 16px;\n\t\t\t\t\tpadding: 16px;\n\t\t\t\t\ttext-align: center;\n\t\t\t\t\tbackground: #f4f4f4;\n\t\t\t\t\tcolor: #555;\n\t\t\t\t\tposition: relative;\n\t\t\t\t\ttransition: 0.25s background ease;\n\t\t\t\t\tcursor: pointer;\n\t\t\t\t}\n\n\t\t\t\t@media screen and (min-width:700px) {\n\t\t\t\t\t.view_switch {\n\t\t\t\t\t\tdisplay:block;\n\t\t\t\t\t}\n\n\t\t\t\t\t.ef_scheduler:not(.scheduler-list) .session-location {\n\t\t\t\t\t\tdisplay:none !important;\n\t\t\t\t\t}\n\n\t\t\t\t}\n\n                @media screen and (max-width:699px) {\n                    .scheduler_tabs label {\n                        display:inline-block;\n                        float:left;\n                        width:50%;\n                    }\n\n                    .time-slot {\n                        display:none !important;\n                    }\n                }\n\n\t\t\t\t.scheduler-list .track-slot,\n\t\t\t\t.scheduler-list .time-slot {\n\t\t\t\t\tdisplay: none;\n\t\t\t\t}\n\n\t\t\t\t.scheduler-list .session-location {\n\t\t\t\t\tdisplay: inline-block;\n\t\t\t\t}\n\n\t\t\t\t@supports( display:grid ) {\n\t\t\t\t\t@media screen and (min-width:700px) {\n\t\t\t\t\t\t.ef_scheduler:not(.scheduler-list) .track-slot {\n\t\t\t\t\t\t\tdisplay: block;\n\t\t\t\t\t\t\tpadding: 10px 5px 5px;\n\t\t\t\t\t\t\tposition: sticky;\n\t\t\t\t\t\t\ttop: 0px;\n\t\t\t\t\t\t\tz-index: 1000;\n\t\t\t\t\t\t\tbackground-color: rgba(255,255,255,.9);\n\t\t\t\t\t\t}\n\n\t\t\t\t\t\t.session {\n\t\t\t\t\t\t\tmargin: 0;\n\t\t\t\t\t\t}\n\t\t\t\t\t}\n\t\t\t\t}\n                .easyfairs-schedule {\n                    clear:left;\n                }\n\n\t\t\t\t.scheduler-list .easyfairs-schedule {\n\t\t\t\t\tdisplay:block;\n\t\t\t\t}\n\n\t\t\t\t\/* Small-screen & fallback styles *\/\n\t\t\t\t.session {\n\t\t\t\t\tmargin-bottom:  1em;\n\t\t\t\t}\n\n\t\t\t\t.track-slot {\n\t\t\t\t\tdisplay:none;\n\t\t\t\t}\n\n\t\t\t\t.session {\n\t\t\t\t\tpadding: 16px;\n\t\t\t\t\tz-index:2;\n\t\t\t\t}\n\n\t\t\t\t.session-time {\n\t\t\t\t\tfont-size:16px;\n\t\t\t\t}\n\n\t\t\t\t.session-location {\n\t\t\t\t\tdisplay:inline-block;\n\t\t\t\t}\n\n\t\t\t\t.session_speakers {\n\t\t\t\t\tmargin-top:24px;\n\t\t\t\t}\n\n\t\t\t\t.session-title,\n\t\t\t\t {\n\t\t\t\t\tdisplay: block;\n\t\t\t\t }\n\n\t\t\t\t.session-time {\n\t\t\t\t\tdisplay: inline-block;\n\t\t\t\t}\n\n\t\t\t\t.session-title {\n\t\t\t\t\tmargin-bottom:8px;\n\t\t\t\t}\n\n\t\t\t\t.session-title,\n\t\t\t\t.time-slot {\n\t\t\t\t\tz-index:1;\n\t\t\t\t\tmargin: 0;\n\t\t\t\t\tfont-weight: 700;\n\t\t\t\t\tfont-size: 16px;\n\t\t\t\t}\n\n\t\t\t\t.track-all {\n\t\t\t\t\tdisplay: flex;\n\t\t\t\t\tjustify-content: center;\n\t\t\t\t\talign-items: center;\n\t\t\t\t\tbackground: #ccc;\n\t\t\t\t\tcolor: #000;\n\t\t\t\t\tbox-shadow: none;\n\t\t\t\t}\n\t\t\t<\/style>\n        <\/div>\t\t\t\t<\/div>\n\t\t\t\t<\/div>\n\t\t\t\t\t<\/div>\n\t\t\t\t<\/div>\n\t\t<div class=\"elementor-element elementor-element-db191b2 e-flex e-con-boxed e-con e-parent\" data-id=\"db191b2\" data-element_type=\"container\" data-settings=\"{&quot;background_background&quot;:&quot;classic&quot;}\">\n\t\t\t\t\t<div class=\"e-con-inner\">\n\t\t<div class=\"elementor-element elementor-element-c7d24d2 e-con-full e-flex e-con e-child\" data-id=\"c7d24d2\" data-element_type=\"container\" data-settings=\"{&quot;background_background&quot;:&quot;classic&quot;}\">\n\t\t\t\t<div class=\"elementor-element elementor-element-78c1fcc elementor-view-framed elementor-shape-circle elementor-widget elementor-widget-icon\" data-id=\"78c1fcc\" data-element_type=\"widget\" data-widget_type=\"icon.default\">\n\t\t\t\t<div class=\"elementor-widget-container\">\n\t\t\t\t\t\t\t<div class=\"elementor-icon-wrapper\">\n\t\t\t<div class=\"elementor-icon\">\n\t\t\t<i aria-hidden=\"true\" class=\"far fa-calendar-alt\"><\/i>\t\t\t<\/div>\n\t\t<\/div>\n\t\t\t\t\t\t<\/div>\n\t\t\t\t<\/div>\n\t\t\t\t<div class=\"elementor-element elementor-element-6df9521 elementor-widget elementor-widget-text-editor\" data-id=\"6df9521\" data-element_type=\"widget\" data-widget_type=\"text-editor.default\">\n\t\t\t\t<div class=\"elementor-widget-container\">\n\t\t\t\t\t\t\t\t\t<strong>17 &amp; 18 septembre 2024<\/strong>\r\nMardi 17\/09\/2024 : 10h00 &#8211; 18h00\r\n\r\nAfterwork event \u00e0 partir de 17h30 avec Logistic &amp; Industrial Build et Empack\r\n\r\n&nbsp;\r\n\r\nMercredi 18\/09\/2024 : 10 &#8211; 17h\t\t\t\t\t\t\t\t<\/div>\n\t\t\t\t<\/div>\n\t\t\t\t<\/div>\n\t\t<div class=\"elementor-element elementor-element-5515904 e-con-full e-flex e-con e-child\" data-id=\"5515904\" data-element_type=\"container\" data-settings=\"{&quot;background_background&quot;:&quot;classic&quot;}\">\n\t\t\t\t<div class=\"elementor-element elementor-element-310a041 elementor-view-framed elementor-shape-circle elementor-widget elementor-widget-icon\" data-id=\"310a041\" data-element_type=\"widget\" data-widget_type=\"icon.default\">\n\t\t\t\t<div class=\"elementor-widget-container\">\n\t\t\t\t\t\t\t<div class=\"elementor-icon-wrapper\">\n\t\t\t<div class=\"elementor-icon\">\n\t\t\t<i aria-hidden=\"true\" class=\"fas fa-map-marked-alt\"><\/i>\t\t\t<\/div>\n\t\t<\/div>\n\t\t\t\t\t\t<\/div>\n\t\t\t\t<\/div>\n\t\t\t\t<div class=\"elementor-element elementor-element-92d274e elementor-widget elementor-widget-text-editor\" data-id=\"92d274e\" data-element_type=\"widget\" data-widget_type=\"text-editor.default\">\n\t\t\t\t<div class=\"elementor-widget-container\">\n\t\t\t\t\t\t\t\t\t<h2>Flanders Expo<\/h2>\n<p>Maaltekouter 1<br \/>\n9051 Gand<\/p>\n\t\t\t\t\t\t\t\t<\/div>\n\t\t\t\t<\/div>\n\t\t\t\t<\/div>\n\t\t<div class=\"elementor-element elementor-element-baa4dbf e-con-full e-flex e-con e-child\" data-id=\"baa4dbf\" data-element_type=\"container\" data-settings=\"{&quot;background_background&quot;:&quot;classic&quot;}\">\n\t\t\t\t<div class=\"elementor-element elementor-element-4d022ec elementor-view-framed elementor-shape-circle elementor-widget elementor-widget-icon\" data-id=\"4d022ec\" data-element_type=\"widget\" data-widget_type=\"icon.default\">\n\t\t\t\t<div class=\"elementor-widget-container\">\n\t\t\t\t\t\t\t<div class=\"elementor-icon-wrapper\">\n\t\t\t<div class=\"elementor-icon\">\n\t\t\t<i aria-hidden=\"true\" class=\"fas fa-ticket-alt\"><\/i>\t\t\t<\/div>\n\t\t<\/div>\n\t\t\t\t\t\t<\/div>\n\t\t\t\t<\/div>\n\t\t\t\t<div class=\"elementor-element elementor-element-224f6a6 elementor-widget elementor-widget-text-editor\" data-id=\"224f6a6\" data-element_type=\"widget\" data-widget_type=\"text-editor.default\">\n\t\t\t\t<div class=\"elementor-widget-container\">\n\t\t\t\t\t\t\t\t\t<h2>Inscription gratuite<\/h2>\n<p>L&rsquo;inscription est gratuite mais obligatoire.<\/p>\n<p>1 ticket donne acc\u00e8s aux 3 expositions (Transport &amp; Logistics, Logistic &amp; Industrial Build et Empack)<\/p>\n\t\t\t\t\t\t\t\t<\/div>\n\t\t\t\t<\/div>\n\t\t\t\t<\/div>\n\t\t\t\t\t<\/div>\n\t\t\t\t<\/div>\n\t\t\t\t<section class=\"elementor-section elementor-top-section elementor-element elementor-element-89e52a7 elementor-section-boxed elementor-section-height-default elementor-section-height-default\" data-id=\"89e52a7\" data-element_type=\"section\" data-settings=\"{&quot;background_background&quot;:&quot;classic&quot;}\">\n\t\t\t\t\t\t<div class=\"elementor-container elementor-column-gap-default\">\n\t\t\t\t\t<div class=\"elementor-column elementor-col-100 elementor-top-column elementor-element elementor-element-40eae4b\" data-id=\"40eae4b\" data-element_type=\"column\">\n\t\t\t<div class=\"elementor-widget-wrap elementor-element-populated\">\n\t\t\t\t\t\t<div class=\"elementor-element elementor-element-7846796 elementor-countdown--label-block elementor-widget elementor-widget-countdown\" data-id=\"7846796\" data-element_type=\"widget\" data-widget_type=\"countdown.default\">\n\t\t\t\t<div class=\"elementor-widget-container\">\n\t\t\t\t\t\t\t<div data-expire-actions=\"[{&quot;type&quot;:&quot;hide&quot;}]\" class=\"elementor-countdown-wrapper\" data-date=\"1726560000\">\n\t\t\t<div class=\"elementor-countdown-item\"><span class=\"elementor-countdown-digits elementor-countdown-days\"><\/span> <span class=\"elementor-countdown-label\">Days<\/span><\/div><div class=\"elementor-countdown-item\"><span class=\"elementor-countdown-digits elementor-countdown-hours\"><\/span> <span class=\"elementor-countdown-label\">Hours<\/span><\/div><div class=\"elementor-countdown-item\"><span class=\"elementor-countdown-digits elementor-countdown-minutes\"><\/span> <span class=\"elementor-countdown-label\">Minutes<\/span><\/div>\t\t<\/div>\n\t\t\t\t\t\t<\/div>\n\t\t\t\t<\/div>\n\t\t\t\t\t<\/div>\n\t\t<\/div>\n\t\t\t\t\t<\/div>\n\t\t<\/section>\n\t\t\t\t<\/div>\n\t\t","protected":false},"excerpt":{"rendered":"<p>Le centre de r\u00e9seautage pour les professionnels du transport et de la logistique \u00e0 Gand 17 &amp; 18 sept Flanders Expo Enregistrez-vous gratuitement Transport et logistique En combinant nos activit\u00e9s avec celles d&rsquo;Empack et de Logistic &amp; Industrial Build, nous sommes en mesure de proposer l&rsquo;ensemble de la cha\u00eene d&rsquo;approvisionnement : de l&#8217;emballage et du [&hellip;]<\/p>\n","protected":false},"author":949,"featured_media":0,"parent":63117,"menu_order":0,"comment_status":"closed","ping_status":"closed","template":"","meta":{"_seopress_robots_primary_cat":"","_seopress_titles_title":"Enregistrement - Transport & Logistics Gand","_seopress_titles_desc":"Enregistrez-vous ici pour visiter gratuitement Transport & Logistics Ghent les 17 & 18 septembre 2024.","_seopress_robots_index":"","footnotes":""},"class_list":["post-63590","page","type-page","status-publish","hentry"],"_links":{"self":[{"href":"https:\/\/www.transport-logistics.be\/fr\/wp-json\/wp\/v2\/pages\/63590","targetHints":{"allow":["GET"]}}],"collection":[{"href":"https:\/\/www.transport-logistics.be\/fr\/wp-json\/wp\/v2\/pages"}],"about":[{"href":"https:\/\/www.transport-logistics.be\/fr\/wp-json\/wp\/v2\/types\/page"}],"author":[{"embeddable":true,"href":"https:\/\/www.transport-logistics.be\/fr\/wp-json\/wp\/v2\/users\/949"}],"replies":[{"embeddable":true,"href":"https:\/\/www.transport-logistics.be\/fr\/wp-json\/wp\/v2\/comments?post=63590"}],"version-history":[{"count":5,"href":"https:\/\/www.transport-logistics.be\/fr\/wp-json\/wp\/v2\/pages\/63590\/revisions"}],"predecessor-version":[{"id":69492,"href":"https:\/\/www.transport-logistics.be\/fr\/wp-json\/wp\/v2\/pages\/63590\/revisions\/69492"}],"up":[{"embeddable":true,"href":"https:\/\/www.transport-logistics.be\/fr\/wp-json\/wp\/v2\/pages\/63117"}],"wp:attachment":[{"href":"https:\/\/www.transport-logistics.be\/fr\/wp-json\/wp\/v2\/media?parent=63590"}],"curies":[{"name":"wp","href":"https:\/\/api.w.org\/{rel}","templated":true}]}}