{"id":73368,"date":"2024-09-04T10:40:24","date_gmt":"2024-09-04T08:40:24","guid":{"rendered":"https:\/\/www.transport-logistics.be\/lapp-logistique-pour-les-exposants\/"},"modified":"2025-07-10T09:39:28","modified_gmt":"2025-07-10T07:39:28","slug":"lapp-logistique-pour-les-exposants","status":"publish","type":"page","link":"https:\/\/www.transport-logistics.be\/fr\/lapp-logistique-pour-les-exposants\/","title":{"rendered":"L&rsquo;App Logistique pour les exposants"},"content":{"rendered":"\t\t<div data-elementor-type=\"wp-page\" data-elementor-id=\"73368\" class=\"elementor elementor-73368 elementor-73223\" data-elementor-post-type=\"page\">\n\t\t\t\t<div class=\"elementor-element elementor-element-84c890c e-con-full e-flex e-con e-parent\" data-id=\"84c890c\" data-element_type=\"container\" data-settings=\"{&quot;background_background&quot;:&quot;classic&quot;}\">\n\t\t<div class=\"elementor-element elementor-element-c2a28bd e-flex e-con-boxed e-con e-child\" data-id=\"c2a28bd\" data-element_type=\"container\">\n\t\t\t\t\t<div class=\"e-con-inner\">\n\t\t<div class=\"elementor-element elementor-element-8041e98 e-flex e-con-boxed e-con e-child\" data-id=\"8041e98\" data-element_type=\"container\" data-settings=\"{&quot;background_background&quot;:&quot;classic&quot;}\">\n\t\t\t\t\t<div class=\"e-con-inner\">\n\t\t<div class=\"elementor-element elementor-element-b77741e e-con-full e-flex e-con e-child\" data-id=\"b77741e\" data-element_type=\"container\" data-settings=\"{&quot;background_background&quot;:&quot;classic&quot;}\">\n\t\t\t\t<\/div>\n\t\t<div class=\"elementor-element elementor-element-420dbce e-con-full e-flex e-con e-child\" data-id=\"420dbce\" data-element_type=\"container\">\n\t\t\t\t<div class=\"elementor-element elementor-element-943716c elementor-widget elementor-widget-heading\" data-id=\"943716c\" data-element_type=\"widget\" data-widget_type=\"heading.default\">\n\t\t\t\t<div class=\"elementor-widget-container\">\n\t\t\t\t\t<h2 class=\"elementor-heading-title elementor-size-default\">Optimisez votre participation aux salons avec l'application Logistics App<\/h2>\t\t\t\t<\/div>\n\t\t\t\t<\/div>\n\t\t\t\t<div class=\"elementor-element elementor-element-089979b elementor-widget elementor-widget-text-editor\" data-id=\"089979b\" data-element_type=\"widget\" data-widget_type=\"text-editor.default\">\n\t\t\t\t<div class=\"elementor-widget-container\">\n\t\t\t\t\t\t\t\t\t<p>D\u00e9couvrez notre nouvelle application \u00e9v\u00e9nementielle, dot\u00e9e de diverses fonctionnalit\u00e9s qui augmenteront votre visibilit\u00e9 avant, pendant et apr\u00e8s l&rsquo;\u00e9v\u00e9nement. L&rsquo;appli vous permet de vous connecter avec des clients, des prospects et des partenaires potentiels \u00e0 tout moment.<\/p>\n<p><strong>\ud83d\ude80 Pr\u00e9parez-vous en cr\u00e9ant votre profil et en invitant les membres de votre \u00e9quipe.<\/strong><\/p>\n<p>Les coordonn\u00e9es de l&rsquo;entreprise sont pr\u00e9-remplies \u00e0 partir de My Easyfairs. Il ne vous reste plus qu&rsquo;\u00e0 pr\u00e9parer votre planning pendant l&rsquo;\u00e9v\u00e9nement avec l&rsquo;appli, permettant aux visiteurs de communiquer avec vous \u00e0 l&rsquo;avance et de planifier des rendez-vous lors de l&rsquo;\u00e9v\u00e9nement.<\/p>\n<p><strong>N&rsquo;attendez plus et installez l&rsquo;application Logistique d\u00e8s maintenant<\/strong> <strong>!<\/strong> Optimisez votre participation au salon, nouez de nouvelles relations et restez au courant de tout ce que Transport &amp; Logistics a \u00e0 offrir.<\/p>\n\t\t\t\t\t\t\t\t<\/div>\n\t\t\t\t<\/div>\n\t\t<div class=\"elementor-element elementor-element-f48204d e-flex e-con-boxed e-con e-child\" data-id=\"f48204d\" data-element_type=\"container\">\n\t\t\t\t\t<div class=\"e-con-inner\">\n\t\t<div class=\"elementor-element elementor-element-dec2843 e-con-full e-flex e-con e-child\" data-id=\"dec2843\" data-element_type=\"container\">\n\t\t\t\t<div class=\"elementor-element elementor-element-83ec6d5 elementor-widget elementor-widget-image\" data-id=\"83ec6d5\" data-element_type=\"widget\" data-widget_type=\"image.default\">\n\t\t\t\t<div class=\"elementor-widget-container\">\n\t\t\t\t\t\t\t\t\t\t\t\t\t\t\t\t<a href=\"https:\/\/play.google.com\/store\/apps\/details?id=events.grip.logistics1030\">\n\t\t\t\t\t\t\t<img decoding=\"async\" width=\"223\" height=\"73\" src=\"https:\/\/easyfairsassets.com\/sites\/239\/2024\/08\/playstore.png\" class=\"attachment-large size-large wp-image-70159\" alt=\"\" \/>\t\t\t\t\t\t\t\t<\/a>\n\t\t\t\t\t\t\t\t\t\t\t\t\t\t\t<\/div>\n\t\t\t\t<\/div>\n\t\t\t\t<\/div>\n\t\t<div class=\"elementor-element elementor-element-a7427ff e-con-full e-flex e-con e-child\" data-id=\"a7427ff\" data-element_type=\"container\">\n\t\t\t\t<div class=\"elementor-element elementor-element-db30b9f elementor-widget elementor-widget-image\" data-id=\"db30b9f\" data-element_type=\"widget\" data-widget_type=\"image.default\">\n\t\t\t\t<div class=\"elementor-widget-container\">\n\t\t\t\t\t\t\t\t\t\t\t\t\t\t\t\t<a href=\"https:\/\/apps.apple.com\/be\/app\/logistics-belgium\/id6593679487\">\n\t\t\t\t\t\t\t<img decoding=\"async\" width=\"233\" height=\"76\" src=\"https:\/\/easyfairsassets.com\/sites\/239\/2024\/08\/appstore.png\" class=\"attachment-large size-large wp-image-70162\" alt=\"\" \/>\t\t\t\t\t\t\t\t<\/a>\n\t\t\t\t\t\t\t\t\t\t\t\t\t\t\t<\/div>\n\t\t\t\t<\/div>\n\t\t\t\t<\/div>\n\t\t\t\t\t<\/div>\n\t\t\t\t<\/div>\n\t\t\t\t<\/div>\n\t\t\t\t\t<\/div>\n\t\t\t\t<\/div>\n\t\t<div class=\"elementor-element elementor-element-782f2eb e-flex e-con-boxed e-con e-child\" data-id=\"782f2eb\" data-element_type=\"container\" data-settings=\"{&quot;background_background&quot;:&quot;classic&quot;}\">\n\t\t\t\t\t<div class=\"e-con-inner\">\n\t\t<div class=\"elementor-element elementor-element-8237cba e-con-full e-flex e-con e-child\" data-id=\"8237cba\" data-element_type=\"container\">\n\t\t\t\t<div class=\"elementor-element elementor-element-4292a57 elementor-widget elementor-widget-heading\" data-id=\"4292a57\" data-element_type=\"widget\" data-widget_type=\"heading.default\">\n\t\t\t\t<div class=\"elementor-widget-container\">\n\t\t\t\t\t<h2 class=\"elementor-heading-title elementor-size-default\">Avantages de l'application logistique<\/h2>\t\t\t\t<\/div>\n\t\t\t\t<\/div>\n\t\t\t\t<div class=\"elementor-element elementor-element-a27762c elementor-widget elementor-widget-text-editor\" data-id=\"a27762c\" data-element_type=\"widget\" data-widget_type=\"text-editor.default\">\n\t\t\t\t<div class=\"elementor-widget-container\">\n\t\t\t\t\t\t\t\t\t<ol>\n<li><strong>Une mise en r\u00e9seau maximale :<\/strong> Augmentez vos chances d&rsquo;entrer en contact avec des professionnels partageant les m\u00eames id\u00e9es.<\/li>\n<li><strong>Des rendez-vous efficaces :<\/strong> Communiquez et planifiez facilement vos rendez-vous.<\/li>\n<li><strong>Exp\u00e9rience personnalis\u00e9e :<\/strong> adaptez votre exp\u00e9rience de l&rsquo;\u00e9v\u00e9nement \u00e0 vos objectifs professionnels.<\/li>\n<li><strong>Recevez des recommandations personnalis\u00e9es :<\/strong> L&rsquo;application vous sugg\u00e8re les connexions les plus pertinentes. Les personnes que vous \u00eates le plus susceptible de vouloir absolument rencontrer lors de l&rsquo;\u00e9v\u00e9nement, en fonction de vos pr\u00e9f\u00e9rences et de vos int\u00e9r\u00eats.<\/li>\n<\/ol>\n\t\t\t\t\t\t\t\t<\/div>\n\t\t\t\t<\/div>\n\t\t\t\t<\/div>\n\t\t<div class=\"elementor-element elementor-element-a815d8c e-con-full e-flex e-con e-child\" data-id=\"a815d8c\" data-element_type=\"container\" data-settings=\"{&quot;background_background&quot;:&quot;classic&quot;}\">\n\t\t\t\t<\/div>\n\t\t\t\t\t<\/div>\n\t\t\t\t<\/div>\n\t\t<div class=\"elementor-element elementor-element-101a0bf e-flex e-con-boxed e-con e-child\" data-id=\"101a0bf\" data-element_type=\"container\" data-settings=\"{&quot;background_background&quot;:&quot;classic&quot;}\">\n\t\t\t\t\t<div class=\"e-con-inner\">\n\t\t<div class=\"elementor-element elementor-element-18879cd e-con-full e-flex e-con e-child\" data-id=\"18879cd\" data-element_type=\"container\" data-settings=\"{&quot;background_background&quot;:&quot;classic&quot;}\">\n\t\t\t\t<\/div>\n\t\t<div class=\"elementor-element elementor-element-e866dbc e-con-full e-flex e-con e-child\" data-id=\"e866dbc\" data-element_type=\"container\">\n\t\t\t\t<div class=\"elementor-element elementor-element-fbbf241 elementor-widget elementor-widget-heading\" data-id=\"fbbf241\" data-element_type=\"widget\" data-widget_type=\"heading.default\">\n\t\t\t\t<div class=\"elementor-widget-container\">\n\t\t\t\t\t<h2 class=\"elementor-heading-title elementor-size-default\">Comment cela fonctionne-t-il ?<\/h2>\t\t\t\t<\/div>\n\t\t\t\t<\/div>\n\t\t\t\t<div class=\"elementor-element elementor-element-09fb403 elementor-widget elementor-widget-text-editor\" data-id=\"09fb403\" data-element_type=\"widget\" data-widget_type=\"text-editor.default\">\n\t\t\t\t<div class=\"elementor-widget-container\">\n\t\t\t\t\t\t\t\t\t<ol>\n<li><strong>Enregistrez votre personnel de stand :<\/strong> Apr\u00e8s l&rsquo;enregistrement, ils recevront un e-mail pour cr\u00e9er leur compte dans l&rsquo;application.<\/li>\n<li><strong>Pr\u00e9parez-vous en cr\u00e9ant votre profil et en invitant les membres de votre \u00e9quipe<\/strong><\/li>\n<li><strong>Les coordonn\u00e9es de votre entreprise sont pr\u00e9-remplies \u00e0 partir de My Easyfairs<\/strong>. Pr\u00e9parez simplement votre planning pendant l&rsquo;\u00e9v\u00e9nement en utilisant l&rsquo;application, afin que les visiteurs puissent communiquer avec vous \u00e0 l&rsquo;avance et planifier des rendez-vous pendant l&rsquo;\u00e9v\u00e9nement.<\/li>\n<li><strong>D\u00e9finissez votre profil d&rsquo;utilisateur :<\/strong> D\u00e9crivez-nous vos centres d&rsquo;int\u00e9r\u00eat et ce que vous recherchez pendant l&rsquo;\u00e9v\u00e9nement.<\/li>\n<li><strong>T\u00e9l\u00e9chargez l&rsquo;application :<\/strong> T\u00e9l\u00e9chargez l&rsquo;application et profitez de ses avantages \u00e0 tout moment et en tout lieu.<\/li>\n<\/ol>\n\t\t\t\t\t\t\t\t<\/div>\n\t\t\t\t<\/div>\n\t\t\t\t<\/div>\n\t\t\t\t\t<\/div>\n\t\t\t\t<\/div>\n\t\t\t\t\t<\/div>\n\t\t\t\t<\/div>\n\t\t\t\t<\/div>\n\t\t\t\t<\/div>\n\t\t","protected":false},"excerpt":{"rendered":"<p>Optimisez votre participation aux salons avec l&rsquo;application Logistics App D\u00e9couvrez notre nouvelle application \u00e9v\u00e9nementielle, dot\u00e9e de diverses fonctionnalit\u00e9s qui augmenteront votre visibilit\u00e9 avant, pendant et apr\u00e8s l&rsquo;\u00e9v\u00e9nement. L&rsquo;appli vous permet de vous connecter avec des clients, des prospects et des partenaires potentiels \u00e0 tout moment. \ud83d\ude80 Pr\u00e9parez-vous en cr\u00e9ant votre profil et en invitant les [&hellip;]<\/p>\n","protected":false},"author":949,"featured_media":0,"parent":0,"menu_order":0,"comment_status":"closed","ping_status":"closed","template":"","meta":{"_seopress_robots_primary_cat":"","_seopress_titles_title":"L'App Logistique","_seopress_titles_desc":"L'App Logistique","_seopress_robots_index":"","footnotes":""},"class_list":["post-73368","page","type-page","status-publish","hentry"],"_links":{"self":[{"href":"https:\/\/www.transport-logistics.be\/fr\/wp-json\/wp\/v2\/pages\/73368","targetHints":{"allow":["GET"]}}],"collection":[{"href":"https:\/\/www.transport-logistics.be\/fr\/wp-json\/wp\/v2\/pages"}],"about":[{"href":"https:\/\/www.transport-logistics.be\/fr\/wp-json\/wp\/v2\/types\/page"}],"author":[{"embeddable":true,"href":"https:\/\/www.transport-logistics.be\/fr\/wp-json\/wp\/v2\/users\/949"}],"replies":[{"embeddable":true,"href":"https:\/\/www.transport-logistics.be\/fr\/wp-json\/wp\/v2\/comments?post=73368"}],"version-history":[{"count":2,"href":"https:\/\/www.transport-logistics.be\/fr\/wp-json\/wp\/v2\/pages\/73368\/revisions"}],"predecessor-version":[{"id":93320,"href":"https:\/\/www.transport-logistics.be\/fr\/wp-json\/wp\/v2\/pages\/73368\/revisions\/93320"}],"wp:attachment":[{"href":"https:\/\/www.transport-logistics.be\/fr\/wp-json\/wp\/v2\/media?parent=73368"}],"curies":[{"name":"wp","href":"https:\/\/api.w.org\/{rel}","templated":true}]}}